{"id":15820,"date":"2026-03-19T15:14:42","date_gmt":"2026-03-19T14:14:42","guid":{"rendered":"https:\/\/opter.com\/storemen-logistics-oy\/"},"modified":"2026-03-19T15:32:18","modified_gmt":"2026-03-19T14:32:18","slug":"storemen-logistics-oy","status":"publish","type":"page","link":"https:\/\/opter.com\/fi\/storemen-logistics-oy\/","title":{"rendered":"Storemen Logistics Oy"},"content":{"rendered":"<div class=\"ImageHeadline\">\n      <div class=\"ImageHeadline-image\" style=\"background-image: url('https:\/\/opter.com\/wp-content\/uploads\/2026\/03\/storemen_hero_960x540.png')\">\n      <img loading=\"lazy\" decoding=\"async\" width=\"960\" height=\"540\" src=\"https:\/\/opter.com\/wp-content\/uploads\/2026\/03\/storemen_hero_960x540.png\" class=\"ImageHeadline-img\" alt=\"Storemen Logistics Oy\" srcset=\"https:\/\/opter.com\/wp-content\/uploads\/2026\/03\/storemen_hero_960x540.png 960w, https:\/\/opter.com\/wp-content\/uploads\/2026\/03\/storemen_hero_960x540-300x169.png 300w, https:\/\/opter.com\/wp-content\/uploads\/2026\/03\/storemen_hero_960x540-768x432.png 768w\" sizes=\"auto, (max-width: 960px) 100vw, 960px\" \/>\n    <\/div>\n    <h2 class=\"ImageHeadline-headline\">\u201dOpter antaa meille digitaalisen selk\u00e4rangan\u201d<\/h2>\n<\/div>\n\n\n\n\n<p><a href=\"https:\/\/www.storemen.fi\/\" target=\"_blank\" rel=\"noreferrer noopener\">Storemen Logistics Oy<\/a> on vastuullisen kuljetuslogistiikan edell\u00e4k\u00e4vij\u00e4. Kun raskas kalusto kulkee 90-prosenttisesti s\u00e4hk\u00f6ll\u00e4 tai kaasulla, tarvitaan yrityksen tavoitetasoa vastaava toiminnanohjausj\u00e4rjestelm\u00e4. <\/p>\n\n\n\n<p>Kun Marko \u201dTuikku\u201d Lyhty aloitti operatiivisena johtajana vuonna 2021, tavoite oli selv\u00e4: toiminta oli digitalisoitava tehokkuuden, selkeyden ja l\u00e4pin\u00e4kyvyyden varmistamiseksi.<\/p>\n\n\n\n<p>\u201dAiemmin ajoj\u00e4rjestely hoitui pitk\u00e4lti puheluiden ja s\u00e4hk\u00f6postien avulla, ja laskutus perustui paperisiin rahtikirjoihin. Tarvitsimme modernin ratkaisun, joka toisi toimintaan parempaa hallintaa ja tehokkuutta\u201d, Marko Lyhty kertoo. Valinta osui Opteriin. Nyky\u00e4\u00e4n tilausvirta siirtyy automaattisesti ja asiakkaat ovat antaneet eritt\u00e4in positiivista palautetta omasta asiakasportaalista. Markolle ja h\u00e4nen kollegoilleen j\u00e4rjestelm\u00e4 on tuonut t\u00e4ysin uudenlaista turvaa p\u00e4ivitt\u00e4iseen tekemiseen.<\/p>\n\n\n\n<p>\u201dSuurin hy\u00f6ty on se, ett\u00e4 voimme olla t\u00e4ysin varmoja tilausten hoitamisesta. Laskutusvuodot ovat k\u00e4yt\u00e4nn\u00f6ss\u00e4 poistuneet ja saamme kaiken datan helposti yhdell\u00e4 painalluksella.\u201d<\/p>\n\n\n\n<p>Hy\u00f6dynt\u00e4m\u00e4ll\u00e4 ty\u00f6kaluja, kuten digitaalisia kuittauksia (ePOD), ja seuraamalla ajoneuvokohtaista tuottoa reaaliajassa, yritys on rakentanut tehokkaan ja paperittoman toimintamallin. \u201dOpter antaa meille digitaalisen selk\u00e4rangan ja luo hyv\u00e4n pohjan my\u00f6s tulevalle kehityksellemme\u201d, Marko Lyhty lopettaa.<\/p>\n\n\n\n<h3 class=\"wp-block-heading\">Varaa esittely!<\/h3>\n\n\n\n<p>Haluatko kuulla lis\u00e4\u00e4? Kerromme mielell\u00e4mme, miten Opter toimii ja kuinka helposti p\u00e4\u00e4set alkuun.<\/p>\n\n\n<div class=\"BookADemo\">\n    <a class=\"BookADemo-link\" href=\"\/fi\/ota-yhteytta\/varaa-esittely\/\">\n      Varaa demo\n    <\/a>\n  <\/div>\n\n","protected":false},"excerpt":{"rendered":"<p>Storemen Logistics Oy on vastuullisen kuljetuslogistiikan edell\u00e4k\u00e4vij\u00e4. Kun raskas&hellip;<\/p>\n","protected":false},"author":18,"featured_media":15706,"parent":0,"menu_order":0,"comment_status":"closed","ping_status":"closed","template":"","meta":{"_acf_changed":false,"footnotes":""},"class_list":["post-15820","page","type-page","status-publish","has-post-thumbnail","hentry"],"acf":[],"_links":{"self":[{"href":"https:\/\/opter.com\/fi\/wp-json\/wp\/v2\/pages\/15820","targetHints":{"allow":["GET"]}}],"collection":[{"href":"https:\/\/opter.com\/fi\/wp-json\/wp\/v2\/pages"}],"about":[{"href":"https:\/\/opter.com\/fi\/wp-json\/wp\/v2\/types\/page"}],"author":[{"embeddable":true,"href":"https:\/\/opter.com\/fi\/wp-json\/wp\/v2\/users\/18"}],"replies":[{"embeddable":true,"href":"https:\/\/opter.com\/fi\/wp-json\/wp\/v2\/comments?post=15820"}],"version-history":[{"count":3,"href":"https:\/\/opter.com\/fi\/wp-json\/wp\/v2\/pages\/15820\/revisions"}],"predecessor-version":[{"id":15832,"href":"https:\/\/opter.com\/fi\/wp-json\/wp\/v2\/pages\/15820\/revisions\/15832"}],"wp:featuredmedia":[{"embeddable":true,"href":"https:\/\/opter.com\/fi\/wp-json\/wp\/v2\/media\/15706"}],"wp:attachment":[{"href":"https:\/\/opter.com\/fi\/wp-json\/wp\/v2\/media?parent=15820"}],"curies":[{"name":"wp","href":"https:\/\/api.w.org\/{rel}","templated":true}]}}