{"id":3015,"date":"2021-01-05T16:04:26","date_gmt":"2021-01-05T15:04:26","guid":{"rendered":"https:\/\/opter.com\/etusivu\/"},"modified":"2021-10-20T10:21:04","modified_gmt":"2021-10-20T08:21:04","slug":"etusivu","status":"publish","type":"page","link":"https:\/\/opter.com\/fi\/","title":{"rendered":"Etusivu"},"content":{"rendered":"<div class=\"hero-animation-container\">\n      <div class=\"Hero-animation js-animation\" data-path=\"https:\/\/opter.com\/wp-content\/uploads\/2020\/08\/hero_200708.json\"><\/div>\n    <\/div>\n  \n  <div class=\"Hero\">\n    <div class=\"Hero-content\">\n      <h1 class=\"Hero-title\">Tehokkaampaa kuljetustenhallintaa Opterilla<\/h1>\n              <h2 class=\"Hero-subTitle\">Haluatko kuulla kuinka moderni kuljetusliike digitalisoi tilausten hallinnan, kuljetusten suunnittelun, kommunikaation ja halllinnon?<\/h2>\n            <div class=\"Hero-buttons\">\n                  <a class=\"BookADemo-link\" href=\"https:\/\/opter.com\/fi\/ota-yhteytta\/\">\n            Varaa demo\n          <\/a>\n                <ul class=\"SocialLinks\">\n                      <li class=\"SocialLinks-item\"><a href=\"https:\/\/www.facebook.com\/OpterAB\/\"><img decoding=\"async\" src=\"https:\/\/opter.com\/wp-content\/themes\/opter\/dist\/images\/social-facebook_5d276d0a.svg\" alt=\"Opter on Facebook\"\/><\/a><\/li>\n                                <li class=\"SocialLinks-item\"><a href=\"https:\/\/www.linkedin.com\/company\/opter-suomi-oy\"><img decoding=\"async\" src=\"https:\/\/opter.com\/wp-content\/themes\/opter\/dist\/images\/social-linkedin_e303397d.svg\" alt=\"Opter on LinkedIn\"\/><\/a><\/li>\n                                          <li class=\"SocialLinks-item\"><a href=\"https:\/\/www.youtube.com\/channel\/UCQGSE0LEtala7XAlmIwnWUg\"><img decoding=\"async\" src=\"https:\/\/opter.com\/wp-content\/themes\/opter\/dist\/images\/social-youtube_169fd44e.svg\" alt=\"Opter on Youtube\"\/><\/a><\/li>\n                  <\/ul>\n      <\/div>\n    <\/div>\n  <\/div>\n\n\n<div class=\"AnimationTeaser AnimationTeaser--default\">\n    <div class=\"AnimationTeaser-content AnimationTeaser-content--default\">\n      <h2 class=\"AnimationTeaser-title\">Uudet tilaukset k\u00e4sitell\u00e4\u00e4n nopeasti ja varmasti<\/h2>\n      <div class=\"AnimationTeaser-intro\">\n        <p>Opterissa uusien tilausten vastaanottaminen k\u00e4y helposti puhelimitse, verkossa tai EDI-yhteyden kautta. Tilaus rekister\u00f6id\u00e4\u00e4n ja sit\u00e4 hallinnoidaan digitaalisesti aina varauksesta laskutukseen saakka.<\/p>\n      <\/div>\n      <div class=\"ReadMore js-accordion js-accordion--closed\" data-state=\"closed\">\n        <h3 class=\"ReadMore-title js-accordion-toggle\">Tilausten k\u00e4sittely Opterissa<\/h3>\n        <div class=\"ReadMore-content js-accordion-content\"><p>Kaikki vastaanotetut tilaukset k\u00e4sitell\u00e4\u00e4n Opterissa sujuvasti ja tehokkaasti. Mukautuvan tilauslomakkeen ansiosta tilausten kirjaaminen on aina helppoa ja joustavaa. Tarvittavat ja pakolliset tilaustiedot voidaan m\u00e4\u00e4ritell\u00e4 asiakaskohtaisesti Opterissa sek\u00e4 internetin tilausportaalissa.  <\/p>\n<p>Uuden tilauksen kirjaamisen my\u00f6t\u00e4 k\u00e4ynnistyy my\u00f6s laskutusprosessi. Kuljetuksen tilaaja voi saada hinta-arvion jo tilausta tehdess\u00e4\u00e4n esim osoitteiden, et\u00e4isyyden, asiakashinnaston ja muiden hinnoitteluparametrien perusteella. Kuljetuksen aikana asiakkaalta, ajoj\u00e4rjestelyst\u00e4 tai kuljettajalta tulleet muutokset kirjataan j\u00e4rjestelm\u00e4\u00e4n sek\u00e4 laskutustietoihin automaattisesti. Lasku on valmis l\u00e4hetett\u00e4v\u00e4ksi heti, kun kuljetus on suoritettu.<\/p>\n<p>Myyj\u00e4t ja muut Opterin k\u00e4ytt\u00e4j\u00e4t voivat helposti seurata tilauksia, tutkia tilastoja asiakkaiden tilauksista ja havaita ne asiakkaat joiden kohdalla tarvitaan toimenpiteit\u00e4.<\/p>\n<\/div>\n      <\/div>\n    <\/div>\n          <div class=\"AnimationTeaser-animation AnimationTeaser-animation--default js-animation\" data-path=\"https:\/\/opter.com\/wp-content\/uploads\/2020\/08\/orderhantering_200825.json\"><\/div>\n      <\/div>\n\n\n\n\n<div class=\"AnimationTeaser AnimationTeaser--alt\">\n    <div class=\"AnimationTeaser-content AnimationTeaser-content--alt\">\n      <h2 class=\"AnimationTeaser-title\"> Reaaliaikaiset tiedot helpottavat kuljetusten hallintaa<\/h2>\n      <div class=\"AnimationTeaser-intro\">\n        <p>Opter auttaa ajoj\u00e4rjestelij\u00e4\u00e4 tekem\u00e4\u00e4n oikeita p\u00e4\u00e4t\u00f6ksi\u00e4. Asiakkaiden kyselyt k\u00e4sitell\u00e4\u00e4n sujuvasti ja ajoneuvoja hy\u00f6dynnet\u00e4\u00e4n parhaalla tavalla.<\/p>\n      <\/div>\n      <div class=\"ReadMore js-accordion js-accordion--closed\" data-state=\"closed\">\n        <h3 class=\"ReadMore-title js-accordion-toggle\">Kuljetustenhallinta Opterissa<\/h3>\n        <div class=\"ReadMore-content js-accordion-content\"><p>K\u00e4ynniss\u00e4 olevat toimeksiannot ja vapaana olevat resurssit n\u00e4ytet\u00e4\u00e4n reaaliajassa, mik\u00e4 auttaa ajoj\u00e4rjestelij\u00f6it\u00e4 suunnittelemaan useampia ajoja lyhyemm\u00e4ss\u00e4 ajassa sek\u00e4 hy\u00f6dynt\u00e4m\u00e4\u00e4n k\u00e4ytett\u00e4viss\u00e4 olevia ajoneuvoja t\u00e4ysim\u00e4\u00e4r\u00e4isesti ja t\u00e4ten parantamaan asiakastyytyv\u00e4isyytt\u00e4.<\/p>\n<p>Viestint\u00e4 ajoj\u00e4rjestelij\u00e4n, kuljettajan, liikenn\u00f6itsij\u00e4n ja alihankkijoiden kanssa on sujuvaa. Kuljettaja saa tiedot puhelimeen tai tablettiin Opter Driver -sovelluksen kautta. Sovelluksen kautta statusten, muutosten ja kuittaustietojen kirjaaminen on helppoa. Ei unohduksia, eik\u00e4 vastaamattomia puheluita. Laskutusperusteet merkit\u00e4\u00e4n oikein ja aikaa j\u00e4\u00e4 uusien toimeksiantojen hoitamiseen.<\/p>\n<\/div>\n      <\/div>\n    <\/div>\n          <div class=\"AnimationTeaser-animation AnimationTeaser-animation--alt js-animation\" data-path=\"https:\/\/opter.com\/wp-content\/uploads\/2020\/08\/transportledning_200825.json\"><\/div>\n      <\/div>\n\n\n\n\n<div class=\"AnimationTeaser AnimationTeaser--default\">\n    <div class=\"AnimationTeaser-content AnimationTeaser-content--default\">\n      <h2 class=\"AnimationTeaser-title\">Kaikki langat k\u00e4siss\u00e4 Opter Driver -sovelluksen avulla<\/h2>\n      <div class=\"AnimationTeaser-intro\">\n        <p>Sovelluksen avulla kuljettajalla on aina kaikki tarpeellinen l\u00e4hetystieto saatavilla. Yhteydenpito asiakkaan ja ajoj\u00e4rjestelyn kanssa on helppoa. Kuljettajan ty\u00f6st\u00e4 tulee helpompaa, turvallisempaa ja hauskempaa.<\/p>\n      <\/div>\n      <div class=\"ReadMore js-accordion js-accordion--closed\" data-state=\"closed\">\n        <h3 class=\"ReadMore-title js-accordion-toggle\">Mobiiliviestint\u00e4 Opterissa<\/h3>\n        <div class=\"ReadMore-content js-accordion-content\"><p>Kuljettajat, joilla on kaikki tarvittavat tiedot, pystyv\u00e4t my\u00f6s kantamaan vastuunsa. Uusien toimeksiantojen aloittamiseen tarvittavat valmistelut minimoidaan ja tiedot ovat valmiina sovelluksessa.<\/p>\n<p>Asiakas ja ajoj\u00e4rjestely saavat reaaliaikaista tietoa toimeksiannon edistymisest\u00e4. Muuttuvat l\u00e4hetystiedot kirjataan j\u00e4rjestelm\u00e4\u00e4n helposti ja laskutusperuste muuntautuu automaattisesti. K\u00e4tev\u00e4t digitaaliset allekirjoitukset, kamera ja navigointi sis\u00e4ltyv\u00e4t palveluun.<\/p>\n<\/div>\n      <\/div>\n    <\/div>\n          <div class=\"AnimationTeaser-animation AnimationTeaser-animation--default js-animation\" data-path=\"https:\/\/opter.com\/wp-content\/uploads\/2020\/08\/forarapp_200825.json\"><\/div>\n      <\/div>\n\n\n<div class=\"AnimationTeaser AnimationTeaser--alt\">\n    <div class=\"AnimationTeaser-content AnimationTeaser-content--alt\">\n      <h2 class=\"AnimationTeaser-title\">Suoritettu toimeksianto laskutetaan oikein ja nopeasti<\/h2>\n      <div class=\"AnimationTeaser-intro\">\n        <p>Opterin avulla laskutus sujuu virheett\u00f6m\u00e4sti ja n\u00e4in minimoi my\u00f6s hallinnollisen ty\u00f6n m\u00e4\u00e4r\u00e4n. Laskutus k\u00e4ynnistyy jo varauksen yhteydess\u00e4 ja sit\u00e4 mukautetaan kuljetuksen aikana. Lasku l\u00e4hetet\u00e4\u00e4n, kun toimitus on toimitettu perille.<\/p>\n      <\/div>\n      <div class=\"ReadMore js-accordion js-accordion--closed\" data-state=\"closed\">\n        <h3 class=\"ReadMore-title js-accordion-toggle\">Laskutus ja hinnoittelu Opterissa<\/h3>\n        <div class=\"ReadMore-content js-accordion-content\"><p>Jokaiselle rekister\u00f6idylle tilaukselle luodaan lasku. Jos tilausta muutetaan, esimerkiksi kun l\u00e4hetyksen paino ei vastaa annettua, tiedot kirjataan j\u00e4rjestelm\u00e4\u00e4n ja laskun summa p\u00e4ivittyy automaattisesti. Kun l\u00e4hetys on toimitettu perille, my\u00f6s lasku on valmis l\u00e4hetett\u00e4v\u00e4ksi.<\/p>\n<p>Opter tarjoaa katsauksen asiakkaista, jotka ovat maksaneet laskunsa ja joille tarvitsee l\u00e4hett\u00e4\u00e4 muistutus. Liikenn\u00f6itsij\u00f6iden ja alihankkijoiden hallinnointi onnistuu yht\u00e4 k\u00e4tev\u00e4sti. <\/p>\n<\/div>\n      <\/div>\n    <\/div>\n          <div class=\"AnimationTeaser-animation AnimationTeaser-animation--alt js-animation\" data-path=\"https:\/\/opter.com\/wp-content\/uploads\/2020\/08\/fakturering_200825.json\"><\/div>\n      <\/div>\n\n\n<div class=\"AnimationTeaser AnimationTeaser--default\">\n    <div class=\"AnimationTeaser-content AnimationTeaser-content--default\">\n      <h2 class=\"AnimationTeaser-title\">Asiakastyytyv\u00e4isyytt\u00e4 varauksesta l\u00e4hetyksen toimitukseen saakka<\/h2>\n      <div class=\"AnimationTeaser-intro\">\n        <p>Opter auttaa tarjoamaan parempaa palvelua. Asiakkaat n\u00e4kev\u00e4t l\u00e4hetystiedot reaaliajassa EDI-ratkaisujen tai verkkopalvelun kautta.<\/p>\n      <\/div>\n      <div class=\"ReadMore js-accordion js-accordion--closed\" data-state=\"closed\">\n        <h3 class=\"ReadMore-title js-accordion-toggle\">Asiakkaiden Opter-verkkopalvelu ja EDI<\/h3>\n        <div class=\"ReadMore-content js-accordion-content\"><p>Toimeksiannon jatkuvasti p\u00e4ivittyv\u00e4t tiedot sek\u00e4 laatu- ja tilastotiedot ovat asiakkaille t\u00e4rkeit\u00e4. Henkil\u00f6kohtaisessa verkkopalvelussa asiakkaat voivat helposti varata kuljetuksia, tarkastaa hinnat, rahtikirjat, tilaushistorian ja laskut, seurata toimituksia ja tarkastella toimitusvahvistuksia (POD) ja allekirjoituksia. Viestinn\u00e4st\u00e4 tulee helpompaa, selke\u00e4mp\u00e4\u00e4 ja nopeampaa. Automatisoidut s\u00e4hk\u00f6posti- tai tekstiviesti-ilmoitukset parantavat sit\u00e4 edelleen.<\/p>\n<p>Varaukset ja muutokset v\u00e4litet\u00e4\u00e4n automaattisesti oman j\u00e4rjestelm\u00e4nne ja kuljetuksen ostajan j\u00e4rjestelm\u00e4n v\u00e4lill\u00e4 EDI-integraation avulla. Se vaatii v\u00e4hemm\u00e4n manuaalista ty\u00f6t\u00e4, mik\u00e4 s\u00e4\u00e4st\u00e4\u00e4 ty\u00f6ntekij\u00f6iden aikaa. Lis\u00e4ksi kaikki saavat oikeat tiedot nopeasti.<\/p>\n<p>Opter vahvistaa suhteita vanhoihin asiakkaisiin ja vapauttaa ty\u00f6aikaa uusien asiakassuhteiden muodostamiseen.<\/p>\n<\/div>\n      <\/div>\n    <\/div>\n          <div class=\"AnimationTeaser-animation AnimationTeaser-animation--default js-animation\" data-path=\"https:\/\/opter.com\/wp-content\/uploads\/2020\/09\/pod_200910.json\"><\/div>\n      <\/div>\n\n\n<div class=\"BookADemo\">\n    <a class=\"BookADemo-link\" href=\"\/fi\/ota-yhteytta\/kiitos\/\">\n      Varaa esittely\n    <\/a>\n  <\/div>\n\n","protected":false},"excerpt":{"rendered":"","protected":false},"author":1,"featured_media":0,"parent":0,"menu_order":0,"comment_status":"closed","ping_status":"closed","template":"","meta":{"_acf_changed":false,"footnotes":""},"class_list":["post-3015","page","type-page","status-publish","hentry"],"acf":[],"_links":{"self":[{"href":"https:\/\/opter.com\/fi\/wp-json\/wp\/v2\/pages\/3015","targetHints":{"allow":["GET"]}}],"collection":[{"href":"https:\/\/opter.com\/fi\/wp-json\/wp\/v2\/pages"}],"about":[{"href":"https:\/\/opter.com\/fi\/wp-json\/wp\/v2\/types\/page"}],"author":[{"embeddable":true,"href":"https:\/\/opter.com\/fi\/wp-json\/wp\/v2\/users\/1"}],"replies":[{"embeddable":true,"href":"https:\/\/opter.com\/fi\/wp-json\/wp\/v2\/comments?post=3015"}],"version-history":[{"count":45,"href":"https:\/\/opter.com\/fi\/wp-json\/wp\/v2\/pages\/3015\/revisions"}],"predecessor-version":[{"id":6090,"href":"https:\/\/opter.com\/fi\/wp-json\/wp\/v2\/pages\/3015\/revisions\/6090"}],"wp:attachment":[{"href":"https:\/\/opter.com\/fi\/wp-json\/wp\/v2\/media?parent=3015"}],"curies":[{"name":"wp","href":"https:\/\/api.w.org\/{rel}","templated":true}]}}