{"id":3017,"date":"2021-01-05T16:04:27","date_gmt":"2021-01-05T15:04:27","guid":{"rendered":"https:\/\/opter.com\/syita-valita-opter\/"},"modified":"2022-11-10T16:36:39","modified_gmt":"2022-11-10T15:36:39","slug":"syita-valita-opter","status":"publish","type":"page","link":"https:\/\/opter.com\/fi\/syita-valita-opter\/","title":{"rendered":"Miksi valita Opter"},"content":{"rendered":"\n<h2 class=\"wp-block-heading\">Yksinkertaisesti tehokkaampaa kuljetustenhallintaa<\/h2>\n\n\n\n<figure class=\"wp-block-embed-youtube wp-block-embed is-type-video is-provider-youtube wp-embed-aspect-16-9 wp-has-aspect-ratio\"><div class=\"wp-block-embed__wrapper\">\n<iframe loading=\"lazy\" title=\"Tehokkaampaa kuljetustenhallintaa Opterin avulla\" width=\"500\" height=\"281\" src=\"https:\/\/www.youtube.com\/embed\/59JC2ymvat4?feature=oembed\" frameborder=\"0\" allow=\"accelerometer; autoplay; clipboard-write; encrypted-media; gyroscope; picture-in-picture; web-share\" referrerpolicy=\"strict-origin-when-cross-origin\" allowfullscreen><\/iframe>\n<\/div><\/figure>\n\n\n\n<p><\/p>\n\n\n\n<h3 class=\"wp-block-heading\">Turvallinen ja p\u00e4ivitett\u00e4v\u00e4 j\u00e4rjestelm\u00e4<\/h3>\n\n\n\n<p>Kahdenkymmenen vuoden kehitys ja tiivis vuoropuhelu satojen asiakkaiden kanssa ovat siivitt\u00e4neet Opterin markkinajohtajan asemaan pienten ja keskisuurten kuljetusyritysten parissa Pohjoismaissa. Opter on standardisoitu j\u00e4rjestelm\u00e4, jotta se sopii mahdollisimman moniin yrityksiin, mutta sit\u00e4 voidaan my\u00f6s mukauttaa jokaisen asiakkaan tarpeiden ja k\u00e4yt\u00e4nt\u00f6jen mukaan. Opteria kehitet\u00e4\u00e4n jatkuvasti markkinoiden tarpeiden ja uusien teknisten kehitysaskelien my\u00f6t\u00e4. Sen ansiosta asiakkaamme voivat keskitty\u00e4 toimintaansa varmoina siit\u00e4, ett\u00e4 heill\u00e4 on k\u00e4yt\u00f6ss\u00e4\u00e4n nykyaikaiset j\u00e4rjestelm\u00e4t.<\/p>\n\n\n\n<h3 class=\"wp-block-heading\">Helpompaa arkea<\/h3>\n\n\n\n<p>Opter helpottaa kuljetusyritysten arkea, joka voi olla monimutkaista ja alati muuttuvaa. Opterin ansiosta voit olla varma siit\u00e4, ett\u00e4 tilausten hallinta, kuljetusten suunnittelu, viestint\u00e4 kuljettajan ja asiakkaiden kanssa, EDI-yhteydet, hinnoittelu ja laskutus toimivat. K\u00e4ytett\u00e4viss\u00e4 on my\u00f6s nykyaikainen tuki kuljetustoimeksiantoihin.<\/p>\n\n\n\n<h3 class=\"wp-block-heading\">Digitalisaatio kiinte\u00e4\u00e4n kuukausihintaan<\/h3>\n\n\n\n<p>Kuljetusten suunnittelu Opterilla tarkoittaa digitalisaatiota. Opteria p\u00e4ivitet\u00e4\u00e4n jatkuvasti ilman, ett\u00e4 k\u00e4ytt\u00e4jien tarvitsee tehd\u00e4 mit\u00e4\u00e4n. Manuaaliset prosessit muutetaan k\u00e4tev\u00e4sti digitaalisiksi ja kun j\u00e4rjestelm\u00e4\u00e4 kehitet\u00e4\u00e4n, yrityksen toiminta automatisoituu yh\u00e4 laajemmassa mittakaavassa. Palvelu kattaa koko j\u00e4rjestelm\u00e4n, kaikki uudet toiminnot ja p\u00e4ivitykset. My\u00f6s tuki kuuluu pakettiin. Saat kaiken t\u00e4m\u00e4n kiinte\u00e4\u00e4n kuukausihintaan.&nbsp;<\/p>\n\n\n\n<h3 class=\"wp-block-heading\">Autamme sinua p\u00e4\u00e4sem\u00e4\u00e4n alkuun<\/h3>\n\n\n\n<p>Autamme k\u00e4ytt\u00f6\u00f6notossa niin, ett\u00e4 j\u00e4rjestelm\u00e4 tukee yrityksen k\u00e4yt\u00e4nt\u00f6j\u00e4 parhaalla mahdollisella tavalla. Mik\u00e4 tilaus- ja hallintamalli sopii yritykseesi parhaiten? Milt\u00e4 mobiilisovelluksen ja asiakkaiden verkkopalvelun halutaan n\u00e4ytt\u00e4v\u00e4n? Kuinka laskut ja j\u00e4rjestelm\u00e4n muut toiminnot muotoillaan? Opastamme ja neuvomme, jotta k\u00e4ytt\u00f6\u00f6notto sujuu mutkattomasti sek\u00e4 j\u00e4rjestelm\u00e4n p\u00e4\u00e4k\u00e4ytt\u00e4jille ett\u00e4 heid\u00e4n asiakkailleen. Luomme yhdess\u00e4 perustan toiminnan jatkuvalle tehostumiselle, asiakastyytyv\u00e4isyydelle ja nykyaikaiselle digitaaliselle kehitykselle.<\/p>\n\n\n\n<h3 class=\"wp-block-heading\">Ihminen apuna<\/h3>\n\n\n\n<p>Kun j\u00e4rjestelm\u00e4 on otettu k\u00e4ytt\u00f6\u00f6n, tukitiimimme palvelee. Jos ongelmia tai kysytt\u00e4v\u00e4\u00e4 ilmenee, kokeneet ongelmanratkaisijamme auttavat nopeasti \u2013 ilman eri maksua. He ymm\u00e4rt\u00e4v\u00e4t toimintaanne ja tuntevat Opterin l\u00e4pikotaisin.<\/p>\n\n\n\n<div class=\"wp-block-image\"><figure class=\"alignleft size-large is-resized\"><img decoding=\"async\" src=\"https:\/\/opter.com\/wp-content\/uploads\/2020\/11\/support.jpg\" alt=\"\" class=\"wp-image-1923\" width=\"460\"\/><figcaption>\u201cAsennuksen ja koulutuksen j\u00e4lkeen j\u00e4rjestelm\u00e4 on valmis k\u00e4ytt\u00f6\u00f6n \u2013 helppoa kuin hein\u00e4nteko!\u201d<br>Alexander Lindroos, asiakastukivastaava<\/figcaption><\/figure><\/div>\n\n\n\n<p><\/p>\n\n\n\n<h3 class=\"wp-block-heading\">Yhteensopiva muiden j\u00e4rjestelmien kanssa<\/h3>\n\n\n\n<p>Opter tekee mielell\u00e4\u00e4n yhteisty\u00f6t\u00e4 muiden yritys- ja talousj\u00e4rjestelmien kanssa. J\u00e4rjestelmien integrointi on meille arkea, olemmehan toteuttaneet niit\u00e4 jo tuhansia! Riippumatta siit\u00e4, ovatko yhteisty\u00f6tahot asiakkaita tai muita kuljetusyrityksi\u00e4, autamme EDI-integroinnin kanssa.<\/p>\n\n\n\n<h3 class=\"wp-block-heading\">Perustuu viimeisimp\u00e4\u00e4n tekniikkaan<\/h3>\n\n\n\n<p>Opter pohjautuu Microsoftin viimeisimp\u00e4\u00e4n tekniikkaan. K\u00e4ytt\u00e4jien kannalta se tarkoittaa sit\u00e4, ett\u00e4 j\u00e4rjestelm\u00e4ss\u00e4 on Windows-k\u00e4ytt\u00f6liittym\u00e4. Kuljettajat voivat ladata sovelluksen Google Playsta. Liikenn\u00f6itsij\u00e4t ja asiakkaat saavat tarvitsemansa tiedot my\u00f6s portaalista. Opteria k\u00e4ytet\u00e4\u00e4n Microsoft Azure -pilvipalvelun kautta, ja siihen saadaan yhteys tietokoneelle asennettavan ohjelman avulla. Opterin voi asentaa my\u00f6s yrityksen omalle palvelimelle tai muuhun hostingpalveluun.<\/p>\n\n\n\n<h3 class=\"wp-block-heading\">Haluatteko kokeilla?<\/h3>\n\n\n\n<p><\/p>\n\n\n\n<p>Varaa esittely, niin n\u00e4yt\u00e4mme, kuinka helppoa alkuun p\u00e4\u00e4seminen on ja kuinka Opter voi auttaa yrityst\u00e4 kehitt\u00e4m\u00e4\u00e4n toimintaansa. Voit my\u00f6s ottaa yhteytt\u00e4 <a href=\"mailto:sales@opter.com\" data-type=\"mailto\" data-id=\"mailto:sales@opter.com\">myyjiimme<\/a> tai l\u00e4hett\u00e4\u00e4 s\u00e4hk\u00f6postia osoitteeseen <a href=\"mailto:info@opter.com\" data-type=\"mailto\" data-id=\"mailto:info@opter.com\">info@opter.com<\/a>.<\/p>\n\n\n<div class=\"BookADemo\">\n    <a class=\"BookADemo-link\" href=\"\/fi\/ota-yhteytta\/\">\n      Varaa esittely\n    <\/a>\n  <\/div>\n\n","protected":false},"excerpt":{"rendered":"<p>Yksinkertaisesti tehokkaampaa kuljetustenhallintaa Turvallinen ja p\u00e4ivitett\u00e4v\u00e4 j\u00e4rjestelm\u00e4 Kahdenkymmenen vuoden&hellip;<\/p>\n","protected":false},"author":2,"featured_media":0,"parent":0,"menu_order":0,"comment_status":"closed","ping_status":"closed","template":"","meta":{"_acf_changed":false,"footnotes":""},"class_list":["post-3017","page","type-page","status-publish","hentry"],"acf":[],"_links":{"self":[{"href":"https:\/\/opter.com\/fi\/wp-json\/wp\/v2\/pages\/3017","targetHints":{"allow":["GET"]}}],"collection":[{"href":"https:\/\/opter.com\/fi\/wp-json\/wp\/v2\/pages"}],"about":[{"href":"https:\/\/opter.com\/fi\/wp-json\/wp\/v2\/types\/page"}],"author":[{"embeddable":true,"href":"https:\/\/opter.com\/fi\/wp-json\/wp\/v2\/users\/2"}],"replies":[{"embeddable":true,"href":"https:\/\/opter.com\/fi\/wp-json\/wp\/v2\/comments?post=3017"}],"version-history":[{"count":12,"href":"https:\/\/opter.com\/fi\/wp-json\/wp\/v2\/pages\/3017\/revisions"}],"predecessor-version":[{"id":8489,"href":"https:\/\/opter.com\/fi\/wp-json\/wp\/v2\/pages\/3017\/revisions\/8489"}],"wp:attachment":[{"href":"https:\/\/opter.com\/fi\/wp-json\/wp\/v2\/media?parent=3017"}],"curies":[{"name":"wp","href":"https:\/\/api.w.org\/{rel}","templated":true}]}}