{"id":3019,"date":"2021-01-05T16:04:28","date_gmt":"2021-01-05T15:04:28","guid":{"rendered":"https:\/\/opter.com\/nain-opter-toimii\/"},"modified":"2024-05-22T15:11:02","modified_gmt":"2024-05-22T13:11:02","slug":"nain-opter-toimii","status":"publish","type":"page","link":"https:\/\/opter.com\/fi\/nain-opter-toimii\/","title":{"rendered":"N\u00e4in Opter toimii"},"content":{"rendered":"\n<h2 class=\"wp-block-heading\">Kaikki tehokkaaseen kuljetusten suunnitteluun vaadittavat toiminnot<\/h2>\n\n\n<div class=\"AccordionBlock\">\n                <div class=\"Accordion js-accordion js-accordion--closed\" data-state=\"closed\">\n        <h3 class=\"Accordion-title js-accordion-toggle\">Kuljetusten tilaus<\/h3>\n        <div class=\"Accordion-content js-accordion-content\">\n                                <div class=\"Accordion-text\">\n              <p>Toimeksiantojen tietojen rekister\u00f6imisen on sujuttava nopeasti ja helposti sek\u00e4 puhelimella ett\u00e4 s\u00e4hk\u00f6postilla. T\u00e4sm\u00e4\u00e4v\u00e4tk\u00f6 tilauksen tiedot? Onko asiakassopimus ja osoite oikea? Opter auttaa hallinnoimaan tietoja ja asiakaskohtaisia s\u00e4\u00e4nt\u00f6j\u00e4 ja poikkeuksia. Hinta lasketaan ja n\u00e4ytet\u00e4\u00e4n heti n\u00e4yt\u00f6ll\u00e4.<\/p>\n<p>Tied\u00e4mme, kuinka t\u00e4rke\u00e4\u00e4 on, ett\u00e4 kuljetukset voidaan varata helposti ja nopeasti. Tietojen on toki my\u00f6s oltava oikein heti alusta alkaen. Siksi p\u00e4\u00e4t\u00e4t itse, milt\u00e4 Opterin tilauspohja n\u00e4ytt\u00e4\u00e4, mit\u00e4 tietoja tarvitaan ja millainen yleisn\u00e4kym\u00e4 luodaan.<\/p>\n            <\/div>\n                  <\/div>\n      <\/div>\n                <div class=\"Accordion js-accordion js-accordion--closed\" data-state=\"closed\">\n        <h3 class=\"Accordion-title js-accordion-toggle\">Asiakkaan verkkopalvelu <\/h3>\n        <div class=\"Accordion-content js-accordion-content\">\n                                <div class=\"Accordion-text\">\n              <p>Asiakkaat voivat helposti tilata kuljetuksia ja seurata toimeksiantojaan verkkosivustolla. Verkkopalvelu mukautetaan yrityksen graafisen ilmeen mukaiseksi. Sivustolla asiakkaat voivat:<\/p>\n<ul>\n<li>varata kuljetuksia<\/li>\n<li>n\u00e4hd\u00e4 k\u00e4ynniss\u00e4 olevien toimeksiantojen statukset<\/li>\n<li>tutkia historiatietoja ja luoda Excel-koosteen<\/li>\n<li>tarkastella digitaalisia allekirjoituksia ja skannattuja rahtikirjoja<\/li>\n<li>tulostaa varattujen kuljetusten rahtiasiakirjoja, kuten SIS- ja CMR-tiedostoja ja etikettej\u00e4<\/li>\n<li>tarkastaa hinnan varauksen yhteydess\u00e4<\/li>\n<li>tulostaa laskuja.<\/li>\n<\/ul>\n            <\/div>\n                  <\/div>\n      <\/div>\n                <div class=\"Accordion js-accordion js-accordion--closed\" data-state=\"closed\">\n        <h3 class=\"Accordion-title js-accordion-toggle\">EDI<\/h3>\n        <div class=\"Accordion-content js-accordion-content\">\n                                <div class=\"Accordion-text\">\n              <p>EDI s\u00e4\u00e4st\u00e4\u00e4 aikaa ja v\u00e4hent\u00e4\u00e4 v\u00e4\u00e4rinymm\u00e4rrysten riski\u00e4. Asiakkaat ja muut kuljetusketjun toimijat saavat nopeasti tietoa tilanteen muutoksista. Opter voidaan integroida k\u00e4tev\u00e4sti muihin j\u00e4rjestelmiin. Esimerkkej\u00e4:<\/p>\n<ul>\n<li>S\u00e4hk\u00f6inen varausten vastaanotto<\/li>\n<li>L\u00e4hetysstatuksen, hintojen ja digitaalisen allekirjoituksen (POD) ilmoittaminen edelleen asiakkaille<\/li>\n<li>Kuljetusten varaaminen alihankkijoilta<\/li>\n<\/ul>\n<p>Opter tukee kaikkia tavanomaisia EDI-tiedostomuotoja:<\/p>\n<ul>\n<li>EDIFACT\/IFTMIN<\/li>\n<li>XML<\/li>\n<li>CSV<\/li>\n<li>JSON<\/li>\n<\/ul>\n            <\/div>\n                  <\/div>\n      <\/div>\n                <div class=\"Accordion js-accordion js-accordion--closed\" data-state=\"closed\">\n        <h3 class=\"Accordion-title js-accordion-toggle\">Ilmoitukset<\/h3>\n        <div class=\"Accordion-content js-accordion-content\">\n                                <div class=\"Accordion-text\">\n              <p>Opterin avulla asiakkaat saavat jatkuvasti tietoa kuljetuksen etenemisest\u00e4. Ilmoitukset perustuvat l\u00e4hetystapahtumiin ja ne l\u00e4hetet\u00e4\u00e4n asiakkaille valituista tapahtumista valitussa formaatissa.<\/p>\n<p>Automaattiset ilmoitukset s\u00e4\u00e4st\u00e4v\u00e4t aikaa ja parantavat asiakaskokemusta. Statusmuutokset, joista l\u00e4hetet\u00e4\u00e4n ilmoitus tekstiviestill\u00e4 tai s\u00e4hk\u00f6postilla, voivat olla esimerkiksi uusi tilaus, lastaus, kuorman purku, arvioitu saapumisaika (ETA), muuttunut paino tai tilavuus ja lopullinen toimitus ja toimitusvahvistus (POD).<\/p>\n            <\/div>\n                  <\/div>\n      <\/div>\n                <div class=\"Accordion js-accordion js-accordion--closed\" data-state=\"closed\">\n        <h3 class=\"Accordion-title js-accordion-toggle\">Rahtikirjat ja kollietiketit<\/h3>\n        <div class=\"Accordion-content js-accordion-content\">\n                                <div class=\"Accordion-text\">\n              <p>Sek\u00e4 sin\u00e4 ett\u00e4 asiakkaasi voitte Opterin avulla luoda t\u00e4sm\u00e4llisi\u00e4 rahtiasiakirjoja, kuten SIS- ja CMR-rahtikirjoja ja tuote-etikettej\u00e4. Asiakirjoja voi tulostaa asiakkaan verkkopalvelusta tai l\u00e4hett\u00e4\u00e4 s\u00e4hk\u00f6postilla suoraan asiakkaalle.<\/p>\n            <\/div>\n                  <\/div>\n      <\/div>\n                <div class=\"Accordion js-accordion js-accordion--closed\" data-state=\"closed\">\n        <h3 class=\"Accordion-title js-accordion-toggle\">Asiakirjojen k\u00e4sittely<\/h3>\n        <div class=\"Accordion-content js-accordion-content\">\n                                <div class=\"Accordion-text\">\n              <p>Ei en\u00e4\u00e4 kadonneita papereita! Kaikki toimeksiantoon liittyv\u00e4t asiakirjat ovat yhdess\u00e4 paikassa. Varaukseen voi lis\u00e4t\u00e4 asiakirjoja heti kun se on luotu. Tilaukseen voi liitt\u00e4\u00e4 my\u00f6s skannattuja rahtiasiakirjoja.<\/p>\n            <\/div>\n                  <\/div>\n      <\/div>\n                <div class=\"Accordion js-accordion js-accordion--closed\" data-state=\"closed\">\n        <h3 class=\"Accordion-title js-accordion-toggle\">Kuljetusten hallinta<\/h3>\n        <div class=\"Accordion-content js-accordion-content\">\n                                <div class=\"Accordion-text\">\n              <p>Opter auttaa ajoj\u00e4rjestelij\u00f6it\u00e4 varmistamaan, ett\u00e4 toimeksiannot suoritetaan kustannustehokkaasti, aikaa s\u00e4\u00e4st\u00e4en ja laadukkaasti. Ajoj\u00e4rjestelij\u00e4t valitsevat, mit\u00e4 tietoja tarvitaan oikeiden valintojen tekemiseen: toimeksianto, kuljettaja, linjat, terminaalit, alihankkijat tai kartat. Opter voi my\u00f6s auttaa ajoj\u00e4rjestelij\u00f6it\u00e4 automaattisilla toimeksiantojen suositus- ja jakotoiminnoilla.<\/p>\n<p>Toimeksiannot p\u00e4ivitet\u00e4\u00e4n k\u00e4tev\u00e4sti vet\u00e4m\u00e4ll\u00e4 ja pudottamalla tai pikakomennolla. Tiedot n\u00e4ytet\u00e4\u00e4n reaaliajassa ja niit\u00e4 voi lajitella ja suodattaa.<\/p>\n<p>Ajoj\u00e4rjestelij\u00e4 saa aina p\u00e4ivitykset autoista ja pysyy ajan tasalla toimeksiannoista. N\u00e4in my\u00f6s viiv\u00e4styksiin ja muihin poikkeuksiin voidaan reagoida heti.<\/p>\n            <\/div>\n                  <\/div>\n      <\/div>\n                <div class=\"Accordion js-accordion js-accordion--closed\" data-state=\"closed\">\n        <h3 class=\"Accordion-title js-accordion-toggle\">Sijainnit<\/h3>\n        <div class=\"Accordion-content js-accordion-content\">\n                                <div class=\"Accordion-text\">\n              <p>Opterin kuljettajan sovelluksen ansiosta kuljetusten hallinnassa n\u00e4hd\u00e4\u00e4n koko ajan, miss\u00e4 ajoneuvot sijaitsevat. Ajoj\u00e4rjestelij\u00e4t voivat helposti suunnitella toimeksiannot, kohdistaa resurssit ja hoitaa poikkeustilanteet ajoneuvojen sijainnin ja k\u00e4ytt\u00f6asteen perusteella.<\/p>\n            <\/div>\n                  <\/div>\n      <\/div>\n                <div class=\"Accordion js-accordion js-accordion--closed\" data-state=\"closed\">\n        <h3 class=\"Accordion-title js-accordion-toggle\">Kuljetusmatkan jako osiin<\/h3>\n        <div class=\"Accordion-content js-accordion-content\">\n                                <div class=\"Accordion-text\">\n              <p>Opter hoitaa n\u00e4pp\u00e4r\u00e4sti useampaan osaan jaettavat toimeksiannot, joiden osuuksia voivat olla esimerkiksi kuljetus terminaaliin, kuljetus linjalla ja kuljetus terminaalista.<\/p>\n<p>Toimeksiannot voidaan jakaa niin moneen osaan kuin tarvitaan. Toimeksiannot voi siis suunnitella osuus kerrallaan, eik\u00e4 asiakkaan tarvitse olla siit\u00e4 tietoinen. Asiakkaalta laskutetaan kuljetus paikasta A paikkaan B, ja voitte maksaa maksut kuljettajille ja alihankkijoille eri osuuksilla. P\u00e4\u00e4set samalla tarkastelemaan tilastoja ja seuraamaan taloudellisen tuloksen kehityst\u00e4 ja katetuottoa kunkin tilauksen ja asiakkaan kohdalla. Liikenn\u00f6itsij\u00f6iden ja alihankkijoiden kulut voidaan tilitt\u00e4\u00e4 hinnaston mukaan tai prosenttiosuutena asiakasmaksusta.<\/p>\n<p>Opter voi my\u00f6s automatisoida toimeksiantojen jakamisen osuuksiin. Yhdist\u00e4m\u00e4ll\u00e4 postinumeroalueet linjoihin, aikatauluihin ja terminaaleihin Opter pystyy etsim\u00e4\u00e4n nopeimman ja edullisimman reitin verkostostasi kullekin kuljetukselle.<\/p>\n            <\/div>\n                  <\/div>\n      <\/div>\n                <div class=\"Accordion js-accordion js-accordion--closed\" data-state=\"closed\">\n        <h3 class=\"Accordion-title js-accordion-toggle\">K\u00e4sittely terminaaleissa<\/h3>\n        <div class=\"Accordion-content js-accordion-content\">\n                                <div class=\"Accordion-text\">\n              <p>Terminaalien ty\u00f6ntekij\u00e4t n\u00e4kev\u00e4t sovelluksesta tai verkkopalvelusta, mit\u00e4 l\u00e4hetyksi\u00e4 terminaaliin on tulossa. Saapuvat ja l\u00e4htev\u00e4t l\u00e4hetykset voidaan rekister\u00f6id\u00e4 lukemalla rahtikirjojen tai kollien etikettien viivakoodit.<\/p>\n            <\/div>\n                  <\/div>\n      <\/div>\n                <div class=\"Accordion js-accordion js-accordion--closed\" data-state=\"closed\">\n        <h3 class=\"Accordion-title js-accordion-toggle\">Reittioptimointi<\/h3>\n        <div class=\"Accordion-content js-accordion-content\">\n                                <div class=\"Accordion-text\">\n              <p>Reittioptimoinnilla kuljetusten hallintaa voidaan tehostaa entisest\u00e4\u00e4n. J\u00e4rjestelm\u00e4 ehdottaa, mitk\u00e4 toimeksiannot kannattaa varata millekin ajoneuvolle. Se auttaa my\u00f6s optimoimaan noudot ja toimitukset automaattisesti esimerkiksi aikaikkunat huomioiden.<\/p>\n<p>Reittien optimoinnin avulla lasketaan ajankohdat noudoille ja toimituksille, joita asiakkaat, vastaanottajat ja muut tahot voivat seurata seurannan kautta (track and trace).<\/p>\n            <\/div>\n                  <\/div>\n      <\/div>\n                <div class=\"Accordion js-accordion js-accordion--closed\" data-state=\"closed\">\n        <h3 class=\"Accordion-title js-accordion-toggle\">CO2-p\u00e4\u00e4st\u00f6jen raportointi<\/h3>\n        <div class=\"Accordion-content js-accordion-content\">\n                                <div class=\"Accordion-text\">\n              <p>Opter yksinkertaistaa hiilidioksidip\u00e4\u00e4st\u00f6jen raportointia. Alustava p\u00e4\u00e4st\u00f6arvio tehd\u00e4\u00e4n jo varauksen tekohetkell\u00e4, ja sit\u00e4 tarkennetaan kuljetuksen j\u00e4lkeen. Kuljetustason laskennalliset p\u00e4\u00e4st\u00f6t n\u00e4kyv\u00e4t asiakkaalle sek\u00e4 asiakasverkossa ett\u00e4 laskulla.<\/p>\n<p>Automaattinen kuljetuskohtainen hiilijalanj\u00e4lkilaskelma auttaa t\u00e4ytt\u00e4m\u00e4\u00e4n EU:n ymp\u00e4rist\u00f6vaatimukset sek\u00e4 asiakkaidesi vastuullisuutta ja avoimuutta koskevat odotukset.<\/p>\n            <\/div>\n                  <\/div>\n      <\/div>\n                <div class=\"Accordion js-accordion js-accordion--closed\" data-state=\"closed\">\n        <h3 class=\"Accordion-title js-accordion-toggle\">Kotiinkuljetus<\/h3>\n        <div class=\"Accordion-content js-accordion-content\">\n                                <div class=\"Accordion-text\">\n              <p>Kun reittien optimointi, ilmoitukset ja seuranta yhdistet\u00e4\u00e4n, vastaanottajalle voidaan antaa mahdollisuus valita toimitusp\u00e4iv\u00e4. Lis\u00e4ksi h\u00e4nelle ilmoitetaan arvioitu toimitusaika ja h\u00e4n voi seurata toimitusta kartalta.<\/p>\n            <\/div>\n                  <\/div>\n      <\/div>\n                <div class=\"Accordion js-accordion js-accordion--closed\" data-state=\"closed\">\n        <h3 class=\"Accordion-title js-accordion-toggle\">Matkat<\/h3>\n        <div class=\"Accordion-content js-accordion-content\">\n                                <div class=\"Accordion-text\">\n              <p>Matkatoimintoa k\u00e4ytt\u00e4v\u00e4t kuljetusyritykset, jotka asettavat projektien, kuten yhden matkan tai per\u00e4vaunun taloudelliselle seurannalle erityisvaatimuksia. Matkatoiminto tarkoittaa sit\u00e4, ett\u00e4 yksi tai useampi toimeksianto hoidetaan yhdell\u00e4 per\u00e4vaunulla tai matkalla. N\u00e4in toimeksiannoille voidaan valita sopiva resurssi.<\/p>\n            <\/div>\n                  <\/div>\n      <\/div>\n                <div class=\"Accordion js-accordion js-accordion--closed\" data-state=\"closed\">\n        <h3 class=\"Accordion-title js-accordion-toggle\">Kuljettajasovellus<\/h3>\n        <div class=\"Accordion-content js-accordion-content\">\n                                <div class=\"Accordion-text\">\n              <p>Kuljettajat pystyv\u00e4t kommunikoimaan helposti kuljetusten hallinnan kanssa puhelimella, tabletilla tai k\u00e4mmentietokoneella Opterin kuljettajasovelluksen v\u00e4lityksell\u00e4. Sovellus antaa kuljettajalle tarpeelliset tiedot ja kaikki raportointi kuljetusten hallinnalle tapahtuu reaaliajassa.<\/p>\n<p>Esimerkkej\u00e4 toiminnoista:<\/p>\n<ul>\n<li>Ajoj\u00e4rjestyksen l\u00e4hetys<\/li>\n<li>Toimeksiannon statuksen uudelleen raportointi (esimerkiksi kuormaus tai kuorman purkaminen)<\/li>\n<li>Muutokset toimeksiannossa (esimerkiksi paino tai lavametrit)<\/li>\n<li>S\u00e4hk\u00f6inen allekirjoitus (POD)<\/li>\n<li>Lis\u00e4laskutus<\/li>\n<li>Tekstiviesti-ilmoitukset yksitt\u00e4isille kuljettajille tai ryhmille<\/li>\n<li>Ty\u00f6ajat<\/li>\n<li>Vahinkojen rekister\u00f6inti kuvien kanssa<\/li>\n<li>Tilausten luonti<\/li>\n<li>Rahtikirjojen ja kollien viivakoodien luku<\/li>\n<li>GPS-sijainti kartalla<\/li>\n<li>Tarkistuslistat<\/li>\n<\/ul>\n            <\/div>\n                  <\/div>\n      <\/div>\n                <div class=\"Accordion js-accordion js-accordion--closed\" data-state=\"closed\">\n        <h3 class=\"Accordion-title js-accordion-toggle\">Verkkopalvelu liikenn\u00f6itsij\u00f6ille ja kuljettajille<\/h3>\n        <div class=\"Accordion-content js-accordion-content\">\n                                <div class=\"Accordion-text\">\n              <p>Opterin verkkosivu liikenn\u00f6itsij\u00f6ille tarjoaa nopean ja helpon p\u00e4\u00e4syn tilityksiin ja suoritettujen toimeksiantojen tietoihin. Tiedot kaikista kuljettajista ja ajoneuvoista sek\u00e4 kertyneist\u00e4 summista ovat k\u00e4ytett\u00e4viss\u00e4 heti, kun toimeksianto on valmis. Lis\u00e4ksi kuljettajat voivat n\u00e4hd\u00e4 palvelussa erillisen sivun omista suoritetuista toimeksiannoistaan.<\/p>\n            <\/div>\n                  <\/div>\n      <\/div>\n                <div class=\"Accordion js-accordion js-accordion--closed\" data-state=\"closed\">\n        <h3 class=\"Accordion-title js-accordion-toggle\">Seuranta \/ Track &amp; Trace<\/h3>\n        <div class=\"Accordion-content js-accordion-content\">\n                                <div class=\"Accordion-text\">\n              <p>Opter l\u00e4hett\u00e4\u00e4 ilmoitukset automaattisesti s\u00e4hk\u00f6postitse tai tekstiviestill\u00e4. Seurantatoiminnon avulla asiakkaat, l\u00e4hett\u00e4j\u00e4t ja vastaanottajat voivat tarkastella l\u00e4hetyksen tilannetta, viimeisimpi\u00e4 tapahtumia ja arvioitua toimitusaikaa. My\u00f6s kuittaus- ja allekirjoitustiedot n\u00e4kyv\u00e4t palvelussa toimituksen j\u00e4lkeen. Seurantaa voi k\u00e4ytt\u00e4\u00e4 my\u00f6s auton sijainnin seuraamiseen reaaliajassa.<\/p>\n            <\/div>\n                  <\/div>\n      <\/div>\n                <div class=\"Accordion js-accordion js-accordion--closed\" data-state=\"closed\">\n        <h3 class=\"Accordion-title js-accordion-toggle\">Viivakoodien luku<\/h3>\n        <div class=\"Accordion-content js-accordion-content\">\n                                <div class=\"Accordion-text\">\n              <p>Viivakoodit parantavat toimeksiantojen tehokkuutta ja turvallisuutta. Sovellusta voi k\u00e4ytt\u00e4\u00e4 rahtikirjojen ja kollien skannaamiseen kuormauksen ja toimituksen yhteydess\u00e4. Kollin seuranta on helppoa. Palvelu kertoo suoritetut toimenpiteet ja mahdolliset poikkeukset. Tiedot v\u00e4littyv\u00e4t suoraan verkkopalveluun ja ne voidaan l\u00e4hett\u00e4\u00e4 edelleen asiakkaille ilmoituksena tai EDI:n v\u00e4lityksell\u00e4.<\/p>\n            <\/div>\n                  <\/div>\n      <\/div>\n                <div class=\"Accordion js-accordion js-accordion--closed\" data-state=\"closed\">\n        <h3 class=\"Accordion-title js-accordion-toggle\">Toimitusvahvistus (POD)<\/h3>\n        <div class=\"Accordion-content js-accordion-content\">\n                                <div class=\"Accordion-text\">\n              <p>Vastaanottaja voi kuitata toimituksen suoraan kuljettajan puhelimeen. Kuittaus n\u00e4kyy heti asiakkaan verkkopalvelussa ja siit\u00e4 ilmoitetaan tai se l\u00e4hetet\u00e4\u00e4n EDI:n v\u00e4lityksell\u00e4 asiakkaalle. Jos toimituksessa k\u00e4ytet\u00e4\u00e4n paperista rahtikirjaa, voi kuljettaja skannata allekirjoitetun asiakirjan sovelluksella ja v\u00e4litt\u00e4\u00e4 sen digitaalisesti asiakkaan k\u00e4ytt\u00f6\u00f6n.<\/p>\n            <\/div>\n                  <\/div>\n      <\/div>\n                <div class=\"Accordion js-accordion js-accordion--closed\" data-state=\"closed\">\n        <h3 class=\"Accordion-title js-accordion-toggle\">OpterLink<\/h3>\n        <div class=\"Accordion-content js-accordion-content\">\n                                <div class=\"Accordion-text\">\n              <p>Opter helpottaa kuljetusyritysten v\u00e4list\u00e4 yhteisty\u00f6t\u00e4 ja auttaa tehostamaan toimintaa. EDI-pohjaisen OpterLink-palvelun avulla voit olla yhteydess\u00e4 muihin kuljetusyrityksiin, jotka k\u00e4ytt\u00e4v\u00e4t Opteria. Voit varata kuljetuksen kollegalta helpolla vet\u00e4mis- ja pudottamistoiminnolla, tai toisinp\u00e4in. Tieto l\u00e4hetyksest\u00e4 v\u00e4litet\u00e4\u00e4n reaaliajassa. Riippumatta siit\u00e4, tehd\u00e4\u00e4nk\u00f6 kuljetus omalla autolla vai ulkoistetaanko se toiselle kuljetusyritykselle, kaikkia toimeksiannon vaiheita pystyy seuraamaan ja kaikki toimii l\u00e4pin\u00e4kyv\u00e4sti.<\/p>\n            <\/div>\n                  <\/div>\n      <\/div>\n                <div class=\"Accordion js-accordion js-accordion--closed\" data-state=\"closed\">\n        <h3 class=\"Accordion-title js-accordion-toggle\">Hinnoittelu<\/h3>\n        <div class=\"Accordion-content js-accordion-content\">\n                                <div class=\"Accordion-text\">\n              <p>Opter k\u00e4sittelee erilaisia hinnoitteluj\u00e4rjestelmi\u00e4, hinnastoja ja asiakassopimuksia n\u00e4pp\u00e4r\u00e4sti. Hinnoittelu tapahtuu automaattisesti ja siin\u00e4 otetaan huomioon erilaiset parametrit, kuten paino, tilavuus, ajoneuvon tyyppi, et\u00e4isyys, ajat, vy\u00f6hykkeet ja postinumero.<\/p>\n<p>Kun tilaus luodaan, sille m\u00e4\u00e4ritell\u00e4\u00e4n automaattisesti hinta, riippumatta siit\u00e4 luoko asiakas sen itse verkkopalvelussa vai EDI:n v\u00e4lityksell\u00e4. Mahdolliset muutokset toimeksiannossa p\u00e4ivitet\u00e4\u00e4n hintaan heti. K\u00e4yt\u00e4nn\u00f6ss\u00e4 se tarkoittaa sit\u00e4, ett\u00e4 toimeksianto on laskutettavissa heti, kun kuljettaja merkitsee sen valmiiksi.<\/p>\n            <\/div>\n                  <\/div>\n      <\/div>\n                <div class=\"Accordion js-accordion js-accordion--closed\" data-state=\"closed\">\n        <h3 class=\"Accordion-title js-accordion-toggle\">Laskutus<\/h3>\n        <div class=\"Accordion-content js-accordion-content\">\n                                <div class=\"Accordion-text\">\n              <p>Laskutusvalmiit toimeksiannot ker\u00e4t\u00e4\u00e4n yhteen ja laskut luodaan automaattisesti. Laskuja voidaan tarvittaessa tarkastaa ja korjata siihen saakka, kun laskutuskausi p\u00e4\u00e4ttyy. Voit tulostaa laskut tai l\u00e4hett\u00e4\u00e4 ne s\u00e4hk\u00f6postitse PDF-laskuina, verkkolaskuna tai tiedostona pankkiin tai rahoituslaitokseen. Valitset itse, haluatko merkit\u00e4 laskut ja l\u00e4hett\u00e4\u00e4 muistutuksia Opterissa vai omassa taloushallinnon j\u00e4rjestelm\u00e4ss\u00e4nne.<\/p>\n            <\/div>\n                  <\/div>\n      <\/div>\n                <div class=\"Accordion js-accordion js-accordion--closed\" data-state=\"closed\">\n        <h3 class=\"Accordion-title js-accordion-toggle\">Tilitys<\/h3>\n        <div class=\"Accordion-content js-accordion-content\">\n                                <div class=\"Accordion-text\">\n              <p>Opterin tilitystoiminto helpottaa toimintaa, maksetaanpa liikenn\u00f6itsij\u00f6ille sitten tietty prosenttiosuus asiakashinnasta vai erillisen hinnaston mukaisesti. Tilauksen summan voi my\u00f6s jakaa helposti usealle liikenn\u00f6itsij\u00e4lle. Kaikilla liikenn\u00f6itsij\u00f6ill\u00e4 on Opterissa oma sivu, jossa he voivat k\u00e4yd\u00e4 l\u00e4pi toimeksiantoja ja tulostaa tilityksi\u00e4.<\/p>\n            <\/div>\n                  <\/div>\n      <\/div>\n                <div class=\"Accordion js-accordion js-accordion--closed\" data-state=\"closed\">\n        <h3 class=\"Accordion-title js-accordion-toggle\">Vienti taloushallinnon j\u00e4rjestelm\u00e4\u00e4n<\/h3>\n        <div class=\"Accordion-content js-accordion-content\">\n                                <div class=\"Accordion-text\">\n              <p>Opterissa ei ole laskentatoimen toimintoja, mutta se on helppo integroida yleisiin taloushallinnon j\u00e4rjestelmiin. Opterissa on kirjanpidon tuki, joka erottelee tilauksen ominaisuudet esimerkiksi palvelun, ajoneuvon, asiakkaan ja alueen mukaan.<\/p>\n<p>Tiedot laskuista ja maksuista l\u00e4hetet\u00e4\u00e4n j\u00e4rjestelm\u00e4\u00e4n juoksevasti.<\/p>\n            <\/div>\n                  <\/div>\n      <\/div>\n                <div class=\"Accordion js-accordion js-accordion--closed\" data-state=\"closed\">\n        <h3 class=\"Accordion-title js-accordion-toggle\">Tilastot<\/h3>\n        <div class=\"Accordion-content js-accordion-content\">\n                                <div class=\"Accordion-text\">\n              <p>Opterin avulla on helppoa laatia ja esitell\u00e4 tilastoja kaavioina ja taulukkoina. Saat k\u00e4tev\u00e4sti tilastoja monista eri muuttujista, kuten asiakkaista, ajoneuvoista, paikkakunnista, reiteist\u00e4, katetuotosta, vahingoista ja toimitusvarmuudesta. Tietoja voidaan my\u00f6s yhdistell\u00e4 kesken\u00e4\u00e4n ja vied\u00e4 k\u00e4tev\u00e4sti Exceliin.<\/p>\n            <\/div>\n                  <\/div>\n      <\/div>\n      <\/div>\n\n\n\n<p><\/p>\n","protected":false},"excerpt":{"rendered":"<p>Kaikki tehokkaaseen kuljetusten suunnitteluun vaadittavat toiminnot<\/p>\n","protected":false},"author":3,"featured_media":0,"parent":0,"menu_order":0,"comment_status":"closed","ping_status":"closed","template":"","meta":{"_acf_changed":false,"footnotes":""},"class_list":["post-3019","page","type-page","status-publish","hentry"],"acf":[],"_links":{"self":[{"href":"https:\/\/opter.com\/fi\/wp-json\/wp\/v2\/pages\/3019","targetHints":{"allow":["GET"]}}],"collection":[{"href":"https:\/\/opter.com\/fi\/wp-json\/wp\/v2\/pages"}],"about":[{"href":"https:\/\/opter.com\/fi\/wp-json\/wp\/v2\/types\/page"}],"author":[{"embeddable":true,"href":"https:\/\/opter.com\/fi\/wp-json\/wp\/v2\/users\/3"}],"replies":[{"embeddable":true,"href":"https:\/\/opter.com\/fi\/wp-json\/wp\/v2\/comments?post=3019"}],"version-history":[{"count":13,"href":"https:\/\/opter.com\/fi\/wp-json\/wp\/v2\/pages\/3019\/revisions"}],"predecessor-version":[{"id":11218,"href":"https:\/\/opter.com\/fi\/wp-json\/wp\/v2\/pages\/3019\/revisions\/11218"}],"wp:attachment":[{"href":"https:\/\/opter.com\/fi\/wp-json\/wp\/v2\/media?parent=3019"}],"curies":[{"name":"wp","href":"https:\/\/api.w.org\/{rel}","templated":true}]}}