{"id":3021,"date":"2021-01-05T16:04:31","date_gmt":"2021-01-05T15:04:31","guid":{"rendered":"https:\/\/opter.com\/evasteista\/"},"modified":"2024-02-29T14:08:30","modified_gmt":"2024-02-29T13:08:30","slug":"evasteista","status":"publish","type":"page","link":"https:\/\/opter.com\/fi\/evasteista\/","title":{"rendered":"Ev\u00e4steist\u00e4"},"content":{"rendered":"\n<h2 class=\"wp-block-heading\">Ev\u00e4steet osoitteessa opter.com<\/h2>\n\n\n\n<p>Opter ja kumppanimme tallentavat tiedostoja pienin\u00e4 tiedostoina laitteellasi (ev\u00e4steet) tarjotaksemme mukautetun kokemuksen, mahdollistaaksemme tilastot ja tukeaksemme markkinointia muilla kanavilla. Voit hallita hyv\u00e4ksymi\u00e4si ev\u00e4steit\u00e4 verkkosivun toiminnan kannalta oleellisten ev\u00e4steiden lis\u00e4ksi.<\/p>\n\n\n\n<p>Lis\u00e4tietoja henkil\u00f6tietojesi k\u00e4sittelyst\u00e4 l\u00f6ytyy\u00a0<a href=\"https:\/\/opter.com\/fi\/tietosuojakaytanto\/\">tietosuojak\u00e4yt\u00e4nn\u00f6st\u00e4mme<\/a>.<\/p>\n\n\n\n<hr class=\"wp-block-separator has-alpha-channel-opacity\"\/>\n\n\n\n<h3 class=\"wp-block-heading\">Suostumus<\/h3>\n\n\n\n<p>Sivustoa opter.com k\u00e4ytt\u00e4m\u00e4ll\u00e4 hyv\u00e4ksyt ev\u00e4steiden k\u00e4yt\u00f6n selaimessasi. Voit valita, mink\u00e4 tyyppiset ev\u00e4steet hyv\u00e4ksyt niiden lis\u00e4ksi, jotka ovat v\u00e4ltt\u00e4m\u00e4tt\u00f6mi\u00e4 verkkosivuston toiminnan kannalta,&nbsp;<a href=\"javascript:cookieTractor.openConsentSettings()\">asetuksissa ev\u00e4steille<\/a>.<\/p>\n\n\n\n<hr class=\"wp-block-separator has-alpha-channel-opacity\"\/>\n\n\n\n<h3 class=\"wp-block-heading\">Mit\u00e4 ev\u00e4steet ovat?<\/h3>\n\n\n\n<p>Ev\u00e4ste on pieni tekstitiedosto, jonka verkkosivusto tallentaa tietokoneellesi. Ev\u00e4steit\u00e4 k\u00e4ytet\u00e4\u00e4n monilla verkkosivuilla erilaisten toimintojen mahdollistamiseen. Ev\u00e4steen tietojen avulla voidaan seurata sit\u00e4, miten k\u00e4ytt\u00e4j\u00e4 selaa sivustoa.<\/p>\n\n\n\n<p>Useimmat nykyaikaiset verkkoselaimet (Google Chrome, Firefox, Internet Explorer, Safari, Opera yms.) hyv\u00e4ksyv\u00e4t ev\u00e4steet automaattisesti, mutta voit itse muuttaa ev\u00e4steasetuksia selaimen asetuksista niin, ett\u00e4 niit\u00e4 ei hyv\u00e4ksyt\u00e4. Huomaathan, ett\u00e4 monet verkkosivustot, oma sivustomme mukaan luettuna, eiv\u00e4t silloin toimi ihanteellisesti.<\/p>\n\n\n\n<hr class=\"wp-block-separator has-alpha-channel-opacity\"\/>\n\n\n\n<h3 class=\"wp-block-heading\">Mit\u00e4 laki sanoo?<\/h3>\n\n\n\n<p>S\u00e4hk\u00f6ist\u00e4 viestint\u00e4\u00e4 koskevan lain mukaan kaikille verkkosivustolla vieraileville on kerrottava mit\u00e4 ev\u00e4steit\u00e4 sivustolla on, miten niit\u00e4 k\u00e4ytet\u00e4\u00e4n ja kuinka niit\u00e4 voi v\u00e4ltt\u00e4\u00e4.<\/p>\n\n\n\n<hr class=\"wp-block-separator has-alpha-channel-opacity\"\/>\n\n\n\n<h3 class=\"wp-block-heading\">Ev\u00e4steet Opterin verkkosivustolla<\/h3>\n\n\n\n<p>Kuten useimmilla verkkosivustoilla, my\u00f6s t\u00e4ll\u00e4 sivustolla ker\u00e4t\u00e4\u00e4n tietoa automaattisesti. Se tallennetaan lokitiedostoina palvelimellemme. Ker\u00e4tt\u00e4vi\u00e4 tietoja voivat olla esimerkiksi<\/p>\n\n\n\n<ul class=\"wp-block-list\">\n<li>IP-osoite<\/li>\n\n\n\n<li>k\u00e4ytt\u00e4m\u00e4si verkkoselain<\/li>\n\n\n\n<li>laajakaistan toimittaja (ISP)<\/li>\n\n\n\n<li>k\u00e4ytt\u00f6j\u00e4rjestelm\u00e4<\/li>\n\n\n\n<li>p\u00e4iv\u00e4 ja vierailun aika<\/li>\n\n\n\n<li>tiedot sivuston k\u00e4yt\u00f6st\u00e4.<\/li>\n<\/ul>\n\n\n\n<p>K\u00e4yt\u00e4mme ker\u00e4ttyj\u00e4 tietoja vain sis\u00e4isesti eik\u00e4 niit\u00e4 luovuteta kolmansille osapuolille. Ev\u00e4stek\u00e4yt\u00e4nt\u00f6\u00e4 p\u00e4ivitet\u00e4\u00e4n silloin t\u00e4ll\u00f6in. Suuremmista muutoksista tiedotetaan t\u00e4ll\u00e4 verkkosivustolla tai s\u00e4hk\u00f6postitse.<\/p>\n","protected":false},"excerpt":{"rendered":"<p>Ev\u00e4steet osoitteessa opter.com Opter ja kumppanimme tallentavat tiedostoja pienin\u00e4&hellip;<\/p>\n","protected":false},"author":3,"featured_media":0,"parent":0,"menu_order":0,"comment_status":"closed","ping_status":"closed","template":"","meta":{"_acf_changed":false,"footnotes":""},"class_list":["post-3021","page","type-page","status-publish","hentry"],"acf":[],"_links":{"self":[{"href":"https:\/\/opter.com\/fi\/wp-json\/wp\/v2\/pages\/3021","targetHints":{"allow":["GET"]}}],"collection":[{"href":"https:\/\/opter.com\/fi\/wp-json\/wp\/v2\/pages"}],"about":[{"href":"https:\/\/opter.com\/fi\/wp-json\/wp\/v2\/types\/page"}],"author":[{"embeddable":true,"href":"https:\/\/opter.com\/fi\/wp-json\/wp\/v2\/users\/3"}],"replies":[{"embeddable":true,"href":"https:\/\/opter.com\/fi\/wp-json\/wp\/v2\/comments?post=3021"}],"version-history":[{"count":30,"href":"https:\/\/opter.com\/fi\/wp-json\/wp\/v2\/pages\/3021\/revisions"}],"predecessor-version":[{"id":10854,"href":"https:\/\/opter.com\/fi\/wp-json\/wp\/v2\/pages\/3021\/revisions\/10854"}],"wp:attachment":[{"href":"https:\/\/opter.com\/fi\/wp-json\/wp\/v2\/media?parent=3021"}],"curies":[{"name":"wp","href":"https:\/\/api.w.org\/{rel}","templated":true}]}}