{"id":3023,"date":"2021-01-05T16:04:33","date_gmt":"2021-01-05T15:04:33","guid":{"rendered":"https:\/\/opter.com\/tietosuojakaytanto\/"},"modified":"2024-05-20T14:51:34","modified_gmt":"2024-05-20T12:51:34","slug":"tietosuojakaytanto","status":"publish","type":"page","link":"https:\/\/opter.com\/fi\/tietosuojakaytanto\/","title":{"rendered":"Tietosuojak\u00e4yt\u00e4nt\u00f6"},"content":{"rendered":"\n<h2 class=\"wp-block-heading\">Tietosuojak\u00e4yt\u00e4nt\u00f6<\/h2>\n\n\n\n<p>T\u00e4m\u00e4 tietosuojak\u00e4yt\u00e4nt\u00f6 koskee kaikkia opter.com-sivuja. Toimimme sivustolla ker\u00e4ttyjen henkil\u00f6tietojen rekisterinpit\u00e4j\u00e4n\u00e4. T\u00e4m\u00e4 koskee my\u00f6s henkil\u00f6tietoja, jotka ker\u00e4t\u00e4\u00e4n palveluiden k\u00e4ytt\u00f6sopimusten yhteydess\u00e4.<\/p>\n\n\n\n<p><strong>Esimerkkej\u00e4 ker\u00e4\u00e4mist\u00e4mme henkil\u00f6tiedoista:<\/strong><\/p>\n\n\n\n<ul class=\"wp-block-list\">\n<li>Yrityksen nimi<\/li>\n\n\n\n<li>Yhteyshenkil\u00f6<\/li>\n\n\n\n<li>Yrityksen osoite \/ laskutusosoite<\/li>\n\n\n\n<li>Puhelinnumero ja s\u00e4hk\u00f6postiosoite<\/li>\n\n\n\n<li>Tiedot verkkosivuston k\u00e4yt\u00f6st\u00e4. Kyseess\u00e4 voivat olla tiedot siit\u00e4, mill\u00e4 alasivuilla k\u00e4ytt\u00e4j\u00e4 k\u00e4y, sek\u00e4 selaimen asetukset ja IP-osoite.<\/li>\n<\/ul>\n\n\n\n<p>Emme <u>ker\u00e4\u00e4<\/u> luottotietoihin liittyvi\u00e4 henkil\u00f6tietoja, kuten henkil\u00f6tunnuksia tai tietoja maksuv\u00e4lineist\u00e4!<\/p>\n\n\n\n<hr class=\"wp-block-separator has-alpha-channel-opacity\"\/>\n\n\n\n<h3 class=\"wp-block-heading\">Ev\u00e4steet<\/h3>\n\n\n\n<p>Ev\u00e4steet ovat pieni\u00e4 tekstitiedostoja, jotka tallennetaan laitteellesi, kun vierailet verkkosivustolla. Lue lis\u00e4\u00e4 ev\u00e4steiden k\u00e4yt\u00f6st\u00e4 <a rel=\"noreferrer noopener\" href=\"https:\/\/opter.com\/fi\/evasteista\/\" target=\"_blank\">t\u00e4\u00e4lt\u00e4<\/a>.<\/p>\n\n\n\n<hr class=\"wp-block-separator has-alpha-channel-opacity\"\/>\n\n\n\n<h3 class=\"wp-block-heading\">Kuinka ker\u00e4\u00e4mme tietoja<\/h3>\n\n\n\n<p>Ker\u00e4\u00e4mme tietoja verkkosivuston lomakkeilla. Niiden t\u00e4ytt\u00e4minen on t\u00e4ysin vapaaehtoista. Lomakkeesta k\u00e4y ilmi, mihin tarkoitukseen tietoja k\u00e4ytet\u00e4\u00e4n. Jos et halua antaa henkil\u00f6tietojasi, et ehk\u00e4 voi k\u00e4ytt\u00e4\u00e4 palvelujamme.<\/p>\n\n\n\n<p>Ker\u00e4\u00e4mme tietoja my\u00f6s Upsales-asiakkuudenhallintaj\u00e4rjestelm\u00e4n ja Google Analyticsin kautta verkkoanalyysin tekemiseen ja sivuston k\u00e4vij\u00e4m\u00e4\u00e4rien mittaamiseen. Lue lis\u00e4\u00e4 osoitteista <a href=\"https:\/\/policies.google.com\/privacy?hl=en\">Google.com<\/a> ja <a href=\"https:\/\/www.upsales.com\/sv\/privacy-policy\/\">Upsales.com<\/a>.<\/p>\n\n\n\n<p><strong>Esimerkkej\u00e4 lomakkeista:<\/strong><\/p>\n\n\n\n<ul class=\"wp-block-list\">\n<li>Yhteydenottolomake<\/li>\n\n\n\n<li>Esittelyn varaaminen<\/li>\n\n\n\n<li>Asiakirjojen, kuten PDF-tiedostojen, lataaminen verkkosivustoltamme<\/li>\n\n\n\n<li>Uutiskirjeen tilaaminen<\/li>\n<\/ul>\n\n\n\n<p><strong>Tietojen k\u00e4sittelyn tarkoitus:<\/strong><\/p>\n\n\n\n<ul class=\"wp-block-list\">\n<li>P\u00e4\u00e4syn tarjoaminen palveluihimme<\/li>\n\n\n\n<li>Relevantin tiedon l\u00e4hett\u00e4minen<\/li>\n\n\n\n<li>Yhteyden ottaminen ja palveluidemme tarjoaminen<\/li>\n<\/ul>\n\n\n\n<p>Luomme profiileja ker\u00e4ttyjen tietojen perusteella muun muassa tuen tarjoamiseksi. Profiilit perustuvat vapaaehtoisesti annettuihin tietoihin.<\/p>\n\n\n\n<hr class=\"wp-block-separator has-alpha-channel-opacity\"\/>\n\n\n\n<h3 class=\"wp-block-heading\">Kuinka tallennamme tietoja<\/h3>\n\n\n\n<p>Opter.com-sivustolla lomakkeiden kautta ker\u00e4tyt tiedot tallennetaan asiakkuudenhallinta- ja markkinoinnin automatisointij\u00e4rjestelmiimme.<\/p>\n\n\n\n<hr class=\"wp-block-separator has-alpha-channel-opacity\"\/>\n\n\n\n<h3 class=\"wp-block-heading\">Kuinka kauan tietoja s\u00e4ilytet\u00e4\u00e4n<\/h3>\n\n\n\n<p>S\u00e4ilyt\u00e4mme henkil\u00f6tietoja vain niin kauan, kuin niit\u00e4 tarvitaan asiakassuhteen yll\u00e4pit\u00e4miseen tai muiden maksuttomien palvelujen tarjoamiseen. Poistamme sellaisten asiakkaiden tiedot, jotka eiv\u00e4t en\u00e4\u00e4 k\u00e4yt\u00e4 palvelujamme. Poistamme tiedot my\u00f6s pyynn\u00f6st\u00e4. Se onnistuu ottamalla yhteytt\u00e4 tukeen.<\/p>\n\n\n\n<hr class=\"wp-block-separator has-alpha-channel-opacity\"\/>\n\n\n\n<h3 class=\"wp-block-heading\">Emme luovuta henkil\u00f6tietoja kolmansille osapuolille<\/h3>\n\n\n\n<p>Henkil\u00f6tietoja ei luovuteta kolmansille osapuolille, mutta voimme k\u00e4ytt\u00e4\u00e4 alihankkijoita verkkosivuston osien toimittamiseen. N\u00e4m\u00e4 alihankkijat voivat k\u00e4sitell\u00e4 henkil\u00f6tietoja Opterin nimiss\u00e4. T\u00e4llaisissa tapauksissa henkil\u00f6tietoja k\u00e4ytet\u00e4\u00e4n vain annetussa tarkoituksessa. Tietosuojan takaamiseksi olemme solmineet sopimuksen henkil\u00f6tietojen k\u00e4sittelyst\u00e4 kaikkien t\u00e4llaisten yrityksen kanssa.<\/p>\n\n\n\n<hr class=\"wp-block-separator has-alpha-channel-opacity\"\/>\n\n\n\n<h3 class=\"wp-block-heading\">Tietoturva<\/h3>\n\n\n\n<p>Kehit\u00e4mme jatkuvasti tietoturvaa, jotta pystymme suojaamaan k\u00e4ytt\u00e4jiemme tietoja. K\u00e4yt\u00e4mme sek\u00e4 teknisi\u00e4 ett\u00e4 organisatorisia menetelmi\u00e4 mahdollisimman hyv\u00e4n turvallisuuden takaamiseen. T\u00e4llaisia menetelmi\u00e4 ovat muun muassa anonymisointi, p\u00e4\u00e4syn rajoittaminen ja poistamisk\u00e4yt\u00e4nn\u00f6t.<\/p>\n\n\n\n<hr class=\"wp-block-separator has-alpha-channel-opacity\"\/>\n\n\n\n<h3 class=\"wp-block-heading\">Oikeudet<\/h3>\n\n\n\n<p>Opter.com-sivuston k\u00e4ytt\u00e4j\u00e4n\u00e4 sinulla on oikeus n\u00e4hd\u00e4, kuinka k\u00e4sittelemme henkil\u00f6tietojasi. Voit my\u00f6s pyyt\u00e4\u00e4 tietojen oikaisua, k\u00e4yt\u00f6n rajoittamista tai tietojen poistoa yleisen tietosuoja-asetuksen mukaisesti. Jos haluat, ett\u00e4 tietosi poistetaan tai niit\u00e4 muutetaan, ota yhteytt\u00e4 tukeen.<\/p>\n\n\n\n<p>Kun henkil\u00f6tietojen k\u00e4sittely perustuu suostumukseen, voit milloin tahansa peruuttaa suostumuksen.<\/p>\n\n\n\n<p>Jos uskot, ett\u00e4 oikeutesi eiv\u00e4t ole toteutuneet tietosuojalains\u00e4\u00e4d\u00e4nn\u00f6n mukaisesti, sinulla on oikeus tehd\u00e4 valitus tietosuojavaltuutetun toimistoon. Yhteystiedot l\u00f6ytyv\u00e4t osoitteesta <a rel=\"noreferrer noopener\" href=\"http:\/\/www.datainspektionen.se\" target=\"_blank\">https:\/\/tietosuoja.fi<\/a>.<\/p>\n\n\n\n<hr class=\"wp-block-separator has-alpha-channel-opacity\"\/>\n\n\n\n<h3 class=\"wp-block-heading\">Muutokset tietosuojak\u00e4yt\u00e4nt\u00f6\u00f6n<\/h3>\n\n\n\n<p>Tietosuojak\u00e4yt\u00e4nt\u00f6\u00e4 p\u00e4ivitet\u00e4\u00e4n silloin t\u00e4ll\u00f6in. Suuremmista muutoksista tiedotetaan t\u00e4ll\u00e4 verkkosivustolla tai s\u00e4hk\u00f6postitse.<\/p>\n\n\n\n<hr class=\"wp-block-separator has-alpha-channel-opacity\"\/>\n\n\n\n<h3 class=\"wp-block-heading\">Yhteystiedot<\/h3>\n\n\n\n<p>Puhelin: <a rel=\"noreferrer noopener\" href=\"tel:+46-8 545 292 00\" target=\"_blank\">+46&nbsp;8&nbsp;545&nbsp;292 00<\/a><br>S\u00e4hk\u00f6posti: <a rel=\"noreferrer noopener\" href=\"mailto:info@opter.com\" target=\"_blank\">info@opter.com<\/a><\/p>\n\n\n\n<p>Osoite: Opter AB<br>Arenav\u00e4gen 41<br>SE-121 77\u00a0 Johanneshov<br>Sweden<\/p>\n\n\n\n<p>Jos sinulla on kysytt\u00e4v\u00e4\u00e4 tietosuojasta tai tietosuojak\u00e4yt\u00e4nn\u00f6st\u00e4, voit ottaa yhteytt\u00e4 tukeen osoitteessa <a href=\"mailto:support@opter.com\" data-type=\"mailto\" data-id=\"mailto:support@opter.com\" target=\"_blank\" rel=\"noreferrer noopener\">support@opter.com<\/a> tai<\/p>\n","protected":false},"excerpt":{"rendered":"<p>Tietosuojak\u00e4yt\u00e4nt\u00f6 T\u00e4m\u00e4 tietosuojak\u00e4yt\u00e4nt\u00f6 koskee kaikkia opter.com-sivuja. Toimimme sivustolla ker\u00e4ttyjen&hellip;<\/p>\n","protected":false},"author":3,"featured_media":0,"parent":0,"menu_order":0,"comment_status":"closed","ping_status":"closed","template":"","meta":{"_acf_changed":false,"footnotes":""},"class_list":["post-3023","page","type-page","status-publish","hentry"],"acf":[],"_links":{"self":[{"href":"https:\/\/opter.com\/fi\/wp-json\/wp\/v2\/pages\/3023","targetHints":{"allow":["GET"]}}],"collection":[{"href":"https:\/\/opter.com\/fi\/wp-json\/wp\/v2\/pages"}],"about":[{"href":"https:\/\/opter.com\/fi\/wp-json\/wp\/v2\/types\/page"}],"author":[{"embeddable":true,"href":"https:\/\/opter.com\/fi\/wp-json\/wp\/v2\/users\/3"}],"replies":[{"embeddable":true,"href":"https:\/\/opter.com\/fi\/wp-json\/wp\/v2\/comments?post=3023"}],"version-history":[{"count":8,"href":"https:\/\/opter.com\/fi\/wp-json\/wp\/v2\/pages\/3023\/revisions"}],"predecessor-version":[{"id":11170,"href":"https:\/\/opter.com\/fi\/wp-json\/wp\/v2\/pages\/3023\/revisions\/11170"}],"wp:attachment":[{"href":"https:\/\/opter.com\/fi\/wp-json\/wp\/v2\/media?parent=3023"}],"curies":[{"name":"wp","href":"https:\/\/api.w.org\/{rel}","templated":true}]}}