{"id":3029,"date":"2021-01-05T16:04:38","date_gmt":"2021-01-05T15:04:38","guid":{"rendered":"https:\/\/opter.com\/tietoa-yrityksesta\/"},"modified":"2025-08-29T16:20:17","modified_gmt":"2025-08-29T14:20:17","slug":"tietoa-yrityksesta","status":"publish","type":"page","link":"https:\/\/opter.com\/fi\/tietoa-yrityksesta\/","title":{"rendered":"Tietoa yrityksest\u00e4"},"content":{"rendered":"<div class=\"ImageHeadline\">\n      <div class=\"ImageHeadline-image\" style=\"background-image: url('https:\/\/opter.com\/wp-content\/uploads\/2021\/01\/opter4_3000p.jpg')\">\n      <img loading=\"lazy\" decoding=\"async\" width=\"1024\" height=\"683\" src=\"https:\/\/opter.com\/wp-content\/uploads\/2021\/01\/opter4_3000p.jpg\" class=\"ImageHeadline-img\" alt=\"Johan och Viktor Edlund\" \/>\n    <\/div>\n    <h2 class=\"ImageHeadline-headline\">\u201cAina v\u00e4h\u00e4n paremmin \u2013 se on kantava periaatteemme\u201d<\/h2>\n<\/div>\n\n\n\n<p class=\"Lead\">\n  Opter tekee kuljetusyritysten toiminnasta helpompaa, hauskempaa ja kannattavampaa. Markkinoiden johtavan Opter-toiminnanohjausj\u00e4rjestelm\u00e4n takana on samanniminen vakaa ja kannattava yritys.\n<\/p>\n\n\n\n\n<figure class=\"wp-block-image size-large\"><img loading=\"lazy\" decoding=\"async\" width=\"450\" height=\"300\" src=\"https:\/\/opter.com\/wp-content\/uploads\/2020\/11\/viktor_edlund_vd.png\" alt=\"\" class=\"wp-image-1685\"\/><figcaption class=\"wp-element-caption\">\u201cHaluamme parasta asiakkaillemme, toisillemme ja itsellemme \u2013 n\u00e4in kuvailisin Opteria lyhyesti.\u201d<br> Viktor Edlund, toimitusjohtaja<\/figcaption><\/figure>\n\n\n\n<p>Haluamme saada aikaan positiivisen muutoksen: fiksut j\u00e4rjestelm\u00e4ratkaisut auttavat kuljetusyrityksi\u00e4 toimimaan kest\u00e4v\u00e4mmin pitk\u00e4ll\u00e4 aikav\u00e4lill\u00e4 sek\u00e4 tekem\u00e4\u00e4n ty\u00f6paikasta paremman. T\u00e4m\u00e4 asetettiin tavoitteeksi, kun Johan Frisk ja Viktor Edlund perustivat yrityksen vuonna 2002. Yrityksen nimi oli tuolloin Fleet 101 ja tuote oli nimelt\u00e4\u00e4n K2.<\/p>\n\n\n\n<p>Positiivisen muutoksen perusajatus on yh\u00e4 kantava voima Opterilla. Toisistamme, k\u00e4ytt\u00e4jist\u00e4 ja ymp\u00e4r\u00f6iv\u00e4st\u00e4 maailmasta huolehtiminen on toimintamme ytimess\u00e4, kun autamme ratkaisujamme k\u00e4ytt\u00e4vi\u00e4 yrityksi\u00e4 t\u00e4ytt\u00e4m\u00e4\u00e4n asiakkaidensa toiveet, ty\u00f6ntekij\u00f6idens\u00e4 tarpeet ja ymp\u00e4rist\u00f6n vaatimukset. Sen ansiosta Opter on noussut Pohjoismaiden johtavaksi toiminnanohjausj\u00e4rjestelm\u00e4ksi kuljetusalalla.<\/p>\n\n\n\n<p>Kehit\u00e4mme Opteria tiiviiss\u00e4 vuorovaikutuksessa asiakkaidemme kanssa. Heid\u00e4n yhteiset tarpeensa vaikuttavat j\u00e4rjestelm\u00e4n ulkon\u00e4k\u00f6\u00f6n ja toimintoihin. Mit\u00e4 useampi yritys k\u00e4ytt\u00e4\u00e4 Opteria ja osallistuu haasteidensa kautta sen kehitt\u00e4miseen, sit\u00e4 hy\u00f6dyllisempi j\u00e4rjestelm\u00e4st\u00e4 tulee kovassa kilpailussa kamppaileville yrityksille.<\/p>\n\n\n\n<p>Asiakastyytyv\u00e4isyys on ratkaisevan t\u00e4rke\u00e4\u00e4 menestyksemme kannalta. Siksi asiakkaidemme ei tarvitse sitoutua yhteen kalliiseen j\u00e4rjestelm\u00e4\u00e4n tai suuriin konsultointiprojekteihin. Liiketoimintamallimme \u2013 standardisoitu, mukautettava ja jatkuvasti kehitett\u00e4v\u00e4 ratkaisu kuukausihintaan yrityksen koon perusteella \u2013 n\u00e4htiin aluksi mielipuolisena. Sittemmin yritys on kasvanut jo vuosikausia 25 prosentin vuositahdilla. 600 asiakkaallaan ja tuhansien k\u00e4ytt\u00e4jien my\u00f6t\u00e4 Opter on nyky\u00e4\u00e4n likipit\u00e4en kuljetusalan standardi. Opter on turvallinen ja nykyaikainen valinta kuljetusyrityksille, jotka haluavat panostaa asiakassuhteisiin ja pitk\u00e4ll\u00e4 aikav\u00e4lill\u00e4 kannattavan liiketoiminnan harjoittamiseen.<\/p>\n\n\n\n<p>Opterilla on asiakkaita Ruotsissa, Norjassa, Suomessa, Tanskassa, Virossa ja Islannissa.<\/p>\n\n\n\n<p><\/p>\n\n\n\n\n<div class=\"NewsList\">\n  <h1 class=\"NewsList-title\">Viimeisimm\u00e4t uutiset<\/h1>\n  <hr class=\"wp-block-separator\">\n  <div class=\"NewsList-items\">\n                <article class=\"NewsListItem post-15938 post type-post status-publish format-standard has-post-thumbnail hentry category-nyheter category-start_news\">\n  <a class=\"NewsListItem-link\" href=\"https:\/\/opter.com\/fi\/opter-mukana-kuljetusareena-tapahtumassa-2026\/\">\n        <div class=\"NewsListItem-image\">\n      <img loading=\"lazy\" decoding=\"async\" width=\"767\" height=\"431\" src=\"https:\/\/opter.com\/wp-content\/uploads\/2026\/04\/transport-26-767x431-1.png\" class=\"attachment-post-thumbnail size-post-thumbnail wp-post-image\" alt=\"Transport 26\" srcset=\"https:\/\/opter.com\/wp-content\/uploads\/2026\/04\/transport-26-767x431-1.png 767w, https:\/\/opter.com\/wp-content\/uploads\/2026\/04\/transport-26-767x431-1-300x169.png 300w\" sizes=\"auto, (max-width: 767px) 100vw, 767px\" \/>\n    <\/div>\n        <h2 class=\"NewsListItem-title\">\n      Opter mukana KuljetusAreena-tapahtumassa 2026\n    <\/h2>\n    <time class=\"NewsListItem-date\" datetime=\"2026-04-20T14:42:36+02:00\">20.4.2026<\/time>\n    <p class=\"NewsListItem-lead\">\n      Kuljetusala kokoontuu 5. toukokuuta Jyv\u00e4skyl\u00e4n Paviljongissa ja olemme tietenkin&hellip;\n    <\/p>\n  <\/a>\n<\/article>\n                <article class=\"NewsListItem post-15906 post type-post status-publish format-standard has-post-thumbnail hentry category-nyheter category-start_news\">\n  <a class=\"NewsListItem-link\" href=\"https:\/\/opter.com\/fi\/drange-kran-og-transport-as\/\">\n        <div class=\"NewsListItem-image\">\n      <img loading=\"lazy\" decoding=\"async\" width=\"767\" height=\"431\" src=\"https:\/\/opter.com\/wp-content\/uploads\/2026\/03\/drange_kran_767x431.png\" class=\"attachment-post-thumbnail size-post-thumbnail wp-post-image\" alt=\"Drange Kran og Transport AS\" srcset=\"https:\/\/opter.com\/wp-content\/uploads\/2026\/03\/drange_kran_767x431.png 767w, https:\/\/opter.com\/wp-content\/uploads\/2026\/03\/drange_kran_767x431-300x169.png 300w\" sizes=\"auto, (max-width: 767px) 100vw, 767px\" \/>\n    <\/div>\n        <h2 class=\"NewsListItem-title\">\n      Drange Kran og Transport AS on ottanut Opterin k\u00e4ytt\u00f6\u00f6n\n    <\/h2>\n    <time class=\"NewsListItem-date\" datetime=\"2026-04-17T07:15:00+02:00\">17.4.2026<\/time>\n    <p class=\"NewsListItem-lead\">\n      Tervetuloa Opterille, Drange Kran og Transport AS! Yritys on&hellip;\n    <\/p>\n  <\/a>\n<\/article>\n                <article class=\"NewsListItem post-15883 post type-post status-publish format-standard has-post-thumbnail hentry category-nyheter category-start_news\">\n  <a class=\"NewsListItem-link\" href=\"https:\/\/opter.com\/fi\/shqipton-tahiri-uusi-jarjestelmamyyja-norjassa\/\">\n        <div class=\"NewsListItem-image\">\n      <img loading=\"lazy\" decoding=\"async\" width=\"767\" height=\"431\" src=\"https:\/\/opter.com\/wp-content\/uploads\/2026\/03\/shqipton_767x431.png\" class=\"attachment-post-thumbnail size-post-thumbnail wp-post-image\" alt=\"Shqipton Tahiri, systems\u00e4ljare Opter Norge\" srcset=\"https:\/\/opter.com\/wp-content\/uploads\/2026\/03\/shqipton_767x431.png 767w, https:\/\/opter.com\/wp-content\/uploads\/2026\/03\/shqipton_767x431-300x169.png 300w\" sizes=\"auto, (max-width: 767px) 100vw, 767px\" \/>\n    <\/div>\n        <h2 class=\"NewsListItem-title\">\n      Shqipton Tahiri \u2013 uusi j\u00e4rjestelm\u00e4myyj\u00e4 Norjassa\n    <\/h2>\n    <time class=\"NewsListItem-date\" datetime=\"2026-04-15T17:15:15+02:00\">15.4.2026<\/time>\n    <p class=\"NewsListItem-lead\">\n      Shqipton Tahiri aloitti talvella Opter Norjan uutena j\u00e4rjestelm\u00e4myyj\u00e4n\u00e4. H\u00e4nell\u00e4&hellip;\n    <\/p>\n  <\/a>\n<\/article>\n      <\/div>\n  <div class=\"NewsList-loadMore\">\n    <a class=\"NewsList-loadMoreLink js-loadmore-news\" href=\"#\">Load more news items<\/a>\n  <\/div>\n<\/div>\n","protected":false},"excerpt":{"rendered":"<p>Haluamme saada aikaan positiivisen muutoksen: fiksut j\u00e4rjestelm\u00e4ratkaisut auttavat kuljetusyrityksi\u00e4&hellip;<\/p>\n","protected":false},"author":3,"featured_media":0,"parent":0,"menu_order":0,"comment_status":"closed","ping_status":"closed","template":"","meta":{"_acf_changed":false,"footnotes":""},"class_list":["post-3029","page","type-page","status-publish","hentry"],"acf":[],"_links":{"self":[{"href":"https:\/\/opter.com\/fi\/wp-json\/wp\/v2\/pages\/3029","targetHints":{"allow":["GET"]}}],"collection":[{"href":"https:\/\/opter.com\/fi\/wp-json\/wp\/v2\/pages"}],"about":[{"href":"https:\/\/opter.com\/fi\/wp-json\/wp\/v2\/types\/page"}],"author":[{"embeddable":true,"href":"https:\/\/opter.com\/fi\/wp-json\/wp\/v2\/users\/3"}],"replies":[{"embeddable":true,"href":"https:\/\/opter.com\/fi\/wp-json\/wp\/v2\/comments?post=3029"}],"version-history":[{"count":8,"href":"https:\/\/opter.com\/fi\/wp-json\/wp\/v2\/pages\/3029\/revisions"}],"predecessor-version":[{"id":14118,"href":"https:\/\/opter.com\/fi\/wp-json\/wp\/v2\/pages\/3029\/revisions\/14118"}],"wp:attachment":[{"href":"https:\/\/opter.com\/fi\/wp-json\/wp\/v2\/media?parent=3029"}],"curies":[{"name":"wp","href":"https:\/\/api.w.org\/{rel}","templated":true}]}}