{"id":3031,"date":"2021-01-05T16:04:40","date_gmt":"2021-01-05T15:04:40","guid":{"rendered":"https:\/\/opter.com\/tietoa-yrityksesta\/tule-meille-toihin\/"},"modified":"2024-03-14T14:25:38","modified_gmt":"2024-03-14T13:25:38","slug":"tule-meille-toihin","status":"publish","type":"page","link":"https:\/\/opter.com\/fi\/tietoa-yrityksesta\/tule-meille-toihin\/","title":{"rendered":"Tule meille t\u00f6ihin"},"content":{"rendered":"\n<h2 class=\"wp-block-heading\">Haemme osaavia ongelmanratkaisijoita<\/h2>\n\n\n\n<p>Opter kasvaa jatkuvasti ja etsimme koko ajan uusia ty\u00f6ntekij\u00f6it\u00e4 eri puolille Pohjoismaita. Vapaista ty\u00f6paikoista ilmoitetaan t\u00e4\u00e4ll\u00e4. Voit my\u00f6s milloin tahansa l\u00e4hett\u00e4\u00e4 meille viestin osoitteeseen <a rel=\"noreferrer noopener\" href=\"mailto:work@opter.com\" target=\"_blank\">work@opter.com<\/a> vaikka sopivaa hakua ei olisikaan k\u00e4ynniss\u00e4.<\/p>\n\n\n\n<figure class=\"wp-block-image size-large\"><img loading=\"lazy\" decoding=\"async\" width=\"450\" height=\"299\" src=\"https:\/\/opter.com\/wp-content\/uploads\/2020\/12\/andreas-jobba-hos-oss.jpg\" alt=\"\" class=\"wp-image-2043\"\/><figcaption class=\"wp-element-caption\"> \u201cHauskinta Opterilla on se, ett\u00e4 p\u00e4\u00e4see tekem\u00e4\u00e4n todellisia parannuksia joka p\u00e4iv\u00e4 \u2013 asiakkaillemme, tuotteisiimme ja yrityksellemme.\u201d <br>Andreas Starrsj\u00f6, ohjelmistokehitt\u00e4j\u00e4<\/figcaption><\/figure>\n\n\n<p class=\"ArrowLink\">\n    <a class=\"ArrowLink-link\" href=\"\/fi\/tule-meille-toihin-haemme-net-kehittajaa\/\">\n      <svg xmlns=\"http:\/\/www.w3.org\/2000\/svg\" width=\"40\" height=\"41\" fill=\"none\" viewBox=\"0 0 40 41\" class=\"arrow\">\n        <path fill=\"#F64F10\" d=\"M20 40.356c11.046 0 20-8.954 20-20 0-11.045-8.954-20-20-20s-20 8.955-20 20c0 11.046 8.954 20 20 20z\"\/>\n        <path class=\"stroke\" fill=\"#DFDAD4\" d=\"M30.211 18.856H33.211V41.856H30.211z\" transform=\"rotate(90 30.211 18.856)\"\/>\n        <path class=\"arrow-part\" fill=\"#DFDAD4\" d=\"M32.53 20.362l-2.123 1.295-9.72-10.978 2.318-1.905 9.524 11.588z\"\/>\n        <path class=\"arrow-part\" fill=\"#DFDAD4\" d=\"M32.53 20.351l-2.123-1.294-9.72 10.978 2.318 1.904 9.524-11.588z\"\/>\n      <\/svg>\n      Haemme .NET-kehitt\u00e4j\u00e4\u00e4<\/a>\n  <\/p>\n\n\n\n\n<p>Oletko ter\u00e4v\u00e4-\u00e4lyinen .NET-kehitt\u00e4j\u00e4, joka hallitsee pitk\u00e4j\u00e4nteisen ty\u00f6skentelyn? Kehit\u00e4mme ty\u00f6kaluja, jotka tekev\u00e4t asiakkaidemme monimutkaisesta toiminnasta helpompaa, tehokkaampaa ja kest\u00e4v\u00e4mp\u00e4\u00e4.<\/p>\n\n\n<p class=\"Lead\">\n  Osaava, kehityshaluinen ja menestyv\u00e4\n<\/p>\n\n\n\n\n<p>Opterilla ty\u00f6skentely on kuljetusyritysten kasvun tukemista ja samalla ymp\u00e4rist\u00f6st\u00e4 ja ihmisist\u00e4 huolehtimista. Teemme yhdess\u00e4 Opterista koko ajan paremman. Mit\u00e4 useampi kuljetusyritys k\u00e4ytt\u00e4\u00e4 ohjelmistoamme, sit\u00e4 tehokkaammin kuljetusalan resursseja voidaan k\u00e4ytt\u00e4\u00e4.<\/p>\n\n\n\n<figure class=\"wp-block-embed is-type-video is-provider-youtube wp-block-embed-youtube wp-embed-aspect-16-9 wp-has-aspect-ratio\"><div class=\"wp-block-embed__wrapper\">\n<iframe loading=\"lazy\" title=\"Det h\u00e4r \u00e4r Opter\" width=\"500\" height=\"281\" src=\"https:\/\/www.youtube.com\/embed\/U-UibxDGPdM?feature=oembed\" frameborder=\"0\" allow=\"accelerometer; autoplay; clipboard-write; encrypted-media; gyroscope; picture-in-picture; web-share\" referrerpolicy=\"strict-origin-when-cross-origin\" allowfullscreen><\/iframe>\n<\/div><\/figure>\n\n\n\n<p>Opimme joka p\u00e4iv\u00e4 lis\u00e4\u00e4 asiakkaidemme haasteista, kasvamme teht\u00e4viss\u00e4mme, haastamme itse\u00e4mme ja teemme rohkeampia p\u00e4\u00e4t\u00f6ksi\u00e4. Jatkuva kehitys on kantava voima, joka heijastuu my\u00f6s meihin ty\u00f6paikkana.&nbsp;<\/p>\n\n\n\n<p>Etsimme ty\u00f6ntekij\u00e4\u00e4, joka haluaa kehitt\u00e4\u00e4 ja kehitty\u00e4. Haussa on haasteita kaipaava ty\u00f6ntekij\u00e4, joka on valmis luomaan suhteita, ratkaisemaan ongelmia ja kasvamaan yhdess\u00e4 muiden kanssa. Kehit\u00e4mme yhdess\u00e4 alamme k\u00e4ytetyint\u00e4 toiminnanohjausj\u00e4rjestelm\u00e4\u00e4, ja nyt t\u00e4ht\u00e4\u00e4mme uusille markkinoille. Haluatko osaksi joukkoamme? Hae avointa teht\u00e4v\u00e4\u00e4 tai l\u00e4het\u00e4 avoin hakemus osoitteeseen <a href=\"mailto:work@opter.com\">work@opter.com<\/a>.<\/p>\n\n\n\n\n\n<p><\/p>\n","protected":false},"excerpt":{"rendered":"<p>Haemme osaavia ongelmanratkaisijoita Opter kasvaa jatkuvasti ja etsimme koko&hellip;<\/p>\n","protected":false},"author":3,"featured_media":0,"parent":3029,"menu_order":0,"comment_status":"closed","ping_status":"closed","template":"","meta":{"_acf_changed":false,"footnotes":""},"class_list":["post-3031","page","type-page","status-publish","hentry"],"acf":[],"_links":{"self":[{"href":"https:\/\/opter.com\/fi\/wp-json\/wp\/v2\/pages\/3031","targetHints":{"allow":["GET"]}}],"collection":[{"href":"https:\/\/opter.com\/fi\/wp-json\/wp\/v2\/pages"}],"about":[{"href":"https:\/\/opter.com\/fi\/wp-json\/wp\/v2\/types\/page"}],"author":[{"embeddable":true,"href":"https:\/\/opter.com\/fi\/wp-json\/wp\/v2\/users\/3"}],"replies":[{"embeddable":true,"href":"https:\/\/opter.com\/fi\/wp-json\/wp\/v2\/comments?post=3031"}],"version-history":[{"count":25,"href":"https:\/\/opter.com\/fi\/wp-json\/wp\/v2\/pages\/3031\/revisions"}],"predecessor-version":[{"id":10960,"href":"https:\/\/opter.com\/fi\/wp-json\/wp\/v2\/pages\/3031\/revisions\/10960"}],"up":[{"embeddable":true,"href":"https:\/\/opter.com\/fi\/wp-json\/wp\/v2\/pages\/3029"}],"wp:attachment":[{"href":"https:\/\/opter.com\/fi\/wp-json\/wp\/v2\/media?parent=3031"}],"curies":[{"name":"wp","href":"https:\/\/api.w.org\/{rel}","templated":true}]}}