{"id":3038,"date":"2021-01-05T16:04:46","date_gmt":"2021-01-05T15:04:46","guid":{"rendered":"https:\/\/opter.com\/kysymyksia-ja-vastauksia\/"},"modified":"2021-10-25T10:39:02","modified_gmt":"2021-10-25T08:39:02","slug":"kysymyksia-ja-vastauksia","status":"publish","type":"page","link":"https:\/\/opter.com\/fi\/kysymyksia-ja-vastauksia\/","title":{"rendered":"Kysymyksi\u00e4 ja vastauksia"},"content":{"rendered":"\n<h2 class=\"wp-block-heading\">Kiinnostaako Opterin k\u00e4ytt\u00f6? T\u00e4ss\u00e4 ovat yleisimm\u00e4t kysymykset.<\/h2>\n\n\n<div class=\"AccordionBlock\">\n                <div class=\"Accordion js-accordion js-accordion--closed\" data-state=\"closed\">\n        <h3 class=\"Accordion-title js-accordion-toggle\">Mist\u00e4 tied\u00e4n, ett\u00e4 j\u00e4rjestelm\u00e4 sopii yritykselleni?<\/h3>\n        <div class=\"Accordion-content js-accordion-content\">\n                                <div class=\"Accordion-text\">\n              <p>Opter on kehitetty kuljetusyritysten tarpeita varten ja standardisoitu sopimaan monille. Se on my\u00f6s mukautettava, jotta se vastaa kunkin asiakkaan yksil\u00f6llisiin tarpeisiin ja k\u00e4yt\u00e4nt\u00f6ihin.<\/p>\n<p><a href=\"https:\/\/opter.com\/fi\/ota-yhteytta\/\">Ota yhteytt\u00e4 myyntiin, <\/a> niin voimme n\u00e4ytt\u00e4\u00e4, kuinka Opter voi tukea ja tehostaa juuri sinun yrityksesi toimintaa ja kuinka helppoa k\u00e4ytt\u00f6\u00f6notto on. Tavataan meill\u00e4, teill\u00e4 tai digitaalisesti.<\/p>\n            <\/div>\n                  <\/div>\n      <\/div>\n                <div class=\"Accordion js-accordion js-accordion--closed\" data-state=\"closed\">\n        <h3 class=\"Accordion-title js-accordion-toggle\">Mit\u00e4 Opter maksaa?<\/h3>\n        <div class=\"Accordion-content js-accordion-content\">\n                                <div class=\"Accordion-text\">\n              <p>Opter-ohjelmisto on tilauspalvelu, josta maksetaan kiinte\u00e4 kuukausihinta riippuen j\u00e4rjestelm\u00e4ss\u00e4 k\u00e4sitelt\u00e4vien ajoneuvojen ja l\u00e4hetysten m\u00e4\u00e4r\u00e4st\u00e4. Kuukausihintaan sis\u00e4ltyv\u00e4t kaikki toiminnot, p\u00e4ivitykset ja tietenkin tuki.<\/p>\n            <\/div>\n                  <\/div>\n      <\/div>\n                <div class=\"Accordion js-accordion js-accordion--closed\" data-state=\"closed\">\n        <h3 class=\"Accordion-title js-accordion-toggle\">Miten Opter otetaan k\u00e4ytt\u00f6\u00f6n?<\/h3>\n        <div class=\"Accordion-content js-accordion-content\">\n                                <div class=\"Accordion-text\">\n              <p>Se on helppoa. Ensin valitaan j\u00e4rjestelm\u00e4nvalvoja, joka tuntee yrityksen toiminnan ja tarpeet. K\u00e4ytt\u00f6\u00f6nottokonsulttimme opastaa k\u00e4ytt\u00f6\u00f6nottoprosessissa ja toimii keskustelukumppanina. M\u00e4\u00e4rittelemme yhdess\u00e4, kuinka Opter toimii juuri oman yrityksesi parhaaksi, esimerkiksi mit\u00e4 tietoja tarvitaan, miten tiedot rekister\u00f6id\u00e4\u00e4n tai noudetaan ja milt\u00e4 sovellukset ja verkkopalvelut n\u00e4ytt\u00e4v\u00e4t. Olemme mukana ensi hetkest\u00e4 siihen saakka kun j\u00e4rjestelm\u00e4 on toiminnassa.<\/p>\n            <\/div>\n                  <\/div>\n      <\/div>\n                <div class=\"Accordion js-accordion js-accordion--closed\" data-state=\"closed\">\n        <h3 class=\"Accordion-title js-accordion-toggle\">Kuinka kauan k\u00e4ytt\u00f6\u00f6notto vie?<\/h3>\n        <div class=\"Accordion-content js-accordion-content\">\n                                <div class=\"Accordion-text\">\n              <p>Se riippuu hieman yrityksen koosta ja siit\u00e4, mit\u00e4 toimintoja halutaan k\u00e4ytt\u00f6\u00f6n. Olemme havainneet, ett\u00e4 kaikkein t\u00e4rkeint\u00e4 nopeassa k\u00e4ytt\u00f6\u00f6notossa on se, ett\u00e4 nimetyll\u00e4 j\u00e4rjestelm\u00e4nvalvojalla on tarpeeksi aikaa k\u00e4yd\u00e4 ratkaisu l\u00e4pi kanssamme ja kouluttaa k\u00e4ytt\u00e4j\u00e4t.<\/p>\n            <\/div>\n                  <\/div>\n      <\/div>\n                <div class=\"Accordion js-accordion js-accordion--closed\" data-state=\"closed\">\n        <h3 class=\"Accordion-title js-accordion-toggle\">Kuka vastaa tekniikasta?<\/h3>\n        <div class=\"Accordion-content js-accordion-content\">\n                                <div class=\"Accordion-text\">\n              <p>Opteria k\u00e4ytet\u00e4\u00e4n Microsoft Azure -pilvipalvelun kautta, ja siihen saadaan yhteys tietokoneelle asennettavan ohjelman avulla. Opterin voi asentaa my\u00f6s yrityksen omalle palvelimelle tai muuhun hostingpalveluun. Silloin yritys vastaa itse palvelimen ja muun laitteiston toiminnasta. Kokoonpanosta riippumatta kaikki asiakkaamme saavat automaattisesti viimeisimm\u00e4t p\u00e4ivitykset.<\/p>\n            <\/div>\n                  <\/div>\n      <\/div>\n                <div class=\"Accordion js-accordion js-accordion--closed\" data-state=\"closed\">\n        <h3 class=\"Accordion-title js-accordion-toggle\">Sis\u00e4ltyyk\u00f6 tuki hintaan?<\/h3>\n        <div class=\"Accordion-content js-accordion-content\">\n                                <div class=\"Accordion-text\">\n              <p>Tietenkin!<\/p>\n            <\/div>\n                  <\/div>\n      <\/div>\n                <div class=\"Accordion js-accordion js-accordion--closed\" data-state=\"closed\">\n        <h3 class=\"Accordion-title js-accordion-toggle\">Voiko asiakas tehd\u00e4 varauksia s\u00e4hk\u00f6isesti? Voivatko asiakkaat seurata toimeksiantojaan? Miten asiakirjoja k\u00e4sitell\u00e4\u00e4n?<\/h3>\n        <div class=\"Accordion-content js-accordion-content\">\n                                <div class=\"Accordion-text\">\n              <p>Sivulla <a href=\"https:\/\/opter.com\/fi\/nain-opter-toimii\/\">N\u00e4in Opter toimii<\/a> on vastauksia yleisimpiin kysymyksiin siit\u00e4, miten Opter voi tukea yrityksen toimintaa.<\/p>\n<p>Jos haluat kuulla lis\u00e4\u00e4, ota <a href=\"https:\/\/opter.com\/fi\/ota-yhteytta\/\">meihin yhteytt\u00e4<\/a>.<\/p>\n            <\/div>\n                  <\/div>\n      <\/div>\n      <\/div>\n","protected":false},"excerpt":{"rendered":"<p>Kiinnostaako Opterin k\u00e4ytt\u00f6? T\u00e4ss\u00e4 ovat yleisimm\u00e4t kysymykset.<\/p>\n","protected":false},"author":6,"featured_media":0,"parent":0,"menu_order":0,"comment_status":"closed","ping_status":"closed","template":"","meta":{"_acf_changed":false,"footnotes":""},"class_list":["post-3038","page","type-page","status-publish","hentry"],"acf":[],"_links":{"self":[{"href":"https:\/\/opter.com\/fi\/wp-json\/wp\/v2\/pages\/3038","targetHints":{"allow":["GET"]}}],"collection":[{"href":"https:\/\/opter.com\/fi\/wp-json\/wp\/v2\/pages"}],"about":[{"href":"https:\/\/opter.com\/fi\/wp-json\/wp\/v2\/types\/page"}],"author":[{"embeddable":true,"href":"https:\/\/opter.com\/fi\/wp-json\/wp\/v2\/users\/6"}],"replies":[{"embeddable":true,"href":"https:\/\/opter.com\/fi\/wp-json\/wp\/v2\/comments?post=3038"}],"version-history":[{"count":6,"href":"https:\/\/opter.com\/fi\/wp-json\/wp\/v2\/pages\/3038\/revisions"}],"predecessor-version":[{"id":6165,"href":"https:\/\/opter.com\/fi\/wp-json\/wp\/v2\/pages\/3038\/revisions\/6165"}],"wp:attachment":[{"href":"https:\/\/opter.com\/fi\/wp-json\/wp\/v2\/media?parent=3038"}],"curies":[{"name":"wp","href":"https:\/\/api.w.org\/{rel}","templated":true}]}}