{"id":3802,"date":"2021-02-25T19:14:57","date_gmt":"2021-02-25T18:14:57","guid":{"rendered":"https:\/\/opter.com\/?page_id=3802"},"modified":"2025-04-04T16:17:28","modified_gmt":"2025-04-04T14:17:28","slug":"a2b","status":"publish","type":"page","link":"https:\/\/opter.com\/fi\/a2b\/","title":{"rendered":"A2B"},"content":{"rendered":"<div class=\"ImageHeadline\">\n      <div class=\"ImageHeadline-image\" style=\"background-image: url('https:\/\/opter.com\/wp-content\/uploads\/2022\/11\/a2b-tero-kakko-1600-1024x576.png')\">\n      <img loading=\"lazy\" decoding=\"async\" width=\"1024\" height=\"576\" src=\"https:\/\/opter.com\/wp-content\/uploads\/2022\/11\/a2b-tero-kakko-1600-1024x576.png\" class=\"ImageHeadline-img\" alt=\"\" srcset=\"https:\/\/opter.com\/wp-content\/uploads\/2022\/11\/a2b-tero-kakko-1600-1024x576.png 1024w, https:\/\/opter.com\/wp-content\/uploads\/2022\/11\/a2b-tero-kakko-1600-300x169.png 300w, https:\/\/opter.com\/wp-content\/uploads\/2022\/11\/a2b-tero-kakko-1600-768x432.png 768w, https:\/\/opter.com\/wp-content\/uploads\/2022\/11\/a2b-tero-kakko-1600-1536x864.png 1536w, https:\/\/opter.com\/wp-content\/uploads\/2022\/11\/a2b-tero-kakko-1600-1440x810.png 1440w, https:\/\/opter.com\/wp-content\/uploads\/2022\/11\/a2b-tero-kakko-1600.png 1600w\" sizes=\"auto, (max-width: 1024px) 100vw, 1024px\" \/>\n    <\/div>\n    <h2 class=\"ImageHeadline-headline\">\u201dOpter on meille t\u00e4rke\u00e4 osa koko tekemist\u00e4mme ja auttaa meit\u00e4 suorittamaan ty\u00f6mme hyvin.\u201d<\/h2>\n<\/div>\n\n\n\n\n<p>Kuljetusliike&nbsp;<a rel=\"noreferrer noopener\" style=\"user-select: auto;\" href=\"https:\/\/a2b.fi\/\" target=\"_blank\">A2B:n<\/a>&nbsp;toimitusjohtaja Tero Kakko valitsi Opterin jo edelliseen yritykseens\u00e4 vuonna 2002. H\u00e4n kertoo, ett\u00e4 aikoinaan olivat Ruotsissa tutustumassa paikalliseen&nbsp;kuljetusyritykseen ja yritysvierailulla heille esiteltiin ohjelma, jossa miellytti selkeys, helppous&nbsp;ja erityisesti ajoj\u00e4rjestelyn toiminnot. A2B on k\u00e4ytt\u00e4nyt Opteria jo vuodesta 2010 ja heill\u00e4 on kalustossaan 50 autoa.<\/p>\n\n\n\n<p>\u201dOpterissa parasta on toimiva kokonaisuus. Siin\u00e4 on kaikki tilausten vastaanotosta ajoj\u00e4rjestelyyn ja aina&nbsp;laskutukseen ja hallinnointiin saakka.&nbsp;Opter on meille t\u00e4rke\u00e4 osa koko tekemist\u00e4mme ja auttaa meit\u00e4 suorittamaan ty\u00f6mme hyvin.\u201d<br>Tero Kakko, toimitusjohtaja, A2B<\/p>\n\n\n\n<h3 class=\"wp-block-heading\">Varaa esittely!<\/h3>\n\n\n\n<p>Haluatko kuulla lis\u00e4\u00e4? Kerromme mielell\u00e4mme, miten Opter toimii ja kuinka helposti p\u00e4\u00e4set alkuun.<\/p>\n\n\n<div class=\"BookADemo\">\n    <a class=\"BookADemo-link\" href=\"\/fi\/ota-yhteytta\/\">\n      Varaa demo\n    <\/a>\n  <\/div>\n\n","protected":false},"excerpt":{"rendered":"<p>Kuljetusliike&nbsp;A2B:n&nbsp;toimitusjohtaja Tero Kakko valitsi Opterin jo edelliseen yritykseens\u00e4 vuonna&hellip;<\/p>\n","protected":false},"author":18,"featured_media":3534,"parent":0,"menu_order":0,"comment_status":"closed","ping_status":"closed","template":"","meta":{"_acf_changed":false,"footnotes":""},"class_list":["post-3802","page","type-page","status-publish","has-post-thumbnail","hentry"],"acf":[],"_links":{"self":[{"href":"https:\/\/opter.com\/fi\/wp-json\/wp\/v2\/pages\/3802","targetHints":{"allow":["GET"]}}],"collection":[{"href":"https:\/\/opter.com\/fi\/wp-json\/wp\/v2\/pages"}],"about":[{"href":"https:\/\/opter.com\/fi\/wp-json\/wp\/v2\/types\/page"}],"author":[{"embeddable":true,"href":"https:\/\/opter.com\/fi\/wp-json\/wp\/v2\/users\/18"}],"replies":[{"embeddable":true,"href":"https:\/\/opter.com\/fi\/wp-json\/wp\/v2\/comments?post=3802"}],"version-history":[{"count":12,"href":"https:\/\/opter.com\/fi\/wp-json\/wp\/v2\/pages\/3802\/revisions"}],"predecessor-version":[{"id":13312,"href":"https:\/\/opter.com\/fi\/wp-json\/wp\/v2\/pages\/3802\/revisions\/13312"}],"wp:featuredmedia":[{"embeddable":true,"href":"https:\/\/opter.com\/fi\/wp-json\/wp\/v2\/media\/3534"}],"wp:attachment":[{"href":"https:\/\/opter.com\/fi\/wp-json\/wp\/v2\/media?parent=3802"}],"curies":[{"name":"wp","href":"https:\/\/api.w.org\/{rel}","templated":true}]}}