{"id":3809,"date":"2021-02-25T19:19:22","date_gmt":"2021-02-25T18:19:22","guid":{"rendered":"https:\/\/opter.com\/?page_id=3809"},"modified":"2023-01-12T14:09:17","modified_gmt":"2023-01-12T13:09:17","slug":"flygfrakt","status":"publish","type":"page","link":"https:\/\/opter.com\/fi\/flygfrakt\/","title":{"rendered":"Flygfrakt"},"content":{"rendered":"<div class=\"ImageHeadline\">\n      <div class=\"ImageHeadline-image\" style=\"background-image: url('https:\/\/opter.com\/wp-content\/uploads\/2022\/02\/flygfrakt-hans-j-nilsson_1600-1024x576.png')\">\n      <img loading=\"lazy\" decoding=\"async\" width=\"1024\" height=\"576\" src=\"https:\/\/opter.com\/wp-content\/uploads\/2022\/02\/flygfrakt-hans-j-nilsson_1600-1024x576.png\" class=\"ImageHeadline-img\" alt=\"\" srcset=\"https:\/\/opter.com\/wp-content\/uploads\/2022\/02\/flygfrakt-hans-j-nilsson_1600-1024x576.png 1024w, https:\/\/opter.com\/wp-content\/uploads\/2022\/02\/flygfrakt-hans-j-nilsson_1600-300x169.png 300w, https:\/\/opter.com\/wp-content\/uploads\/2022\/02\/flygfrakt-hans-j-nilsson_1600-768x432.png 768w, https:\/\/opter.com\/wp-content\/uploads\/2022\/02\/flygfrakt-hans-j-nilsson_1600-1536x864.png 1536w, https:\/\/opter.com\/wp-content\/uploads\/2022\/02\/flygfrakt-hans-j-nilsson_1600-1440x810.png 1440w, https:\/\/opter.com\/wp-content\/uploads\/2022\/02\/flygfrakt-hans-j-nilsson_1600.png 1600w\" sizes=\"auto, (max-width: 1024px) 100vw, 1024px\" \/>\n    <\/div>\n    <h2 class=\"ImageHeadline-headline\">\u201dKehit\u00e4mme toimintaamme Opterin avulla.\u201d<\/h2>\n<\/div>\n\n\n\n\n<p>Hans J Nilsson&nbsp;<a rel=\"noreferrer noopener\" style=\"user-select: auto;\" href=\"http:\/\/www.flygfrakt.se\/\" target=\"_blank\">Flygfrakt-yrityksest\u00e4&nbsp;<\/a>on ollut tyytyv\u00e4inen asiakas jo 10 vuotta. Kaikki Flygfraktin ajoneuvot, kuljettajat, ajoj\u00e4rjestelij\u00e4t ja asiakkaat k\u00e4ytt\u00e4v\u00e4t Opteria, mik\u00e4 my\u00f6s helpottaa viestint\u00e4\u00e4. Opter tehostaa toiminnan kaikkia osia.<\/p>\n\n\n\n<p>\u201dOpterin avulla olemme pystyneet muotoilemaan yrityksemme rakennetta ja prosessejamme. Se kannustaa meit\u00e4 my\u00f6s ajattelemaan uusilla tavoilla. J\u00e4rjestelm\u00e4 on oikeastaan edellytys sille, ett\u00e4 yrityksemme toimii. Se on selk\u00e4rankamme, joka auttaa s\u00e4\u00e4st\u00e4m\u00e4\u00e4n aikaa ja rahaa.\u201d<\/p>\n\n\n\n<h3 class=\"wp-block-heading\">Varaa esittely!<\/h3>\n\n\n\n<p>Haluatko kuulla lis\u00e4\u00e4? Kerromme mielell\u00e4mme, miten Opter toimii ja kuinka helposti p\u00e4\u00e4set alkuun.<\/p>\n\n\n<div class=\"BookADemo\">\n    <a class=\"BookADemo-link\" href=\"\/fi\/ota-yhteytta\/\">\n      Varaa demo\n    <\/a>\n  <\/div>\n\n","protected":false},"excerpt":{"rendered":"<p>Hans J Nilsson&nbsp;Flygfrakt-yrityksest\u00e4&nbsp;on ollut tyytyv\u00e4inen asiakas jo 10 vuotta.&hellip;<\/p>\n","protected":false},"author":18,"featured_media":7257,"parent":0,"menu_order":0,"comment_status":"closed","ping_status":"closed","template":"","meta":{"_acf_changed":false,"footnotes":""},"class_list":["post-3809","page","type-page","status-publish","has-post-thumbnail","hentry"],"acf":[],"_links":{"self":[{"href":"https:\/\/opter.com\/fi\/wp-json\/wp\/v2\/pages\/3809","targetHints":{"allow":["GET"]}}],"collection":[{"href":"https:\/\/opter.com\/fi\/wp-json\/wp\/v2\/pages"}],"about":[{"href":"https:\/\/opter.com\/fi\/wp-json\/wp\/v2\/types\/page"}],"author":[{"embeddable":true,"href":"https:\/\/opter.com\/fi\/wp-json\/wp\/v2\/users\/18"}],"replies":[{"embeddable":true,"href":"https:\/\/opter.com\/fi\/wp-json\/wp\/v2\/comments?post=3809"}],"version-history":[{"count":12,"href":"https:\/\/opter.com\/fi\/wp-json\/wp\/v2\/pages\/3809\/revisions"}],"predecessor-version":[{"id":8969,"href":"https:\/\/opter.com\/fi\/wp-json\/wp\/v2\/pages\/3809\/revisions\/8969"}],"wp:featuredmedia":[{"embeddable":true,"href":"https:\/\/opter.com\/fi\/wp-json\/wp\/v2\/media\/7257"}],"wp:attachment":[{"href":"https:\/\/opter.com\/fi\/wp-json\/wp\/v2\/media?parent=3809"}],"curies":[{"name":"wp","href":"https:\/\/api.w.org\/{rel}","templated":true}]}}