{"id":3814,"date":"2021-02-25T19:26:07","date_gmt":"2021-02-25T18:26:07","guid":{"rendered":"https:\/\/opter.com\/?page_id=3814"},"modified":"2023-01-12T14:09:28","modified_gmt":"2023-01-12T13:09:28","slug":"lillebil","status":"publish","type":"page","link":"https:\/\/opter.com\/fi\/lillebil\/","title":{"rendered":"Lillebil"},"content":{"rendered":"<div class=\"ImageHeadline\">\n      <div class=\"ImageHeadline-image\" style=\"background-image: url('https:\/\/opter.com\/wp-content\/uploads\/2020\/10\/lillebil_michael_alkevik_960p.jpg')\">\n      <img loading=\"lazy\" decoding=\"async\" width=\"960\" height=\"540\" src=\"https:\/\/opter.com\/wp-content\/uploads\/2020\/10\/lillebil_michael_alkevik_960p.jpg\" class=\"ImageHeadline-img\" alt=\"\" \/>\n    <\/div>\n    <h2 class=\"ImageHeadline-headline\">\u201dTarpeisiimme vastaava kuljetusten suunnitteluj\u00e4rjestelm\u00e4.\u201d<\/h2>\n<\/div>\n\n\n\n\n<p>\u201dSe, ett\u00e4 kaikki ty\u00f6ntekij\u00e4t ajoj\u00e4rjestelij\u00f6ist\u00e4 kuljettajiin k\u00e4ytt\u00e4v\u00e4t samaa j\u00e4rjestelm\u00e4\u00e4, tehostaa toimintaamme. Osa k\u00e4ytt\u00e4\u00e4 vain helpoimpia toimintoja, kun taas toiset ovat todella perehtyneit\u00e4 ja opettelevat jatkuvasti uusia ominaisuuksia. Saamme j\u00e4rjestelm\u00e4st\u00e4 nopeasti oikeat tiedot, mik\u00e4 v\u00e4hent\u00e4\u00e4 toimistoty\u00f6ntekij\u00f6idemme kuormitusta.\u201d<br>Michael Alkevik, osaomistaja ja projektivastaava, Lillebil<\/p>\n\n\n\n<p>L\u00e4hetti- ja kuljetusyritys&nbsp;<a rel=\"noreferrer noopener\" style=\"user-select: auto;\" href=\"https:\/\/www.lillebil.se\/\" target=\"_blank\">Lillebil<\/a>&nbsp;halusi j\u00e4rjestelm\u00e4n, joka ei vaatinut r\u00e4\u00e4t\u00e4l\u00f6inti\u00e4 vastatakseen yrityksen tarpeisiin. Se oli kymmenen vuotta sitten. Nyky\u00e4\u00e4n Lillebilin kalustossa on noin 70 ajoneuvoa ja kaikki ty\u00f6ntekij\u00e4t k\u00e4ytt\u00e4v\u00e4t Opteria.<\/p>\n\n\n\n<h3 class=\"wp-block-heading\">Varaa esittely!<\/h3>\n\n\n\n<p>Haluatko kuulla lis\u00e4\u00e4? Kerromme mielell\u00e4mme, miten Opter toimii ja kuinka helposti p\u00e4\u00e4set alkuun.<\/p>\n\n\n<div class=\"BookADemo\">\n    <a class=\"BookADemo-link\" href=\"\/fi\/ota-yhteytta\/\">\n      Varaa demo\n    <\/a>\n  <\/div>\n\n","protected":false},"excerpt":{"rendered":"<p>\u201dSe, ett\u00e4 kaikki ty\u00f6ntekij\u00e4t ajoj\u00e4rjestelij\u00f6ist\u00e4 kuljettajiin k\u00e4ytt\u00e4v\u00e4t samaa j\u00e4rjestelm\u00e4\u00e4,&hellip;<\/p>\n","protected":false},"author":18,"featured_media":3705,"parent":0,"menu_order":0,"comment_status":"closed","ping_status":"closed","template":"","meta":{"_acf_changed":false,"footnotes":""},"class_list":["post-3814","page","type-page","status-publish","has-post-thumbnail","hentry"],"acf":[],"_links":{"self":[{"href":"https:\/\/opter.com\/fi\/wp-json\/wp\/v2\/pages\/3814","targetHints":{"allow":["GET"]}}],"collection":[{"href":"https:\/\/opter.com\/fi\/wp-json\/wp\/v2\/pages"}],"about":[{"href":"https:\/\/opter.com\/fi\/wp-json\/wp\/v2\/types\/page"}],"author":[{"embeddable":true,"href":"https:\/\/opter.com\/fi\/wp-json\/wp\/v2\/users\/18"}],"replies":[{"embeddable":true,"href":"https:\/\/opter.com\/fi\/wp-json\/wp\/v2\/comments?post=3814"}],"version-history":[{"count":7,"href":"https:\/\/opter.com\/fi\/wp-json\/wp\/v2\/pages\/3814\/revisions"}],"predecessor-version":[{"id":8968,"href":"https:\/\/opter.com\/fi\/wp-json\/wp\/v2\/pages\/3814\/revisions\/8968"}],"wp:featuredmedia":[{"embeddable":true,"href":"https:\/\/opter.com\/fi\/wp-json\/wp\/v2\/media\/3705"}],"wp:attachment":[{"href":"https:\/\/opter.com\/fi\/wp-json\/wp\/v2\/media?parent=3814"}],"curies":[{"name":"wp","href":"https:\/\/api.w.org\/{rel}","templated":true}]}}