{"id":3819,"date":"2021-02-25T19:34:01","date_gmt":"2021-02-25T18:34:01","guid":{"rendered":"https:\/\/opter.com\/?page_id=3819"},"modified":"2023-01-12T14:09:37","modified_gmt":"2023-01-12T13:09:37","slug":"ntex-inrikes","status":"publish","type":"page","link":"https:\/\/opter.com\/fi\/ntex-inrikes\/","title":{"rendered":"NTEX Inrikes"},"content":{"rendered":"<div class=\"ImageHeadline\">\n      <div class=\"ImageHeadline-image\" style=\"background-image: url('https:\/\/opter.com\/wp-content\/uploads\/2020\/12\/fraktkompaniet-zebastian.jpg')\">\n      <img loading=\"lazy\" decoding=\"async\" width=\"960\" height=\"540\" src=\"https:\/\/opter.com\/wp-content\/uploads\/2020\/12\/fraktkompaniet-zebastian.jpg\" class=\"ImageHeadline-img\" alt=\"\" \/>\n    <\/div>\n    <h2 class=\"ImageHeadline-headline\">\u201dT\u00e4m\u00e4n vuoksi valitsimme Opterin.\u201d<\/h2>\n<\/div>\n\n\n\n\n<p>\u201dOlemme eritt\u00e4in tyytyv\u00e4isi\u00e4 Opteriin, sill\u00e4 se on varmasti toimiva ohjelma, joka helpottaa p\u00e4ivitt\u00e4ist\u00e4 ty\u00f6t\u00e4mme. Se on ennen kaikkea mukautettava ja joustava j\u00e4rjestelm\u00e4. Yhteisty\u00f6 Opterin kanssa tuntuu turvalliselta ja luotamme yhteiseen kasvuun tulevaisuudessa.\u201d<br>Zebastian Hasslinger, liikennejohtaja, G\u00f6teborg, Ntex Inrikes<\/p>\n\n\n\n<p><a rel=\"noreferrer noopener\" style=\"user-select: auto;\" href=\"https:\/\/fraktkompaniet.se\/\" target=\"_blank\">Ntex Inrikes<\/a>&nbsp;valitsi Opterin, sill\u00e4 yritys tarvitsi vankan ja luotettavan j\u00e4rjestelm\u00e4n toimintaansa. Moni heid\u00e4n liikenn\u00f6itsij\u00f6ist\u00e4\u00e4n k\u00e4ytti jo Opteria, joten yhteisty\u00f6st\u00e4 alihankkijoiden kanssa tuli entist\u00e4 helpompaa.<\/p>\n\n\n\n<h3 class=\"wp-block-heading\">Varaa esittely!<\/h3>\n\n\n\n<p>Haluatko kuulla lis\u00e4\u00e4? Kerromme mielell\u00e4mme, miten Opter toimii ja kuinka helposti p\u00e4\u00e4set alkuun.<\/p>\n\n\n<div class=\"BookADemo\">\n    <a class=\"BookADemo-link\" href=\"\/fi\/ota-yhteytta\/\">\n      Varaa demo\n    <\/a>\n  <\/div>\n\n","protected":false},"excerpt":{"rendered":"<p>\u201dOlemme eritt\u00e4in tyytyv\u00e4isi\u00e4 Opteriin, sill\u00e4 se on varmasti toimiva&hellip;<\/p>\n","protected":false},"author":18,"featured_media":2165,"parent":0,"menu_order":0,"comment_status":"closed","ping_status":"closed","template":"","meta":{"_acf_changed":false,"footnotes":""},"class_list":["post-3819","page","type-page","status-publish","has-post-thumbnail","hentry"],"acf":[],"_links":{"self":[{"href":"https:\/\/opter.com\/fi\/wp-json\/wp\/v2\/pages\/3819","targetHints":{"allow":["GET"]}}],"collection":[{"href":"https:\/\/opter.com\/fi\/wp-json\/wp\/v2\/pages"}],"about":[{"href":"https:\/\/opter.com\/fi\/wp-json\/wp\/v2\/types\/page"}],"author":[{"embeddable":true,"href":"https:\/\/opter.com\/fi\/wp-json\/wp\/v2\/users\/18"}],"replies":[{"embeddable":true,"href":"https:\/\/opter.com\/fi\/wp-json\/wp\/v2\/comments?post=3819"}],"version-history":[{"count":7,"href":"https:\/\/opter.com\/fi\/wp-json\/wp\/v2\/pages\/3819\/revisions"}],"predecessor-version":[{"id":8965,"href":"https:\/\/opter.com\/fi\/wp-json\/wp\/v2\/pages\/3819\/revisions\/8965"}],"wp:featuredmedia":[{"embeddable":true,"href":"https:\/\/opter.com\/fi\/wp-json\/wp\/v2\/media\/2165"}],"wp:attachment":[{"href":"https:\/\/opter.com\/fi\/wp-json\/wp\/v2\/media?parent=3819"}],"curies":[{"name":"wp","href":"https:\/\/api.w.org\/{rel}","templated":true}]}}