{"id":4395,"date":"2021-04-07T16:15:36","date_gmt":"2021-04-07T14:15:36","guid":{"rendered":"https:\/\/opter.com\/?page_id=4395"},"modified":"2023-01-12T14:09:48","modified_gmt":"2023-01-12T13:09:48","slug":"bdx","status":"publish","type":"page","link":"https:\/\/opter.com\/fi\/bdx\/","title":{"rendered":"BDX"},"content":{"rendered":"<div class=\"ImageHeadline\">\n      <div class=\"ImageHeadline-image\" style=\"background-image: url('https:\/\/opter.com\/wp-content\/uploads\/2022\/02\/bdx-mattias-eriksson-1600-1024x576.png')\">\n      <img loading=\"lazy\" decoding=\"async\" width=\"1024\" height=\"576\" src=\"https:\/\/opter.com\/wp-content\/uploads\/2022\/02\/bdx-mattias-eriksson-1600-1024x576.png\" class=\"ImageHeadline-img\" alt=\"\" srcset=\"https:\/\/opter.com\/wp-content\/uploads\/2022\/02\/bdx-mattias-eriksson-1600-1024x576.png 1024w, https:\/\/opter.com\/wp-content\/uploads\/2022\/02\/bdx-mattias-eriksson-1600-300x169.png 300w, https:\/\/opter.com\/wp-content\/uploads\/2022\/02\/bdx-mattias-eriksson-1600-768x432.png 768w, https:\/\/opter.com\/wp-content\/uploads\/2022\/02\/bdx-mattias-eriksson-1600-1536x864.png 1536w, https:\/\/opter.com\/wp-content\/uploads\/2022\/02\/bdx-mattias-eriksson-1600-1440x810.png 1440w, https:\/\/opter.com\/wp-content\/uploads\/2022\/02\/bdx-mattias-eriksson-1600.png 1600w\" sizes=\"auto, (max-width: 1024px) 100vw, 1024px\" \/>\n    <\/div>\n    <h2 class=\"ImageHeadline-headline\">\u201dJ\u00e4rjestelm\u00e4, joka sopii tarpeisiimme.\u201d<\/h2>\n<\/div>\n\n\n\n\n<p><a href=\"https:\/\/bdx.se\/\">BDX<\/a> on k\u00e4ytt\u00e4nyt Opterin j\u00e4rjestelm\u00e4\u00e4 logistiikkansa hallintaan vuodesta 2013 l\u00e4htien. Valinta kohdistui Opteriin, koska j\u00e4rjestelm\u00e4 sopi yrityksen tarpeisiin: ajoj\u00e4rjestelij\u00e4t ovat toiminnan keski\u00f6ss\u00e4 ja kollien, tilausten ja toimeksiantojen hallintaan on edistyksellisi\u00e4 toimintoja.<\/p>\n\n\n\n<p>\u201dJ\u00e4rjestelm\u00e4n fiksut toiminnot helpottavat arkeamme\u201d, projektip\u00e4\u00e4llikk\u00f6 Mattias Eriksson BDX:n j\u00e4rjestelm\u00e4kehityksest\u00e4 kertoo.<\/p>\n\n\n\n<p>BDX luo innovatiivisia kokonaisratkaisuja, jotka vastaavat asiakkaiden tarpeisiin logistiikka-, urakointi- ja teollisuuspalveluissa. Yritys toimii koko maassa, mutta ennen kaikkea kotimarkkinoillaan Ruotsin pohjoisosissa. BDX:ll\u00e4 on 275 kumppanitoimittajaa, joilla on yhteens\u00e4 1&nbsp;600 konetta ja ajoneuvoa asiakkaiden toimeksiantojen toteuttamiseen. Jokaisella toimittajalla on useimmiten oma henkil\u00f6st\u00f6ns\u00e4. T\u00e4m\u00e4 tekee BDX:st\u00e4 ep\u00e4tavallisen suuren pienyrityksen \u2013 sill\u00e4 on per\u00e4ti 1&nbsp;900 kuljettajaa.<\/p>\n\n\n\n<p>\u201dMeill\u00e4 on todella paljon toimeksiantoja ja sidosryhmi\u00e4, mink\u00e4 vuoksi k\u00e4yt\u00e4mme suurinta osaa Opterin toiminnoista. K\u00e4ytt\u00e4mi\u00e4mme toimintoja ovat tilausten vastaanotto, EDI, web, tilausten luonti, ajoj\u00e4rjestely, reittioptimointi, OpterLink, ajoneuvoviestint\u00e4, skannaus, tilausten valvonta, laskutus, tilitykset ja tilastot\u201d, projektip\u00e4\u00e4llikk\u00f6 Mattias Eriksson BDX:n j\u00e4rjestelm\u00e4kehityksest\u00e4 sanoo.<\/p>\n\n\n\n<p>Opter antaa BDX:lle mahdollisuuden my\u00f6s kaikkien tilausten digitalisointiin ja standardoidun tilausprosessin noudattamiseen, mik\u00e4 tarjoaa asiakkaille lis\u00e4arvoa tuomalla selkeyden, tarkkuuden ja hallinnan kaikkien sidosryhmien ulottuville. \u201dLogistiikkaosastomme kasvu ja kehitys on ollut todella my\u00f6nteist\u00e4 viimeisten 10 vuoden ajan. Opterin j\u00e4rjestelm\u00e4 on ollut yksi siihen my\u00f6t\u00e4vaikuttaneista tekij\u00f6ist\u00e4\u201d, Mattias toteaa.<\/p>\n\n\n\n<h3 class=\"wp-block-heading\">Varaa esittely!<\/h3>\n\n\n\n<p>Haluatko kuulla lis\u00e4\u00e4? Kerromme mielell\u00e4mme, miten Opter toimii ja kuinka helposti p\u00e4\u00e4set alkuun.<\/p>\n\n\n<div class=\"BookADemo\">\n    <a class=\"BookADemo-link\" href=\"\/fi\/ota-yhteytta\/\">\n      Varaa demo\n    <\/a>\n  <\/div>\n\n","protected":false},"excerpt":{"rendered":"<p>BDX on k\u00e4ytt\u00e4nyt Opterin j\u00e4rjestelm\u00e4\u00e4 logistiikkansa hallintaan vuodesta 2013&hellip;<\/p>\n","protected":false},"author":11,"featured_media":7295,"parent":0,"menu_order":0,"comment_status":"closed","ping_status":"closed","template":"","meta":{"_acf_changed":false,"footnotes":""},"class_list":["post-4395","page","type-page","status-publish","has-post-thumbnail","hentry"],"acf":[],"_links":{"self":[{"href":"https:\/\/opter.com\/fi\/wp-json\/wp\/v2\/pages\/4395","targetHints":{"allow":["GET"]}}],"collection":[{"href":"https:\/\/opter.com\/fi\/wp-json\/wp\/v2\/pages"}],"about":[{"href":"https:\/\/opter.com\/fi\/wp-json\/wp\/v2\/types\/page"}],"author":[{"embeddable":true,"href":"https:\/\/opter.com\/fi\/wp-json\/wp\/v2\/users\/11"}],"replies":[{"embeddable":true,"href":"https:\/\/opter.com\/fi\/wp-json\/wp\/v2\/comments?post=4395"}],"version-history":[{"count":10,"href":"https:\/\/opter.com\/fi\/wp-json\/wp\/v2\/pages\/4395\/revisions"}],"predecessor-version":[{"id":8963,"href":"https:\/\/opter.com\/fi\/wp-json\/wp\/v2\/pages\/4395\/revisions\/8963"}],"wp:featuredmedia":[{"embeddable":true,"href":"https:\/\/opter.com\/fi\/wp-json\/wp\/v2\/media\/7295"}],"wp:attachment":[{"href":"https:\/\/opter.com\/fi\/wp-json\/wp\/v2\/media?parent=4395"}],"curies":[{"name":"wp","href":"https:\/\/api.w.org\/{rel}","templated":true}]}}