{"id":4399,"date":"2021-04-07T15:59:56","date_gmt":"2021-04-07T13:59:56","guid":{"rendered":"https:\/\/opter.com\/?page_id=4399"},"modified":"2025-12-01T11:19:46","modified_gmt":"2025-12-01T10:19:46","slug":"eb-road-cargo","status":"publish","type":"page","link":"https:\/\/opter.com\/fi\/eb-road-cargo\/","title":{"rendered":"EB Road Cargo"},"content":{"rendered":"<div class=\"ImageHeadline\">\n      <div class=\"ImageHeadline-image\" style=\"background-image: url('https:\/\/opter.com\/wp-content\/uploads\/2021\/03\/eb_cargo_header.jpg')\">\n      <img loading=\"lazy\" decoding=\"async\" width=\"767\" height=\"431\" src=\"https:\/\/opter.com\/wp-content\/uploads\/2021\/03\/eb_cargo_header.jpg\" class=\"ImageHeadline-img\" alt=\"\" \/>\n    <\/div>\n    <h2 class=\"ImageHeadline-headline\">\u201dOpter on meid\u00e4n silmiss\u00e4mme edullinen, helppok\u00e4ytt\u00f6inen ja joustava j\u00e4rjestelm\u00e4.\u201d<\/h2>\n<\/div>\n\n\n\n\n<p>EB Road Cargo tarjoaa erilaisia kauko-, runko- ja jakeluliikenteen palveluja. Isommilla paikkakunnilla on lis\u00e4ksi vetoautoliikennett\u00e4 erityyppisten toimeksiantojen toteuttamiseen sek\u00e4 terminaalik\u00e4sittely\u00e4. Yrityksell\u00e4 on my\u00f6s oma rautatieterminaalinsa Jordbrossa. Opterin j\u00e4rjestelm\u00e4\u00e4 on k\u00e4ytetty yrityksess\u00e4 nyt kahden vuoden ajan.<\/p>\n\n\n\n<p><a href=\"https:\/\/www.ebroadcargo.se\/\">EB Road Cargo<\/a> k\u00e4sitt\u00e4\u00e4 nyky\u00e4\u00e4n kaksi yhteisen merkin alla toimivaa yrityst\u00e4: Road Cargo Sweden AB:n ja EB Logistik AB:n, joiden liikevaihto on yhteens\u00e4 450 miljoonaa kruunua. Toimistoja on 12 kappaletta. Niiss\u00e4 ty\u00f6skentelee noin 300 ihmist\u00e4 ja niist\u00e4 k\u00e4sin hallitaan noin 400:aa ajoneuvoyksikk\u00f6\u00e4. Pohjoisin toimistoista sijaitsee Sundsvallissa ja etel\u00e4isin Malm\u00f6ss\u00e4.<\/p>\n\n\n\n<p>Kaksi vuotta sitten EB Logistik havaitsi tarvitsevansa uuden ratkaisun, joka mahdollistaisi laajemman asiakasintegraation. Road Cargo Sweden p\u00e4\u00e4tti samaan aikaan kartoittaa vaihtoehtoja silloiselle j\u00e4rjestelm\u00e4lleen, ja saman j\u00e4rjestelm\u00e4n k\u00e4yt\u00f6st\u00e4 molemmissa yrityksiss\u00e4 todettiin olevan etua. Toki sill\u00e4 edellytyksell\u00e4, ett\u00e4 j\u00e4rjestelm\u00e4 t\u00e4ytt\u00e4isi toiminnan vaatimukset ja tarpeet ja sen laajuus mahdollistaisi tulevan kasvun. Toimittajaksi valikoitui Opter.<\/p>\n\n\n\n<p>\u201dKaikissa j\u00e4rjestelmiss\u00e4 on hyvi\u00e4 ja huonoja puolia, mutta koimme, ett\u00e4 Opter t\u00e4ytt\u00e4\u00e4 vaatimuksemme loistavasti. Opter on meid\u00e4n silmiss\u00e4mme edullinen, helppok\u00e4ytt\u00f6inen ja joustava j\u00e4rjestelm\u00e4, mik\u00e4 on erityisen t\u00e4rke\u00e4\u00e4, koska meill\u00e4 on monia toimistoja eri puolilla maata, ja niist\u00e4 kukin py\u00f6ritt\u00e4\u00e4 \u2019omaa\u2019 liiketoimintaansa omalla tavallaan,\u201d EB Road Cargon aluep\u00e4\u00e4llikk\u00f6 Bo Hermansson sanoo.<\/p>\n\n\n\n<p>EB Road Cargo k\u00e4ytt\u00e4\u00e4 Opteria ennen kaikkea tilausten hallintaan, hinnoitteluun ja laskutukseen, mutta on l\u00e4hiaikoina ottamassa isoa askelta eteenp\u00e4in mobiilisovelluksen k\u00e4ytt\u00f6\u00f6noton ja useampien asiakasintegraatioiden my\u00f6t\u00e4.<\/p>\n\n\n\n<p>\u201dOpter on yksinkertainen, ja mielest\u00e4mme sen toimintojen ja ty\u00f6nkulkujen k\u00e4ytt\u00e4minen on helppoa. My\u00f6s yhteyden muodostaminen muihin kumppaneihimme onnistuu sujuvasti OpterLinkin kautta. Lis\u00e4ksi tuesta saa nopeasti apua ongelmatilanteissa, mit\u00e4 arvostamme,\u201d Bo tiivist\u00e4\u00e4.<\/p>\n\n\n\n<h3 class=\"wp-block-heading\">Varaa esittely!<\/h3>\n\n\n\n<p>Haluatko kuulla lis\u00e4\u00e4? Kerromme mielell\u00e4mme, miten Opter toimii ja kuinka helposti p\u00e4\u00e4set alkuun.<\/p>\n\n\n<div class=\"BookADemo\">\n    <a class=\"BookADemo-link\" href=\"\/fi\/ota-yhteytta\/\">\n      Varaa demo\n    <\/a>\n  <\/div>\n\n","protected":false},"excerpt":{"rendered":"<p>EB Road Cargo tarjoaa erilaisia kauko-, runko- ja jakeluliikenteen&hellip;<\/p>\n","protected":false},"author":11,"featured_media":4348,"parent":0,"menu_order":0,"comment_status":"closed","ping_status":"closed","template":"","meta":{"_acf_changed":false,"footnotes":""},"class_list":["post-4399","page","type-page","status-publish","has-post-thumbnail","hentry"],"acf":[],"_links":{"self":[{"href":"https:\/\/opter.com\/fi\/wp-json\/wp\/v2\/pages\/4399","targetHints":{"allow":["GET"]}}],"collection":[{"href":"https:\/\/opter.com\/fi\/wp-json\/wp\/v2\/pages"}],"about":[{"href":"https:\/\/opter.com\/fi\/wp-json\/wp\/v2\/types\/page"}],"author":[{"embeddable":true,"href":"https:\/\/opter.com\/fi\/wp-json\/wp\/v2\/users\/11"}],"replies":[{"embeddable":true,"href":"https:\/\/opter.com\/fi\/wp-json\/wp\/v2\/comments?post=4399"}],"version-history":[{"count":9,"href":"https:\/\/opter.com\/fi\/wp-json\/wp\/v2\/pages\/4399\/revisions"}],"predecessor-version":[{"id":15254,"href":"https:\/\/opter.com\/fi\/wp-json\/wp\/v2\/pages\/4399\/revisions\/15254"}],"wp:featuredmedia":[{"embeddable":true,"href":"https:\/\/opter.com\/fi\/wp-json\/wp\/v2\/media\/4348"}],"wp:attachment":[{"href":"https:\/\/opter.com\/fi\/wp-json\/wp\/v2\/media?parent=4399"}],"curies":[{"name":"wp","href":"https:\/\/api.w.org\/{rel}","templated":true}]}}