{"id":5217,"date":"2021-08-16T10:50:07","date_gmt":"2021-08-16T08:50:07","guid":{"rendered":"https:\/\/opter.com\/?page_id=5217"},"modified":"2023-01-12T14:08:57","modified_gmt":"2023-01-12T13:08:57","slug":"pohjola-logistics","status":"publish","type":"page","link":"https:\/\/opter.com\/fi\/pohjola-logistics\/","title":{"rendered":"Pohjola Logistics"},"content":{"rendered":"<div class=\"ImageHeadline\">\n      <div class=\"ImageHeadline-image\" style=\"background-image: url('https:\/\/opter.com\/wp-content\/uploads\/2021\/08\/pohjala-logistics-1280-1024x576.png')\">\n      <img loading=\"lazy\" decoding=\"async\" width=\"1024\" height=\"576\" src=\"https:\/\/opter.com\/wp-content\/uploads\/2021\/08\/pohjala-logistics-1280-1024x576.png\" class=\"ImageHeadline-img\" alt=\"Tommi Pohjola, liikenteest\u00e4 vastaava, Pohjola Logistics\" srcset=\"https:\/\/opter.com\/wp-content\/uploads\/2021\/08\/pohjala-logistics-1280-1024x576.png 1024w, https:\/\/opter.com\/wp-content\/uploads\/2021\/08\/pohjala-logistics-1280-300x169.png 300w, https:\/\/opter.com\/wp-content\/uploads\/2021\/08\/pohjala-logistics-1280-768x432.png 768w, https:\/\/opter.com\/wp-content\/uploads\/2021\/08\/pohjala-logistics-1280.png 1280w\" sizes=\"auto, (max-width: 1024px) 100vw, 1024px\" \/>\n    <\/div>\n    <h2 class=\"ImageHeadline-headline\">\u201dOpter vastasi tarpeisiimme saada k\u00e4ytt\u00f6\u00f6n juuri meille r\u00e4\u00e4t\u00e4l\u00f6ity j\u00e4rjestelm\u00e4.\u201d<\/h2>\n<\/div>\n\n\n\n\n<p><a href=\"https:\/\/pohjolalogistics.fi\/\">Pohjola Logistics<\/a> valitsi Opterin useiden markkinoilla olevien ohjelmistojen joukosta. He koek\u00e4yttiv\u00e4t useita ohjelmia ja muutaman kanssa olivatkin jo l\u00e4helle k\u00e4ytt\u00f6\u00f6nottovaihetta. Aina tuli esteeksi kuitenkin ohjelmiston yksil\u00f6innin haaste yrityksen tarpeisiin; joko se oli mahdotonta tai se oli ylivoimaisen kallista. Opterin perusominaisuudet olivat Pohjola Logisticsin tyyppisen kuljetusliikkeen toiminnalle soveltuvat sek\u00e4 yksil\u00f6inti oli mahdollista ja edullista. K\u00e4yt\u00e4nn\u00f6ss\u00e4 Pohjola Logistics pystyy itse suorittamaan yksil\u00f6innin l\u00e4hes omatoimisesti. Pohjola Logistics toimii Opterissa 16 kuljettajan voimin ja k\u00e4ytt\u00f6 aloitettiin kes\u00e4ll\u00e4 2021.<\/p>\n\n\n\n<p>\u201dOpterissa on parasta muokattavuus vastaamaan juuri omia tarpeita. Olemme siirtym\u00e4ss\u00e4 l\u00e4hes paperittomaan toimintaymp\u00e4rist\u00f6\u00f6n ja Opter mahdollistaa keikkojen siirtymisen tilauksesta laskutukseen automaattisesti ja informaatio on l\u00e4pin\u00e4kyv\u00e4\u00e4 ja helposti l\u00f6ydett\u00e4viss\u00e4\u201d kertoo Pohjola Logisticsin liikenteest\u00e4 vastaava Tommi Pohjola.<\/p>\n\n\n\n<h3 class=\"wp-block-heading\">Varaa esittely!<\/h3>\n\n\n\n<p>Haluatko kuulla lis\u00e4\u00e4? Kerromme mielell\u00e4mme, miten Opter toimii ja kuinka helposti p\u00e4\u00e4set alkuun.<\/p>\n\n\n<div class=\"BookADemo\">\n    <a class=\"BookADemo-link\" href=\"\/fi\/ota-yhteytta\/\">\n      Varaa demo\n    <\/a>\n  <\/div>\n\n","protected":false},"excerpt":{"rendered":"<p>Pohjola Logistics valitsi Opterin useiden markkinoilla olevien ohjelmistojen joukosta.&hellip;<\/p>\n","protected":false},"author":11,"featured_media":5241,"parent":0,"menu_order":0,"comment_status":"closed","ping_status":"closed","template":"","meta":{"_acf_changed":false,"footnotes":""},"class_list":["post-5217","page","type-page","status-publish","has-post-thumbnail","hentry"],"acf":[],"_links":{"self":[{"href":"https:\/\/opter.com\/fi\/wp-json\/wp\/v2\/pages\/5217","targetHints":{"allow":["GET"]}}],"collection":[{"href":"https:\/\/opter.com\/fi\/wp-json\/wp\/v2\/pages"}],"about":[{"href":"https:\/\/opter.com\/fi\/wp-json\/wp\/v2\/types\/page"}],"author":[{"embeddable":true,"href":"https:\/\/opter.com\/fi\/wp-json\/wp\/v2\/users\/11"}],"replies":[{"embeddable":true,"href":"https:\/\/opter.com\/fi\/wp-json\/wp\/v2\/comments?post=5217"}],"version-history":[{"count":29,"href":"https:\/\/opter.com\/fi\/wp-json\/wp\/v2\/pages\/5217\/revisions"}],"predecessor-version":[{"id":8971,"href":"https:\/\/opter.com\/fi\/wp-json\/wp\/v2\/pages\/5217\/revisions\/8971"}],"wp:featuredmedia":[{"embeddable":true,"href":"https:\/\/opter.com\/fi\/wp-json\/wp\/v2\/media\/5241"}],"wp:attachment":[{"href":"https:\/\/opter.com\/fi\/wp-json\/wp\/v2\/media?parent=5217"}],"curies":[{"name":"wp","href":"https:\/\/api.w.org\/{rel}","templated":true}]}}