{"id":7073,"date":"2022-01-26T15:37:57","date_gmt":"2022-01-26T14:37:57","guid":{"rendered":"https:\/\/opter.com\/?page_id=7073"},"modified":"2025-12-01T11:03:59","modified_gmt":"2025-12-01T10:03:59","slug":"piccolo-logistics","status":"publish","type":"page","link":"https:\/\/opter.com\/fi\/piccolo-logistics\/","title":{"rendered":"Piccolo Logistics"},"content":{"rendered":"<div class=\"ImageHeadline\">\n      <div class=\"ImageHeadline-image\" style=\"background-image: url('https:\/\/opter.com\/wp-content\/uploads\/2022\/01\/piccolo-1600-1024x576.png')\">\n      <img loading=\"lazy\" decoding=\"async\" width=\"1024\" height=\"576\" src=\"https:\/\/opter.com\/wp-content\/uploads\/2022\/01\/piccolo-1600-1024x576.png\" class=\"ImageHeadline-img\" alt=\"\" srcset=\"https:\/\/opter.com\/wp-content\/uploads\/2022\/01\/piccolo-1600-1024x576.png 1024w, https:\/\/opter.com\/wp-content\/uploads\/2022\/01\/piccolo-1600-300x169.png 300w, https:\/\/opter.com\/wp-content\/uploads\/2022\/01\/piccolo-1600-768x432.png 768w, https:\/\/opter.com\/wp-content\/uploads\/2022\/01\/piccolo-1600-1536x864.png 1536w, https:\/\/opter.com\/wp-content\/uploads\/2022\/01\/piccolo-1600-1440x810.png 1440w, https:\/\/opter.com\/wp-content\/uploads\/2022\/01\/piccolo-1600.png 1600w\" sizes=\"auto, (max-width: 1024px) 100vw, 1024px\" \/>\n    <\/div>\n    <h2 class=\"ImageHeadline-headline\">\u201dKustannustehokas ja helposti r\u00e4\u00e4t\u00e4l\u00f6it\u00e4v\u00e4 j\u00e4rjestelm\u00e4.\u201d<\/h2>\n<\/div>\n\n\n\n\n<p>Opterin tilausportaali on <a rel=\"noreferrer noopener\" href=\"https:\/\/www.piccolo.fi\" target=\"_blank\">Piccolo Logisticsille<\/a> eritt\u00e4in kustannustehokas tapa saada kaikki tarvittavat tilaustiedot asiakkailta ja asiakas vastaavasti saa k\u00e4tev\u00e4sti kuittaustiedot sen kautta. Puhelimeen ladattava Opter Driver -kuljettajasovellus auttaa kommunikaatiossa kuljettajien kanssa ja tiedon kulku tilauksesta kuljettajalle tapahtuu muutamassa minuutissa.<\/p>\n\n\n\n<p>\u201dSuurin osa noudoista ja jakeluista tapahtuu meill\u00e4 muutaman tunnin sis\u00e4ll\u00e4 ja t\u00e4h\u00e4n hektiseen toimintaan Opter sopii eritt\u00e4in hyvin. Lis\u00e4ksi koen, ett\u00e4 Opterin toistaiseksi voimassa oleva sopimusmalli ilman m\u00e4\u00e4r\u00e4aikaisuutta antaa lupauksen hyv\u00e4st\u00e4 ja luotettavasta j\u00e4rjestelm\u00e4st\u00e4, josta ei halua luopua, kun sen kertaalleen on ottanut k\u00e4ytt\u00f6\u00f6n\u201d kertoo talous- ja henkil\u00f6st\u00f6johtaja Yvonne Wentj\u00e4rvi-Granlund. <\/p>\n\n\n\n<p>J\u00e4rjestelm\u00e4\u00e4 valitessa iso vaikutus oli my\u00f6s sill\u00e4, ettei tarvinnut tehd\u00e4 kertaluontoisia isoja investointeja ja, ett\u00e4 kuukausiveloitus oli maltillinen. Plussaa Opterissa on Piccolo Logisticsin mukaan lis\u00e4ksi sen r\u00e4\u00e4t\u00e4l\u00f6it\u00e4vyys ja mahdollisuus tehd\u00e4 muutokset j\u00e4rjestelm\u00e4\u00e4n itse ilman odotusaikaa ja lis\u00e4kustannuksia.<\/p>\n\n\n\n<h3 class=\"wp-block-heading\">Varaa esittely!<\/h3>\n\n\n\n<p>Haluatko kuulla lis\u00e4\u00e4? Kerromme mielell\u00e4mme, miten Opter toimii ja kuinka helposti p\u00e4\u00e4set alkuun.<\/p>\n\n\n<div class=\"BookADemo\">\n    <a class=\"BookADemo-link\" href=\"\/fi\/ota-yhteytta\/varaa-esittely\/\">\n      Varaa demo\n    <\/a>\n  <\/div>\n\n","protected":false},"excerpt":{"rendered":"<p>Opterin tilausportaali on Piccolo Logisticsille eritt\u00e4in kustannustehokas tapa saada&hellip;<\/p>\n","protected":false},"author":18,"featured_media":7267,"parent":0,"menu_order":0,"comment_status":"closed","ping_status":"closed","template":"","meta":{"_acf_changed":false,"footnotes":""},"class_list":["post-7073","page","type-page","status-publish","has-post-thumbnail","hentry"],"acf":[],"_links":{"self":[{"href":"https:\/\/opter.com\/fi\/wp-json\/wp\/v2\/pages\/7073","targetHints":{"allow":["GET"]}}],"collection":[{"href":"https:\/\/opter.com\/fi\/wp-json\/wp\/v2\/pages"}],"about":[{"href":"https:\/\/opter.com\/fi\/wp-json\/wp\/v2\/types\/page"}],"author":[{"embeddable":true,"href":"https:\/\/opter.com\/fi\/wp-json\/wp\/v2\/users\/18"}],"replies":[{"embeddable":true,"href":"https:\/\/opter.com\/fi\/wp-json\/wp\/v2\/comments?post=7073"}],"version-history":[{"count":20,"href":"https:\/\/opter.com\/fi\/wp-json\/wp\/v2\/pages\/7073\/revisions"}],"predecessor-version":[{"id":15240,"href":"https:\/\/opter.com\/fi\/wp-json\/wp\/v2\/pages\/7073\/revisions\/15240"}],"wp:featuredmedia":[{"embeddable":true,"href":"https:\/\/opter.com\/fi\/wp-json\/wp\/v2\/media\/7267"}],"wp:attachment":[{"href":"https:\/\/opter.com\/fi\/wp-json\/wp\/v2\/media?parent=7073"}],"curies":[{"name":"wp","href":"https:\/\/api.w.org\/{rel}","templated":true}]}}