{"id":7373,"date":"2023-02-21T10:04:04","date_gmt":"2023-02-21T09:04:04","guid":{"rendered":"https:\/\/opter.com\/?page_id=7373"},"modified":"2025-10-28T14:52:40","modified_gmt":"2025-10-28T13:52:40","slug":"aa-logistik","status":"publish","type":"page","link":"https:\/\/opter.com\/fi\/aa-logistik\/","title":{"rendered":"AA Logistik"},"content":{"rendered":"<div class=\"ImageHeadline\">\n      <div class=\"ImageHeadline-image\" style=\"background-image: url('https:\/\/opter.com\/wp-content\/uploads\/2022\/02\/aa-logistik-1600-1024x576.png')\">\n      <img loading=\"lazy\" decoding=\"async\" width=\"1024\" height=\"576\" src=\"https:\/\/opter.com\/wp-content\/uploads\/2022\/02\/aa-logistik-1600-1024x576.png\" class=\"ImageHeadline-img\" alt=\"\" srcset=\"https:\/\/opter.com\/wp-content\/uploads\/2022\/02\/aa-logistik-1600-1024x576.png 1024w, https:\/\/opter.com\/wp-content\/uploads\/2022\/02\/aa-logistik-1600-300x169.png 300w, https:\/\/opter.com\/wp-content\/uploads\/2022\/02\/aa-logistik-1600-768x432.png 768w, https:\/\/opter.com\/wp-content\/uploads\/2022\/02\/aa-logistik-1600-1536x864.png 1536w, https:\/\/opter.com\/wp-content\/uploads\/2022\/02\/aa-logistik-1600-1440x810.png 1440w, https:\/\/opter.com\/wp-content\/uploads\/2022\/02\/aa-logistik-1600.png 1600w\" sizes=\"auto, (max-width: 1024px) 100vw, 1024px\" \/>\n    <\/div>\n    <h2 class=\"ImageHeadline-headline\">\u201dOpter on parantanut toimintaamme paljon odotuksia enemm\u00e4n.\u201d<\/h2>\n<\/div>\n\n\n\n\n<p><a style=\"user-select: auto;\" href=\"https:\/\/www.aalogistik.se\/\">AA Logistik<\/a> on toiminut logistiikka-alalla jo vuodesta 1872, jolloin sen henkil\u00f6kunta ja v\u00e4lineist\u00f6 n\u00e4ytti toki hieman erilaiselta. Suurta asiakaskuntaa palveleva yritys oli alunperin osa ABB-konsernia ja irtautui itsen\u00e4iseksi yritykseksi vuonna 2001.<\/p>\n\n\n\n<p>AA Logistik valitsi Opterin pysty\u00e4kseen vastaamaan asiakkaiden vaatimuksiin ja virtaviivaistamaan sis\u00e4isi\u00e4 prosessejaan. \u201dK\u00e4yt\u00e4mme Opteria nyky\u00e4\u00e4n koko kalustomme ajoj\u00e4rjestelyihin ja laskutukseen, ja asiakkaamme varaavat kuljetukset Opterin j\u00e4rjestelm\u00e4ss\u00e4. J\u00e4rjestelm\u00e4 tuottaa meille my\u00f6s tilastoja ja raportteja ja on yhteydess\u00e4 muihin liiketoimintaj\u00e4rjestelmiimme\u201d, AA Logistikin kuljetusp\u00e4\u00e4llikk\u00f6 Andreas Backstr\u00f6m kertoo.<\/p>\n\n\n\n<p>Andreas kertoo, ett\u00e4 yrityksess\u00e4 on oltu eritt\u00e4in tyytyv\u00e4isi\u00e4 Opterin kuljetussuunnitteluj\u00e4rjestelm\u00e4\u00e4n. \u201dOpter on parantanut toimintaamme paljon odotuksia enemm\u00e4n ja t\u00e4ytt\u00e4nyt kaikki vaatimuksemme \u2013 <strong style=\"user-select: auto;\"><\/strong>vaikka ne olivat tiukkoja. Pysymme nyky\u00e4\u00e4n hyvin ajan tasalla ja n\u00e4emme helposti, miten kuljetukset sujuvat. Olemme pystyneet sy\u00f6tt\u00e4m\u00e4\u00e4n monia asiakkaidemme monimutkaisia malleja kansioista ja Excel-tiedostoista suoraan Opteriin\u201d, h\u00e4n kertoo.<\/p>\n\n\n\n<h3 class=\"wp-block-heading\">Varaa esittely!<\/h3>\n\n\n\n<p>Haluatko kuulla lis\u00e4\u00e4? Kerromme mielell\u00e4mme, miten Opter toimii ja kuinka helposti p\u00e4\u00e4set alkuun.<\/p>\n\n\n<div class=\"BookADemo\">\n    <a class=\"BookADemo-link\" href=\"\/fi\/ota-yhteytta\/\">\n      Varaa demo\n    <\/a>\n  <\/div>\n\n","protected":false},"excerpt":{"rendered":"<p>AA Logistik on toiminut logistiikka-alalla jo vuodesta 1872, jolloin&hellip;<\/p>\n","protected":false},"author":18,"featured_media":7324,"parent":0,"menu_order":0,"comment_status":"closed","ping_status":"closed","template":"","meta":{"_acf_changed":false,"footnotes":""},"class_list":["post-7373","page","type-page","status-publish","has-post-thumbnail","hentry"],"acf":[],"_links":{"self":[{"href":"https:\/\/opter.com\/fi\/wp-json\/wp\/v2\/pages\/7373","targetHints":{"allow":["GET"]}}],"collection":[{"href":"https:\/\/opter.com\/fi\/wp-json\/wp\/v2\/pages"}],"about":[{"href":"https:\/\/opter.com\/fi\/wp-json\/wp\/v2\/types\/page"}],"author":[{"embeddable":true,"href":"https:\/\/opter.com\/fi\/wp-json\/wp\/v2\/users\/18"}],"replies":[{"embeddable":true,"href":"https:\/\/opter.com\/fi\/wp-json\/wp\/v2\/comments?post=7373"}],"version-history":[{"count":10,"href":"https:\/\/opter.com\/fi\/wp-json\/wp\/v2\/pages\/7373\/revisions"}],"predecessor-version":[{"id":12691,"href":"https:\/\/opter.com\/fi\/wp-json\/wp\/v2\/pages\/7373\/revisions\/12691"}],"wp:featuredmedia":[{"embeddable":true,"href":"https:\/\/opter.com\/fi\/wp-json\/wp\/v2\/media\/7324"}],"wp:attachment":[{"href":"https:\/\/opter.com\/fi\/wp-json\/wp\/v2\/media?parent=7373"}],"curies":[{"name":"wp","href":"https:\/\/api.w.org\/{rel}","templated":true}]}}