{"id":7374,"date":"2022-02-14T16:56:02","date_gmt":"2022-02-14T15:56:02","guid":{"rendered":"https:\/\/opter.com\/?page_id=7374"},"modified":"2022-02-14T16:56:02","modified_gmt":"2022-02-14T15:56:02","slug":"varaa-esittely","status":"publish","type":"page","link":"https:\/\/opter.com\/fi\/ota-yhteytta\/varaa-esittely\/","title":{"rendered":"Varaa esittely"},"content":{"rendered":"\n<h3 class=\"wp-block-heading\">N\u00e4yt\u00e4mme mielell\u00e4mme, kuinka Opter voi virtaviivaistaa yrityksesi toimintaa.<\/h3>\n\n\n\n<p>P\u00e4\u00e4set n\u00e4kem\u00e4\u00e4n, kuinka nykyaikaisissa kuljetusyrityksiss\u00e4 digitalisoidaan tilausten k\u00e4sittely, kuljetusten suunnittelu, viestint\u00e4 ja hallinto Opterin avulla. Varaa esittely, niin n\u00e4yt\u00e4mme, miten helposti p\u00e4\u00e4set alkuun!<\/p>\n\n\n\n<div class=\"contact-form\">\n<script type=\"text\/javascript\">function openTerms(id) {var terms = {\"1\":null,\"2\":null,\"3\":null,\"4\":null,\"5\":null,\"6\":null,\"7\":null,\"8\":null,\"9\":null,\"10\":null};var preview = window.open(\"\", \"\", \"height=700,width=800,scrollbars=yes,resizable=yes,toolbar=no,status=no,menu=no,titlebar=no,location=no,addressbar=no\");var html=\"<head><meta charset=\\\"UTF-8\\\"><style>body {margin: 0; padding: 20px;color: #333;font-family: Helvetica;font-size: 14px;}<\/style><\/head><body>\" + terms[id] + \"<\/body>\";preview.document.write(html);}<\/script><form id=\"up-form\" name=\"form_7045u689437f9b0c24ea284e541fbe2c3dd99\" action=\"https:\/\/power.upsales.com\/api\/external\/formSubmit\" method=\"POST\"><div><label>Nimi *<\/label><br><input maxlength=\"512\" type=\"text\" placeholder=\"\" name=\"Contact.name\" required=\"required\"><\/div><div><label>Yritys *<\/label><br><input maxlength=\"512\" type=\"text\" placeholder=\"\" id=\"up-client-name-input\" name=\"Client.name\" required=\"required\"><\/div><div class=\"email\"><label>S\u00e4hk\u00f6posti *<\/label><br><input maxlength=\"512\" type=\"email\" placeholder=\"\" pattern=\"^[a-zA-Z0-9.!#$%&amp;\u2019*+\\\/=?^_`{|}~-]+@[a-zA-Z0-9-]+(?:\\.[a-zA-Z0-9-]+){1,}$\" title=\"Please enter a valid email\" id=\"up-email-input\" autocomplete=\"off\" name=\"Contact.email\" required=\"required\"><\/div><div><label>Puhelin *<\/label><br><input maxlength=\"512\" type=\"text\" placeholder=\"\" name=\"Client.phone\" required=\"required\"><\/div><div class=\"form-group\" style=\"display: flex;\"><input type=\"checkbox\" value=\"on\" name=\"singleOptIn.7ce96wgc9re\" style=\"margin: auto 7px auto 0px;\" required=\"required\"><label class=\"opt-in-label\">Hyv\u00e4ksyn sen, ett\u00e4 Opter k\u00e4ytt\u00e4\u00e4 s\u00e4hk\u00f6postiosoitettani ja puhelinnumeroani yhteyden ottamiseen minuun. <span class=\"text-danger\">*<\/span><\/label> <\/div><!-- REQUIRED FIELDS --><input type=\"hidden\" name=\"formCid\" value=\"7045\"><input type=\"hidden\" name=\"formId\" value=\"7045u689437f9b0c24ea284e541fbe2c3dd99\"><input type=\"hidden\" name=\"isFrame\" value=\"false\"><input type=\"text\" value=\"\" name=\"validation\" style=\"display: none;\"><!-- END OF REQUIRED FIELDS --><div class=\"submit-button\"><button type=\"submit\">L\u00e4het\u00e4<\/button><\/div><\/form><link rel=\"stylesheet\" href=\"\/\/cdnjs.cloudflare.com\/ajax\/libs\/intl-tel-input\/16.0.1\/css\/intlTelInput.css\" crossorigin=\"anonymous\"><script src=\"\/\/cdnjs.cloudflare.com\/ajax\/libs\/intl-tel-input\/16.0.1\/js\/intlTelInput.min.js\"><\/script><script>    (function() {      var phoneFields = document.querySelectorAll('input[name*=phone], input[name*=Phone]');      [].forEach.call(phoneFields, function(element) {        window.hasPhoneFields = true;        element.iti = window.intlTelInput(element, {          preferredCountries: [],          initialCountry: 'auto',          utilsScript: 'https:\/\/cdnjs.cloudflare.com\/ajax\/libs\/intl-tel-input\/16.0.1\/js\/utils.js',          geoIpLookup: function(success) {            var xhr = new XMLHttpRequest();            xhr.open('GET', 'https:\/\/power.upsales.com\/api\/external\/whereAmI');            xhr.onload = function() {              success(xhr.status === 200 && !xhr.responseText?.includes(\"no-js\") ? (JSON.parse(xhr.responseText).data || \"\") : \"\");            };            xhr.send();          }        });      });    })();<\/script><script>(function(){var form = document.getElementById(\"up-form\");if(form) {form.addEventListener(\"submit\", function(ev) {var button = ev.target.querySelector(\"button[type=submit]\");if(button) {button.disabled = true;}});}})();<\/script><script>function onSubmit(t){var o,n,a=!0,e=!0;void 0!==window.__validEmail&&(e=window.__validEmail,a=!1),\"boolean\"==typeof e&&e&&!a?validateForm(t,\"https:\/\/opter.com\/fi\/ota-yhteytta\/kiitos\/\"):(t.preventDefault(),o=!0,n=setInterval(function(){var e=window._bEmValid;void 0===window.__validEmail&&e||(o=window.__validEmail,a=!1),(\"boolean\"==typeof o&&o||!a)&&(clearInterval(n),validateForm(t,\"https:\/\/opter.com\/fi\/ota-yhteytta\/kiitos\/\"))},300))}function validateForm(e,o){e.preventDefault();for(var e=document.getElementsByName(\"formId\")[0].value,e=document.forms[\"form_\"+e],t=e.querySelectorAll(\"input, textarea, select\"),n=0;n<t.length;n++)\"text\"===t[n].type&#038;&#038;(t[n].value=t[n].value.trim());var a=e.querySelectorAll(\"input[name*=phone], input[name*=Phone]\");if([].forEach.call(a,function(e){e.iti&#038;&#038;(e.value=e.iti.getNumber())}),void 0===window.grecaptcha||\"\"!==window.grecaptcha.getResponse()){for(var l=[],n=0;n<t.length;n++)\"checkbox\"===t[n].type?l.push(t[n].name+\"=\"+encodeURIComponent(t[n].checked?t[n].value:\"off\")):l.push(t[n].name+\"=\"+encodeURIComponent(t[n].value));var a=l.join(\"&#038;\"),i=(a+=\"&#038;isAjax=true\",window._paq||null),r=new XMLHttpRequest;r.open(\"POST\",e.action),r.setRequestHeader(\"Content-Type\",\"application\/x-www-form-urlencoded\"),r.send(a),r.onload=function(){var e,t;200===r.status?o?(i&#038;&#038;i.push&#038;&#038;i.push([\"trackLink\",\"https:\/\/post.upsales.com\/\"+r.responseText,\"link\"]),\"undefined\"!=typeof _uaq&#038;&#038;_uaq(\"form=\"+r.responseText),setTimeout(function(){window.top.location.href=o},333)):(e=document.getElementById(\"up-form\"),t=document.getElementById(\"up-form-thanks\"),e.style.display=\"none\",t.style.display=\"block\",i&#038;&#038;i.push&#038;&#038;i.push([\"trackLink\",\"https:\/\/post.upsales.com\/\"+r.responseText,\"link\"]),_uaq&#038;&#038;_uaq(\"form=\"+r.responseText)):console.log(\"AJAX ERROR\",r.status)}}else{e=document.getElementById(\"recaptcha-error\"),a=document.getElementsByClassName(\"g-recaptcha\");e.style.display=\"none\",a&#038;&#038;a.length&#038;&#038;console.log(\"handle this later\")}}var form=document.getElementById(\"up-form\");form.addEventListener(\"submit\",onSubmit);<\/script>\n<\/div>\n\n\n\n<p><\/p>\n","protected":false},"excerpt":{"rendered":"<p>N\u00e4yt\u00e4mme mielell\u00e4mme, kuinka Opter voi virtaviivaistaa yrityksesi toimintaa. P\u00e4\u00e4set&hellip;<\/p>\n","protected":false},"author":15,"featured_media":0,"parent":3036,"menu_order":0,"comment_status":"closed","ping_status":"closed","template":"","meta":{"_acf_changed":false,"footnotes":""},"class_list":["post-7374","page","type-page","status-publish","hentry"],"acf":[],"_links":{"self":[{"href":"https:\/\/opter.com\/fi\/wp-json\/wp\/v2\/pages\/7374","targetHints":{"allow":["GET"]}}],"collection":[{"href":"https:\/\/opter.com\/fi\/wp-json\/wp\/v2\/pages"}],"about":[{"href":"https:\/\/opter.com\/fi\/wp-json\/wp\/v2\/types\/page"}],"author":[{"embeddable":true,"href":"https:\/\/opter.com\/fi\/wp-json\/wp\/v2\/users\/15"}],"replies":[{"embeddable":true,"href":"https:\/\/opter.com\/fi\/wp-json\/wp\/v2\/comments?post=7374"}],"version-history":[{"count":1,"href":"https:\/\/opter.com\/fi\/wp-json\/wp\/v2\/pages\/7374\/revisions"}],"predecessor-version":[{"id":7435,"href":"https:\/\/opter.com\/fi\/wp-json\/wp\/v2\/pages\/7374\/revisions\/7435"}],"up":[{"embeddable":true,"href":"https:\/\/opter.com\/fi\/wp-json\/wp\/v2\/pages\/3036"}],"wp:attachment":[{"href":"https:\/\/opter.com\/fi\/wp-json\/wp\/v2\/media?parent=7374"}],"curies":[{"name":"wp","href":"https:\/\/api.w.org\/{rel}","templated":true}]}}