{"id":7382,"date":"2022-12-13T14:35:16","date_gmt":"2022-12-13T13:35:16","guid":{"rendered":"https:\/\/opter.com\/?page_id=7382"},"modified":"2025-05-12T12:03:48","modified_gmt":"2025-05-12T10:03:48","slug":"ringstad-transport","status":"publish","type":"page","link":"https:\/\/opter.com\/fi\/ringstad-transport\/","title":{"rendered":"Ringstad Transport"},"content":{"rendered":"<div class=\"ImageHeadline\">\n      <div class=\"ImageHeadline-image\" style=\"background-image: url('https:\/\/opter.com\/wp-content\/uploads\/2022\/02\/ringstad-transport-1600-1024x576.png')\">\n      <img loading=\"lazy\" decoding=\"async\" width=\"1024\" height=\"576\" src=\"https:\/\/opter.com\/wp-content\/uploads\/2022\/02\/ringstad-transport-1600-1024x576.png\" class=\"ImageHeadline-img\" alt=\"\" srcset=\"https:\/\/opter.com\/wp-content\/uploads\/2022\/02\/ringstad-transport-1600-1024x576.png 1024w, https:\/\/opter.com\/wp-content\/uploads\/2022\/02\/ringstad-transport-1600-300x169.png 300w, https:\/\/opter.com\/wp-content\/uploads\/2022\/02\/ringstad-transport-1600-768x432.png 768w, https:\/\/opter.com\/wp-content\/uploads\/2022\/02\/ringstad-transport-1600-1536x864.png 1536w, https:\/\/opter.com\/wp-content\/uploads\/2022\/02\/ringstad-transport-1600-1440x810.png 1440w, https:\/\/opter.com\/wp-content\/uploads\/2022\/02\/ringstad-transport-1600.png 1600w\" sizes=\"auto, (max-width: 1024px) 100vw, 1024px\" \/>\n    <\/div>\n    <h2 class=\"ImageHeadline-headline\">\u201dPalvelu, joka tehostaa p\u00e4ivitt\u00e4ist\u00e4 ty\u00f6t\u00e4.\u201d<\/h2>\n<\/div>\n\n\n\n\n<p><a rel=\"noreferrer noopener\" href=\"https:\/\/www.ringstadtransport.no\/\" target=\"_blank\">Ringstad Transportin<\/a> liiketoiminta oli kasvanut nopeasti ja yritys tarvitsi uuden, nykyaikaisen ja digitaalisen palvelun muun muassa kuljetusten suunnitteluun. Kun k\u00e4vi ilmi, ett\u00e4 useat heid\u00e4n yhteisty\u00f6kumppaneistaan k\u00e4yttiv\u00e4t jo Opteria ja ett\u00e4 n\u00e4ihin saisi muodostettua yhteyden digitaalisesti OpterLinkin kautta, valinta oli selv\u00e4.<\/p>\n\n\n\n<p>Kuljetusjohtaja Bj\u00f8rn Tore Simensen kertoo: \u201dOpterin toiminnot, kuten kuljetussuunnittelu, kuljettajasovellus, Drag &amp; Drop ja OpterLink, ovat auttaneet meit\u00e4 kasvattamaan liiketoimintaamme henkil\u00f6st\u00f6\u00e4 lis\u00e4\u00e4m\u00e4tt\u00e4. Se kertoo siit\u00e4, ett\u00e4 palvelu on auttanut meit\u00e4 tehostamaan ja digitalisoimaan toimintaamme ja p\u00e4ivitt\u00e4ist\u00e4 ty\u00f6t\u00e4mme.\u201d<\/p>\n\n\n\n<h3 class=\"wp-block-heading\">Varaa esittely!<\/h3>\n\n\n\n<p>Haluatko kuulla lis\u00e4\u00e4? N\u00e4yt\u00e4mme mielell\u00e4mme, miten Opter toimii ja kuinka helppoa sen k\u00e4yt\u00f6n aloittaminen on.<\/p>\n\n\n<div class=\"BookADemo\">\n    <a class=\"BookADemo-link\" href=\"\/fi\/ota-yhteytta\/\">\n      Vaara demo\n    <\/a>\n  <\/div>\n\n","protected":false},"excerpt":{"rendered":"<p>Ringstad Transportin liiketoiminta oli kasvanut nopeasti ja yritys tarvitsi&hellip;<\/p>\n","protected":false},"author":11,"featured_media":7339,"parent":0,"menu_order":0,"comment_status":"closed","ping_status":"closed","template":"","meta":{"_acf_changed":false,"footnotes":""},"class_list":["post-7382","page","type-page","status-publish","has-post-thumbnail","hentry"],"acf":[],"_links":{"self":[{"href":"https:\/\/opter.com\/fi\/wp-json\/wp\/v2\/pages\/7382","targetHints":{"allow":["GET"]}}],"collection":[{"href":"https:\/\/opter.com\/fi\/wp-json\/wp\/v2\/pages"}],"about":[{"href":"https:\/\/opter.com\/fi\/wp-json\/wp\/v2\/types\/page"}],"author":[{"embeddable":true,"href":"https:\/\/opter.com\/fi\/wp-json\/wp\/v2\/users\/11"}],"replies":[{"embeddable":true,"href":"https:\/\/opter.com\/fi\/wp-json\/wp\/v2\/comments?post=7382"}],"version-history":[{"count":8,"href":"https:\/\/opter.com\/fi\/wp-json\/wp\/v2\/pages\/7382\/revisions"}],"predecessor-version":[{"id":13460,"href":"https:\/\/opter.com\/fi\/wp-json\/wp\/v2\/pages\/7382\/revisions\/13460"}],"wp:featuredmedia":[{"embeddable":true,"href":"https:\/\/opter.com\/fi\/wp-json\/wp\/v2\/media\/7339"}],"wp:attachment":[{"href":"https:\/\/opter.com\/fi\/wp-json\/wp\/v2\/media?parent=7382"}],"curies":[{"name":"wp","href":"https:\/\/api.w.org\/{rel}","templated":true}]}}