{"id":7383,"date":"2022-11-14T14:47:32","date_gmt":"2022-11-14T13:47:32","guid":{"rendered":"https:\/\/opter.com\/?page_id=7383"},"modified":"2023-01-12T14:10:43","modified_gmt":"2023-01-12T13:10:43","slug":"brink-transport","status":"publish","type":"page","link":"https:\/\/opter.com\/fi\/brink-transport\/","title":{"rendered":"Brink Transport"},"content":{"rendered":"<div class=\"ImageHeadline\">\n      <div class=\"ImageHeadline-image\" style=\"background-image: url('https:\/\/opter.com\/wp-content\/uploads\/2022\/01\/brink-1600-1024x576.png')\">\n      <img loading=\"lazy\" decoding=\"async\" width=\"1024\" height=\"576\" src=\"https:\/\/opter.com\/wp-content\/uploads\/2022\/01\/brink-1600-1024x576.png\" class=\"ImageHeadline-img\" alt=\"\" srcset=\"https:\/\/opter.com\/wp-content\/uploads\/2022\/01\/brink-1600-1024x576.png 1024w, https:\/\/opter.com\/wp-content\/uploads\/2022\/01\/brink-1600-300x169.png 300w, https:\/\/opter.com\/wp-content\/uploads\/2022\/01\/brink-1600-768x432.png 768w, https:\/\/opter.com\/wp-content\/uploads\/2022\/01\/brink-1600-1536x864.png 1536w, https:\/\/opter.com\/wp-content\/uploads\/2022\/01\/brink-1600-1440x810.png 1440w, https:\/\/opter.com\/wp-content\/uploads\/2022\/01\/brink-1600.png 1600w\" sizes=\"auto, (max-width: 1024px) 100vw, 1024px\" \/>\n    <\/div>\n    <h2 class=\"ImageHeadline-headline\">\u201dJ\u00e4rjestelm\u00e4 joka on mahtava ty\u00f6kalu tulevaisuutta ajatellen.\u201d<\/h2>\n<\/div>\n\n\n\n\n<p><a rel=\"noreferrer noopener\" style=\"user-select: auto;\" href=\"https:\/\/www.brinktransport.dk\/\" target=\"_blank\">Brink Transport<\/a> kuljettaa p\u00e4ivitt\u00e4in toimituksia noin 85 ajoneuvolla. Toimitukset on jaettu samalle p\u00e4iv\u00e4lle, seuraavalle p\u00e4iv\u00e4lle ja y\u00f6toimituksiin. Tuotevolyymit jaetaan samaan tapaan kolmen terminaalin v\u00e4lille Koldingiin, Br\u00f8ndbyhyn ja Viborgiin. Brink Transport saa Opterista hyvi\u00e4 raportteja ja avainlukuja, mik\u00e4 auttaa parantamaan toimintaa ja laatimaan paikkansa pit\u00e4vi\u00e4 tarjouksia.<\/p>\n\n\n\n<p>\u201dValitsimme Opterin, koska j\u00e4rjestelm\u00e4 on yksinkertainen, avoin ja mukautettavissa ty\u00f6ntekij\u00f6iden ja teht\u00e4vien tarpeisiin. Resurssienhallinta, liikkuvan kaluston hallinta, kuljettajasovellus, skannaus ja tilastot ovat t\u00e4rkeit\u00e4 toimintoja p\u00e4ivitt\u00e4isess\u00e4 toiminnassamme, ja Opter on todella vaikuttanut merkitt\u00e4v\u00e4sti n\u00e4iden hoitamiseen. Olemme pystyneet tehostamaan prosessejamme, ja j\u00e4rjestelm\u00e4 on mahtava ty\u00f6kalu tulevaisuutta ajatellen.\u201d<br>Claus Lausten, toimitusjohtaja, Brink Transport<\/p>\n\n\n\n<h3 class=\"wp-block-heading\">Varaa esittely!<\/h3>\n\n\n\n<p>Haluatko kuulla lis\u00e4\u00e4? Kerromme mielell\u00e4mme, miten Opter toimii ja kuinka helposti p\u00e4\u00e4set alkuun.<\/p>\n\n\n<div class=\"BookADemo\">\n    <a class=\"BookADemo-link\" href=\"\/fi\/ota-yhteytta\/\">\n      Varaa demo\n    <\/a>\n  <\/div>\n\n","protected":false},"excerpt":{"rendered":"<p>Brink Transport kuljettaa p\u00e4ivitt\u00e4in toimituksia noin 85 ajoneuvolla. Toimitukset&hellip;<\/p>\n","protected":false},"author":18,"featured_media":7354,"parent":0,"menu_order":0,"comment_status":"closed","ping_status":"closed","template":"","meta":{"_acf_changed":false,"footnotes":""},"class_list":["post-7383","page","type-page","status-publish","has-post-thumbnail","hentry"],"acf":[],"_links":{"self":[{"href":"https:\/\/opter.com\/fi\/wp-json\/wp\/v2\/pages\/7383","targetHints":{"allow":["GET"]}}],"collection":[{"href":"https:\/\/opter.com\/fi\/wp-json\/wp\/v2\/pages"}],"about":[{"href":"https:\/\/opter.com\/fi\/wp-json\/wp\/v2\/types\/page"}],"author":[{"embeddable":true,"href":"https:\/\/opter.com\/fi\/wp-json\/wp\/v2\/users\/18"}],"replies":[{"embeddable":true,"href":"https:\/\/opter.com\/fi\/wp-json\/wp\/v2\/comments?post=7383"}],"version-history":[{"count":9,"href":"https:\/\/opter.com\/fi\/wp-json\/wp\/v2\/pages\/7383\/revisions"}],"predecessor-version":[{"id":8977,"href":"https:\/\/opter.com\/fi\/wp-json\/wp\/v2\/pages\/7383\/revisions\/8977"}],"wp:featuredmedia":[{"embeddable":true,"href":"https:\/\/opter.com\/fi\/wp-json\/wp\/v2\/media\/7354"}],"wp:attachment":[{"href":"https:\/\/opter.com\/fi\/wp-json\/wp\/v2\/media?parent=7383"}],"curies":[{"name":"wp","href":"https:\/\/api.w.org\/{rel}","templated":true}]}}