{"id":8338,"date":"2022-10-24T14:10:38","date_gmt":"2022-10-24T12:10:38","guid":{"rendered":"https:\/\/opter.com\/?page_id=8338"},"modified":"2023-01-12T14:09:42","modified_gmt":"2023-01-12T13:09:42","slug":"loadmaster","status":"publish","type":"page","link":"https:\/\/opter.com\/fi\/loadmaster\/","title":{"rendered":"LoadMaster"},"content":{"rendered":"<div class=\"ImageHeadline\">\n      <div class=\"ImageHeadline-image\" style=\"background-image: url('https:\/\/opter.com\/wp-content\/uploads\/2022\/09\/are-elgaen-loadmaster-1600-1024x576.png')\">\n      <img loading=\"lazy\" decoding=\"async\" width=\"1024\" height=\"576\" src=\"https:\/\/opter.com\/wp-content\/uploads\/2022\/09\/are-elgaen-loadmaster-1600-1024x576.png\" class=\"ImageHeadline-img\" alt=\"\" srcset=\"https:\/\/opter.com\/wp-content\/uploads\/2022\/09\/are-elgaen-loadmaster-1600-1024x576.png 1024w, https:\/\/opter.com\/wp-content\/uploads\/2022\/09\/are-elgaen-loadmaster-1600-300x169.png 300w, https:\/\/opter.com\/wp-content\/uploads\/2022\/09\/are-elgaen-loadmaster-1600-768x432.png 768w, https:\/\/opter.com\/wp-content\/uploads\/2022\/09\/are-elgaen-loadmaster-1600-1536x864.png 1536w, https:\/\/opter.com\/wp-content\/uploads\/2022\/09\/are-elgaen-loadmaster-1600-1440x810.png 1440w, https:\/\/opter.com\/wp-content\/uploads\/2022\/09\/are-elgaen-loadmaster-1600.png 1600w\" sizes=\"auto, (max-width: 1024px) 100vw, 1024px\" \/>\n    <\/div>\n    <h2 class=\"ImageHeadline-headline\">\u201dValitsemalla Opterin sijoitat j\u00e4rjestelm\u00e4\u00e4n, joka voi olla mukana kuljetuksen kaikissa vaiheissa.\u201d<\/h2>\n<\/div>\n\n\n\n\n<p>Yksi Opterin ensimm\u00e4isist\u00e4 norjalaisasiakkaista oli Lillestr\u00f6miss\u00e4 toimiva <a href=\"http:\/\/loadmaster.no\" data-type=\"URL\" data-id=\"loadmaster.no\">LoadMaster AS<\/a>. LoadMasterilla on 16&nbsp;ty\u00f6ntekij\u00e4\u00e4 ja muutama oma ajoneuvo, joiden ajoj\u00e4rjestelyst\u00e4 se vastaa, mutta p\u00e4\u00e4asiassa se k\u00e4ytt\u00e4\u00e4 Opteria alihankkijoiden kuljetusten varaamiseen. Toimitusjohtaja Are Elg\u00e5en kertoo LoadMasterin valinneen Opterin siksi, ett\u00e4 ratkaisu on 100-prosenttisesti skaalautuva ja sen toiminnot ovat yhteensopivia suurimpien markkinoilla olevien j\u00e4rjestelmien kanssa.<\/p>\n\n\n\n<p>\u201dTeimme sijoituksen j\u00e4rjestelm\u00e4\u00e4n, joka voi olla mukana kuljetuksen kaikissa vaiheissa. Opter antaa mahdollisuuden laajaan automatisointiin. Kun huippuosaamista hy\u00f6dynnet\u00e4\u00e4n j\u00e4rjestelm\u00e4n k\u00e4ytt\u00f6\u00f6notossa, koko yritys p\u00e4\u00e4see hy\u00f6tym\u00e4\u00e4n siit\u00e4 p\u00e4ivitt\u00e4isess\u00e4 ty\u00f6ss\u00e4.\u201d<\/p>\n\n\n\n<p>Opteria pitk\u00e4\u00e4n k\u00e4ytt\u00e4neen Aren mukaan j\u00e4rjestelm\u00e4n k\u00e4yt\u00f6n voi aloittaa pelk\u00e4st\u00e4\u00e4n perustoimintoja hy\u00f6dynt\u00e4en, vaikka kaikki ominaisuudet ovatkin k\u00e4ytett\u00e4viss\u00e4. Kaikilla asiakkailla on samat mahdollisuudet ja toiminnot. Se on toimiva ratkaisu pienellekin l\u00e4hettiyritykselle, jolla on v\u00e4hint\u00e4\u00e4n kolme ajoneuvoa. Automatiikan ansiosta sek\u00e4 LoadMaster ett\u00e4 alihankkijat ovat voineet keskitty\u00e4 hallinnoinnin sijaan laatuun ja seurantaan.<\/p>\n\n\n\n<p>\u201dAlalla, jolla katteet ovat pienet, voittoa voi kasvattaa vain suuremmilla tilausm\u00e4\u00e4rill\u00e4\u201d, Are toteaa. \u201dNiit\u00e4 voi puolestaan saada toimintaa tehostamalla. Kuljetukset maksavat aina sen, mit\u00e4 ne maksavat.\u201d<\/p>\n\n\n\n<h3 class=\"wp-block-heading\">Varaa esittely!<\/h3>\n\n\n\n<p>Haluatko kuulla lis\u00e4\u00e4? Kerromme mielell\u00e4mme, miten Opter toimii ja kuinka helposti p\u00e4\u00e4set alkuun.<\/p>\n\n\n<div class=\"BookADemo\">\n    <a class=\"BookADemo-link\" href=\"\/fi\/ota-yhteytta\/\">\n      Varaa demo\n    <\/a>\n  <\/div>\n\n","protected":false},"excerpt":{"rendered":"<p>Yksi Opterin ensimm\u00e4isist\u00e4 norjalaisasiakkaista oli Lillestr\u00f6miss\u00e4 toimiva LoadMaster AS.&hellip;<\/p>\n","protected":false},"author":18,"featured_media":8220,"parent":0,"menu_order":0,"comment_status":"closed","ping_status":"closed","template":"","meta":{"_acf_changed":false,"footnotes":""},"class_list":["post-8338","page","type-page","status-publish","has-post-thumbnail","hentry"],"acf":[],"_links":{"self":[{"href":"https:\/\/opter.com\/fi\/wp-json\/wp\/v2\/pages\/8338","targetHints":{"allow":["GET"]}}],"collection":[{"href":"https:\/\/opter.com\/fi\/wp-json\/wp\/v2\/pages"}],"about":[{"href":"https:\/\/opter.com\/fi\/wp-json\/wp\/v2\/types\/page"}],"author":[{"embeddable":true,"href":"https:\/\/opter.com\/fi\/wp-json\/wp\/v2\/users\/18"}],"replies":[{"embeddable":true,"href":"https:\/\/opter.com\/fi\/wp-json\/wp\/v2\/comments?post=8338"}],"version-history":[{"count":3,"href":"https:\/\/opter.com\/fi\/wp-json\/wp\/v2\/pages\/8338\/revisions"}],"predecessor-version":[{"id":8951,"href":"https:\/\/opter.com\/fi\/wp-json\/wp\/v2\/pages\/8338\/revisions\/8951"}],"wp:featuredmedia":[{"embeddable":true,"href":"https:\/\/opter.com\/fi\/wp-json\/wp\/v2\/media\/8220"}],"wp:attachment":[{"href":"https:\/\/opter.com\/fi\/wp-json\/wp\/v2\/media?parent=8338"}],"curies":[{"name":"wp","href":"https:\/\/api.w.org\/{rel}","templated":true}]}}