{"id":8339,"date":"2022-10-24T14:09:33","date_gmt":"2022-10-24T12:09:33","guid":{"rendered":"https:\/\/opter.com\/?page_id=8339"},"modified":"2023-01-12T14:09:58","modified_gmt":"2023-01-12T13:09:58","slug":"itide-as","status":"publish","type":"page","link":"https:\/\/opter.com\/fi\/itide-as\/","title":{"rendered":"Itide AS"},"content":{"rendered":"<div class=\"ImageHeadline\">\n      <div class=\"ImageHeadline-image\" style=\"background-image: url('https:\/\/opter.com\/wp-content\/uploads\/2022\/09\/itide-1600-1-1024x576.png')\">\n      <img loading=\"lazy\" decoding=\"async\" width=\"1024\" height=\"576\" src=\"https:\/\/opter.com\/wp-content\/uploads\/2022\/09\/itide-1600-1-1024x576.png\" class=\"ImageHeadline-img\" alt=\"\" srcset=\"https:\/\/opter.com\/wp-content\/uploads\/2022\/09\/itide-1600-1-1024x576.png 1024w, https:\/\/opter.com\/wp-content\/uploads\/2022\/09\/itide-1600-1-300x169.png 300w, https:\/\/opter.com\/wp-content\/uploads\/2022\/09\/itide-1600-1-768x432.png 768w, https:\/\/opter.com\/wp-content\/uploads\/2022\/09\/itide-1600-1-1536x864.png 1536w, https:\/\/opter.com\/wp-content\/uploads\/2022\/09\/itide-1600-1-1440x810.png 1440w, https:\/\/opter.com\/wp-content\/uploads\/2022\/09\/itide-1600-1.png 1600w\" sizes=\"auto, (max-width: 1024px) 100vw, 1024px\" \/>\n    <\/div>\n    <h2 class=\"ImageHeadline-headline\">\u201d\u00c4lykk\u00e4\u00e4mpi ty\u00f6skentely vapauttaa kapasiteettia.\u201d<\/h2>\n<\/div>\n\n\n\n\n<p><a href=\"https:\/\/itide.no\/\">Itide AS<\/a> on k\u00e4ytt\u00e4nyt Opteria kuljetustenhallintaj\u00e4rjestelm\u00e4n\u00e4 vuodesta 2016. Toiminnan laajentuessa yritys tarvitsi joustavan j\u00e4rjestelm\u00e4n, joka pystyy skaalautumaan samaan tahtiin kasvun kanssa.<\/p>\n\n\n\n<p>\u201dValitsimme Opterin saadaksemme kaikki operatiiviset logistiikkatoiminnot samaan paikkaan ja optimoidaksemme prosessejamme\u201d, kertoo Itiden projektikoordinaattori Mie Marlene Fjeldheim.<\/p>\n\n\n\n<p>Vuodesta 2008 toiminut Itide on perustamisestaan l\u00e4htien pyrkinyt olemaan henkil\u00f6kohtaisia suhteita ja laatua painottava, aikaansa seuraava kuljetusyritys. Nyky\u00e4\u00e4n sen kuljetuskalusto koostuu 27&nbsp;erikokoisesta ajoneuvosta. Sen palvelut ovat p\u00e4\u00e4asiassa samana tai seuraavana p\u00e4iv\u00e4n\u00e4 toimitettavia tavarakuljetuksia. Lis\u00e4ksi se tarjoaa varastologistiikan palveluja.<\/p>\n\n\n\n<p>Kovassa kilpailutilanteessa on eritt\u00e4in t\u00e4rke\u00e4\u00e4 pysty\u00e4 hallitsemaan hintoja, kustannuksia, laatua, poikkeamia ja l\u00e4hetysten t\u00e4ydellist\u00e4 j\u00e4ljitett\u00e4vyytt\u00e4. Itide k\u00e4ytt\u00e4\u00e4 Opteria, jotta se voi koota kaikki tilaukseen liittyv\u00e4t toiminnot yhteen ty\u00f6kaluun. Kuljetussuunnitteluty\u00f6kalu antaa Mie Marlenen mukaan hyv\u00e4n yleiskuvan, jonka avulla suunnittelu, automatisointi ja reittioptimointi voidaan tehd\u00e4 parhaiten.<\/p>\n\n\n\n<p>\u201dHektisess\u00e4 arjessa on t\u00e4rke\u00e4\u00e4, ett\u00e4 monimutkaisiin logistiikkatoimintoihin voidaan k\u00e4ytt\u00e4\u00e4 yksinkertaista ty\u00f6kalua. \u00c4lykk\u00e4\u00e4mpi ty\u00f6skentely vapauttaa kapasiteettia, jolloin voimme keskitty\u00e4 oikeisiin asioihin\u201d, Mie Marlene summaa.<\/p>\n\n\n\n<h3 class=\"wp-block-heading\">Varaa esittely!<\/h3>\n\n\n\n<p>Haluatko kuulla lis\u00e4\u00e4? Kerromme mielell\u00e4mme, miten Opter toimii ja kuinka helposti p\u00e4\u00e4set alkuun.<\/p>\n\n\n<div class=\"BookADemo\">\n    <a class=\"BookADemo-link\" href=\"\/fi\/ota-yhteytta\/\">\n      Varaa demo\n    <\/a>\n  <\/div>\n\n","protected":false},"excerpt":{"rendered":"<p>Itide AS on k\u00e4ytt\u00e4nyt Opteria kuljetustenhallintaj\u00e4rjestelm\u00e4n\u00e4 vuodesta 2016. Toiminnan&hellip;<\/p>\n","protected":false},"author":18,"featured_media":8237,"parent":0,"menu_order":0,"comment_status":"closed","ping_status":"closed","template":"","meta":{"_acf_changed":false,"footnotes":""},"class_list":["post-8339","page","type-page","status-publish","has-post-thumbnail","hentry"],"acf":[],"_links":{"self":[{"href":"https:\/\/opter.com\/fi\/wp-json\/wp\/v2\/pages\/8339","targetHints":{"allow":["GET"]}}],"collection":[{"href":"https:\/\/opter.com\/fi\/wp-json\/wp\/v2\/pages"}],"about":[{"href":"https:\/\/opter.com\/fi\/wp-json\/wp\/v2\/types\/page"}],"author":[{"embeddable":true,"href":"https:\/\/opter.com\/fi\/wp-json\/wp\/v2\/users\/18"}],"replies":[{"embeddable":true,"href":"https:\/\/opter.com\/fi\/wp-json\/wp\/v2\/comments?post=8339"}],"version-history":[{"count":8,"href":"https:\/\/opter.com\/fi\/wp-json\/wp\/v2\/pages\/8339\/revisions"}],"predecessor-version":[{"id":8978,"href":"https:\/\/opter.com\/fi\/wp-json\/wp\/v2\/pages\/8339\/revisions\/8978"}],"wp:featuredmedia":[{"embeddable":true,"href":"https:\/\/opter.com\/fi\/wp-json\/wp\/v2\/media\/8237"}],"wp:attachment":[{"href":"https:\/\/opter.com\/fi\/wp-json\/wp\/v2\/media?parent=8339"}],"curies":[{"name":"wp","href":"https:\/\/api.w.org\/{rel}","templated":true}]}}