{"id":8681,"date":"2022-12-13T14:35:01","date_gmt":"2022-12-13T13:35:01","guid":{"rendered":"https:\/\/opter.com\/?page_id=8681"},"modified":"2023-01-12T14:09:33","modified_gmt":"2023-01-12T13:09:33","slug":"redningsverket","status":"publish","type":"page","link":"https:\/\/opter.com\/fi\/redningsverket\/","title":{"rendered":"Redningsverket"},"content":{"rendered":"<div class=\"ImageHeadline\">\n      <div class=\"ImageHeadline-image\" style=\"background-image: url('https:\/\/opter.com\/wp-content\/uploads\/2022\/12\/redningsverket-1600x900-2-1024x576.png')\">\n      <img loading=\"lazy\" decoding=\"async\" width=\"1024\" height=\"576\" src=\"https:\/\/opter.com\/wp-content\/uploads\/2022\/12\/redningsverket-1600x900-2-1024x576.png\" class=\"ImageHeadline-img\" alt=\"\" srcset=\"https:\/\/opter.com\/wp-content\/uploads\/2022\/12\/redningsverket-1600x900-2-1024x576.png 1024w, https:\/\/opter.com\/wp-content\/uploads\/2022\/12\/redningsverket-1600x900-2-300x169.png 300w, https:\/\/opter.com\/wp-content\/uploads\/2022\/12\/redningsverket-1600x900-2-768x432.png 768w, https:\/\/opter.com\/wp-content\/uploads\/2022\/12\/redningsverket-1600x900-2-1536x864.png 1536w, https:\/\/opter.com\/wp-content\/uploads\/2022\/12\/redningsverket-1600x900-2-1440x810.png 1440w, https:\/\/opter.com\/wp-content\/uploads\/2022\/12\/redningsverket-1600x900-2.png 1600w\" sizes=\"auto, (max-width: 1024px) 100vw, 1024px\" \/>\n    <\/div>\n    <h2 class=\"ImageHeadline-headline\">\u201dOpter sek\u00e4 s\u00e4\u00e4st\u00e4\u00e4 aikaa ett\u00e4 parantaa kassavirtaa.\u201d<\/h2>\n<\/div>\n\n\n\n\n<p><a href=\"https:\/\/redningsverket.no\/\" target=\"_blank\" rel=\"noreferrer noopener\">Redningsverket<\/a> on yksi Norjan suurimmista hinauspalveluyrityksist\u00e4, ja se toimii ymp\u00e4ri vuorokauden. Hinausten lis\u00e4ksi yritys suorittaa muitakin kuljetustoimeksiantoja, ja niit\u00e4 varten tarvittiin j\u00e4rjestelm\u00e4, joka helpottaisi seurantaa ja laskutusta sek\u00e4 vastaisi asiakkaiden lis\u00e4\u00e4ntyneisiin tiedonsaantivaatimuksiin. <\/p>\n\n\n\n<p>Yritys testasi muutamaa eri j\u00e4rjestelm\u00e4\u00e4, mutta lopulta valittiin Opter, jota useat asiakkaatkin olivat suositelleet. \u201dUskomme Opterin tarjoavan paljon sellaisia asioita, joita asiakkaamme haluavat my\u00f6s tulevaisuudessa. K\u00e4yt\u00e4mme Opteria usein myyntivalttina, kun teemme tarjouksia ja pid\u00e4mme esityksi\u00e4,\u201d sanoo yrityksen toiminnanjohtaja Per Anders Peterson. H\u00e4n kertoo, ett\u00e4 Opter helpottaa toimitusten jakamista ajoneuvojen kesken sek\u00e4 ajotoimiston ja kuljettajan v\u00e4list\u00e4 kommunikaatiota.<\/p>\n\n\n\n<p>\u201dSuurin j\u00e4rjestelm\u00e4n tarjoama parannus on se, ett\u00e4 laskutus on automaattista ja sit\u00e4 voi tehd\u00e4 p\u00e4ivitt\u00e4in. T\u00e4m\u00e4 sek\u00e4 s\u00e4\u00e4st\u00e4\u00e4 aikaa ett\u00e4 parantaa kassavirtaa. Asiakkaammekin ovat huomanneet eron!\u201d<\/p>\n\n\n\n<h3 class=\"wp-block-heading\">Varaa esittely!<\/h3>\n\n\n\n<p>Haluatko kuulla lis\u00e4\u00e4? Kerromme mielell\u00e4mme, miten Opter toimii ja kuinka helposti p\u00e4\u00e4set alkuun.<\/p>\n\n\n<div class=\"BookADemo\">\n    <a class=\"BookADemo-link\" href=\"\/fi\/ota-yhteytta\/\">\n      Varaa demo\n    <\/a>\n  <\/div>\n\n","protected":false},"excerpt":{"rendered":"<p>Redningsverket on yksi Norjan suurimmista hinauspalveluyrityksist\u00e4, ja se toimii&hellip;<\/p>\n","protected":false},"author":18,"featured_media":8661,"parent":0,"menu_order":0,"comment_status":"closed","ping_status":"closed","template":"","meta":{"_acf_changed":false,"footnotes":""},"class_list":["post-8681","page","type-page","status-publish","has-post-thumbnail","hentry"],"acf":[],"_links":{"self":[{"href":"https:\/\/opter.com\/fi\/wp-json\/wp\/v2\/pages\/8681","targetHints":{"allow":["GET"]}}],"collection":[{"href":"https:\/\/opter.com\/fi\/wp-json\/wp\/v2\/pages"}],"about":[{"href":"https:\/\/opter.com\/fi\/wp-json\/wp\/v2\/types\/page"}],"author":[{"embeddable":true,"href":"https:\/\/opter.com\/fi\/wp-json\/wp\/v2\/users\/18"}],"replies":[{"embeddable":true,"href":"https:\/\/opter.com\/fi\/wp-json\/wp\/v2\/comments?post=8681"}],"version-history":[{"count":11,"href":"https:\/\/opter.com\/fi\/wp-json\/wp\/v2\/pages\/8681\/revisions"}],"predecessor-version":[{"id":8967,"href":"https:\/\/opter.com\/fi\/wp-json\/wp\/v2\/pages\/8681\/revisions\/8967"}],"wp:featuredmedia":[{"embeddable":true,"href":"https:\/\/opter.com\/fi\/wp-json\/wp\/v2\/media\/8661"}],"wp:attachment":[{"href":"https:\/\/opter.com\/fi\/wp-json\/wp\/v2\/media?parent=8681"}],"curies":[{"name":"wp","href":"https:\/\/api.w.org\/{rel}","templated":true}]}}