{"id":8890,"date":"2023-01-12T13:44:09","date_gmt":"2023-01-12T12:44:09","guid":{"rendered":"https:\/\/opter.com\/?page_id=8890"},"modified":"2023-01-12T14:06:12","modified_gmt":"2023-01-12T13:06:12","slug":"orland-transport","status":"publish","type":"page","link":"https:\/\/opter.com\/fi\/orland-transport\/","title":{"rendered":"\u00d8rland Transport"},"content":{"rendered":"<div class=\"ImageHeadline\">\n      <div class=\"ImageHeadline-image\" style=\"background-image: url('https:\/\/opter.com\/wp-content\/uploads\/2022\/12\/orland-transport-sindre-ross-1600x900-2-1024x576.png')\">\n      <img loading=\"lazy\" decoding=\"async\" width=\"1024\" height=\"576\" src=\"https:\/\/opter.com\/wp-content\/uploads\/2022\/12\/orland-transport-sindre-ross-1600x900-2-1024x576.png\" class=\"ImageHeadline-img\" alt=\"\u00d8rland Transport - Sindre Ross\" srcset=\"https:\/\/opter.com\/wp-content\/uploads\/2022\/12\/orland-transport-sindre-ross-1600x900-2-1024x576.png 1024w, https:\/\/opter.com\/wp-content\/uploads\/2022\/12\/orland-transport-sindre-ross-1600x900-2-300x169.png 300w, https:\/\/opter.com\/wp-content\/uploads\/2022\/12\/orland-transport-sindre-ross-1600x900-2-768x432.png 768w, https:\/\/opter.com\/wp-content\/uploads\/2022\/12\/orland-transport-sindre-ross-1600x900-2-1536x864.png 1536w, https:\/\/opter.com\/wp-content\/uploads\/2022\/12\/orland-transport-sindre-ross-1600x900-2-1440x810.png 1440w, https:\/\/opter.com\/wp-content\/uploads\/2022\/12\/orland-transport-sindre-ross-1600x900-2.png 1600w\" sizes=\"auto, (max-width: 1024px) 100vw, 1024px\" \/>\n    <\/div>\n    <h2 class=\"ImageHeadline-headline\">\u201dOpter Cloud -pilvipalvelu s\u00e4\u00e4st\u00e4\u00e4 resurssejamme\u201d<\/h2>\n<\/div>\n\n\n\n\n<p><a rel=\"noreferrer noopener\" href=\"https:\/\/www.orlandtransport.no\/\" target=\"_blank\">\u00d8rland Transport<\/a> on 95-vuotisen taipaleen aikana kasvanut yhdell\u00e4 kuorma-autolla puutavaratoimituksia tehneest\u00e4 yrityksest\u00e4 yli 200&nbsp;henke\u00e4 ty\u00f6llist\u00e4v\u00e4ksi kuljetusyhti\u00f6ksi, jolla on 180&nbsp;erilaista ajoneuvoa ja per\u00e4vaunua kaikentyyppisiin kuljetustoimeksiantoihin.<\/p>\n\n\n\n<p>Opterin ansiosta \u00d8rland asiakkaineen saa nyt helposti kattavan kokonaiskuvan kuljetuksista. Tilausprosessi on entist\u00e4 paremmin \u00d8rlandin ajoj\u00e4rjestelij\u00f6iden hallinnassa, ja asiakkaat voivat tarkistaa hinnat, tilauksen tilan, arvioidun toimitusajan ja muut tiedot itse asiakasportaalista.<\/p>\n\n\n\n<p>\u201dOpter auttaa meit\u00e4 auttamaan asiakkaitamme paremmin. Meilt\u00e4 kuluu v\u00e4hemm\u00e4n aikaa j\u00e4rjestelm\u00e4n k\u00e4ytt\u00f6\u00f6n, jolloin toimeksiannoille j\u00e4\u00e4 enemm\u00e4n aikaa\u201d, IT-vastaava Sindre Ross kertoo.<\/p>\n\n\n\n<p>T\u00e4rke\u00e4 kuljetussuunnitteluj\u00e4rjestelm\u00e4n valintaan vaikuttanut tekij\u00e4 oli joustavuus, jota Opter tarjoaa Opter Cloud -pilvipalvelullaan. Ratkaisu s\u00e4\u00e4st\u00e4\u00e4 \u00d8rlandin resursseja. Sindre Rossin mukaan yrityksess\u00e4 huomattiin my\u00f6s, ett\u00e4 kuljetusten hallintaa on mahdollista mukauttaa Opterissa toiveiden mukaan tilausten k\u00e4sittelyn tehostamiseksi.<\/p>\n\n\n\n<p>\u201dSaamme apua kaikkeen, mit\u00e4 emme itse osaa, mutta mik\u00e4 parasta, Opter pyrkii my\u00f6s opettamaan meit\u00e4 ratkaisemaan ongelmia itse. Se tekee meist\u00e4 riippumattomampia, lis\u00e4\u00e4 omaa osaamistamme ja v\u00e4hent\u00e4\u00e4 konsultointikustannuksia.\u201d<\/p>\n\n\n\n<h3 class=\"wp-block-heading\">Varaa esittely!<\/h3>\n\n\n\n<p>Haluatko kuulla lis\u00e4\u00e4? Kerromme mielell\u00e4mme, miten Opter toimii ja kuinka helposti p\u00e4\u00e4set alkuun.<\/p>\n\n\n<div class=\"BookADemo\">\n    <a class=\"BookADemo-link\" href=\"\/fi\/ota-yhteytta\/\">\n      Varaa demo\n    <\/a>\n  <\/div>\n\n","protected":false},"excerpt":{"rendered":"<p>\u00d8rland Transport on 95-vuotisen taipaleen aikana kasvanut yhdell\u00e4 kuorma-autolla&hellip;<\/p>\n","protected":false},"author":18,"featured_media":8855,"parent":0,"menu_order":0,"comment_status":"closed","ping_status":"closed","template":"","meta":{"_acf_changed":false,"footnotes":""},"class_list":["post-8890","page","type-page","status-publish","has-post-thumbnail","hentry"],"acf":[],"_links":{"self":[{"href":"https:\/\/opter.com\/fi\/wp-json\/wp\/v2\/pages\/8890","targetHints":{"allow":["GET"]}}],"collection":[{"href":"https:\/\/opter.com\/fi\/wp-json\/wp\/v2\/pages"}],"about":[{"href":"https:\/\/opter.com\/fi\/wp-json\/wp\/v2\/types\/page"}],"author":[{"embeddable":true,"href":"https:\/\/opter.com\/fi\/wp-json\/wp\/v2\/users\/18"}],"replies":[{"embeddable":true,"href":"https:\/\/opter.com\/fi\/wp-json\/wp\/v2\/comments?post=8890"}],"version-history":[{"count":4,"href":"https:\/\/opter.com\/fi\/wp-json\/wp\/v2\/pages\/8890\/revisions"}],"predecessor-version":[{"id":8940,"href":"https:\/\/opter.com\/fi\/wp-json\/wp\/v2\/pages\/8890\/revisions\/8940"}],"wp:featuredmedia":[{"embeddable":true,"href":"https:\/\/opter.com\/fi\/wp-json\/wp\/v2\/media\/8855"}],"wp:attachment":[{"href":"https:\/\/opter.com\/fi\/wp-json\/wp\/v2\/media?parent=8890"}],"curies":[{"name":"wp","href":"https:\/\/api.w.org\/{rel}","templated":true}]}}