{"id":9363,"date":"2023-02-28T18:04:32","date_gmt":"2023-02-28T17:04:32","guid":{"rendered":"https:\/\/opter.com\/?page_id=9363"},"modified":"2023-02-28T18:11:44","modified_gmt":"2023-02-28T17:11:44","slug":"flemmings-containertransport","status":"publish","type":"page","link":"https:\/\/opter.com\/fi\/flemmings-containertransport\/","title":{"rendered":"Flemmings Containertransport ApS"},"content":{"rendered":"<div class=\"ImageHeadline\">\n      <div class=\"ImageHeadline-image\" style=\"background-image: url('https:\/\/opter.com\/wp-content\/uploads\/2023\/02\/flemmings-1600x900-1-1024x576.png')\">\n      <img loading=\"lazy\" decoding=\"async\" width=\"1024\" height=\"576\" src=\"https:\/\/opter.com\/wp-content\/uploads\/2023\/02\/flemmings-1600x900-1-1024x576.png\" class=\"ImageHeadline-img\" alt=\"\" srcset=\"https:\/\/opter.com\/wp-content\/uploads\/2023\/02\/flemmings-1600x900-1-1024x576.png 1024w, https:\/\/opter.com\/wp-content\/uploads\/2023\/02\/flemmings-1600x900-1-300x169.png 300w, https:\/\/opter.com\/wp-content\/uploads\/2023\/02\/flemmings-1600x900-1-768x432.png 768w, https:\/\/opter.com\/wp-content\/uploads\/2023\/02\/flemmings-1600x900-1-1536x864.png 1536w, https:\/\/opter.com\/wp-content\/uploads\/2023\/02\/flemmings-1600x900-1-1440x810.png 1440w, https:\/\/opter.com\/wp-content\/uploads\/2023\/02\/flemmings-1600x900-1.png 1600w\" sizes=\"auto, (max-width: 1024px) 100vw, 1024px\" \/>\n    <\/div>\n    <h2 class=\"ImageHeadline-headline\">\u201dSaamme entist\u00e4 paremman yleiskuvan ja voimme tarjota automatisoidumpaa palvelua\u201d<\/h2>\n<\/div>\n\n\n\n\n<p>Sen j\u00e4lkeen kun <a rel=\"noreferrer noopener\" href=\"http:\/\/www.flemmings-container.dk\/\" target=\"_blank\">Flemmings Containertransport<\/a> otti k\u00e4ytt\u00f6\u00f6n Opterin, yrityksess\u00e4 on omistaja Anders Kjeldgaardin mukaan saatu entist\u00e4 parempi yleiskuva kuljetuksista ja aikaa enemm\u00e4n muuhun ty\u00f6h\u00f6n. Yritys ty\u00f6llist\u00e4\u00e4 kymmenen henke\u00e4 ja sen palveluihin kuuluvat j\u00e4tehuolto, konttivuokraus, rakennusmateriaalikuljetukset ja nosturiasennukset.<\/p>\n\n\n\n<p>Uutta kuljetustenhallintaj\u00e4rjestelm\u00e4\u00e4 valitessaan Flemmings p\u00e4\u00e4tyi Opteriin, koska t\u00e4m\u00e4 vastasi parhaiten yrityksen tilausten k\u00e4sittelyyn ja vastaanottoon, suunnitteluun, seurantaan ja laskutukseen liittyviin tarpeisiin.<\/p>\n\n\n\n<p>\u201dKuljettajasovellus on merkitt\u00e4v\u00e4 parannus, sill\u00e4 sen avulla n\u00e4kee, miss\u00e4 ajoneuvot ovat p\u00e4iv\u00e4n mittaan. Aiomme my\u00f6s ottaa k\u00e4ytt\u00f6\u00f6n automaattiset ilmoitukset ja varausportaalin, jotta asiakkaat voivat varata toimeksiantoja itse.\u201d<\/p>\n\n\n\n<p>Siin\u00e4 miss\u00e4 toimeksiannon yksityiskohtien selvitt\u00e4miseen tarvittiin ennen lukuisia puheluja, tekstiviestej\u00e4 ja seikkaper\u00e4ist\u00e4 viestint\u00e4\u00e4, nyt kaikki tarvittavat tiedot saadaan helposti koottua yhteen Opter Driver -sovelluksen avulla. Kuljettaja saa suoran p\u00e4\u00e4syn kuviin, rahtikirjoihin ja muihin asiakirjoihin.<\/p>\n\n\n\n<p>Anders Kjeldgaard uskoo, ett\u00e4 Opter voi auttaa Flemmings Containertransportia my\u00f6s tulevaisuudessa esimerkiksi lis\u00e4\u00e4ntyvien raportointivaatimusten kanssa. \u201dAlallamme edellytet\u00e4\u00e4n tarkkoja hiilidioksidi- ja ymp\u00e4rist\u00f6selvityksi\u00e4, ja siin\u00e4 Opter voi olla avuksi. Asialla on valtaisa merkitys myyntity\u00f6llemme\u201d, h\u00e4n toteaa.<\/p>\n\n\n\n<h3 class=\"wp-block-heading\">Varaa esittely!<\/h3>\n\n\n\n<p>Haluatko kuulla lis\u00e4\u00e4? Kerromme mielell\u00e4mme, miten Opter toimii ja kuinka helposti p\u00e4\u00e4set alkuun.<\/p>\n\n\n<div class=\"BookADemo\">\n    <a class=\"BookADemo-link\" href=\"\/fi\/ota-yhteytta\/\">\n      Varaa demo\n    <\/a>\n  <\/div>\n\n","protected":false},"excerpt":{"rendered":"<p>Sen j\u00e4lkeen kun Flemmings Containertransport otti k\u00e4ytt\u00f6\u00f6n Opterin, yrityksess\u00e4&hellip;<\/p>\n","protected":false},"author":18,"featured_media":9253,"parent":0,"menu_order":0,"comment_status":"closed","ping_status":"closed","template":"","meta":{"_acf_changed":false,"footnotes":""},"class_list":["post-9363","page","type-page","status-publish","has-post-thumbnail","hentry"],"acf":[],"_links":{"self":[{"href":"https:\/\/opter.com\/fi\/wp-json\/wp\/v2\/pages\/9363","targetHints":{"allow":["GET"]}}],"collection":[{"href":"https:\/\/opter.com\/fi\/wp-json\/wp\/v2\/pages"}],"about":[{"href":"https:\/\/opter.com\/fi\/wp-json\/wp\/v2\/types\/page"}],"author":[{"embeddable":true,"href":"https:\/\/opter.com\/fi\/wp-json\/wp\/v2\/users\/18"}],"replies":[{"embeddable":true,"href":"https:\/\/opter.com\/fi\/wp-json\/wp\/v2\/comments?post=9363"}],"version-history":[{"count":2,"href":"https:\/\/opter.com\/fi\/wp-json\/wp\/v2\/pages\/9363\/revisions"}],"predecessor-version":[{"id":9377,"href":"https:\/\/opter.com\/fi\/wp-json\/wp\/v2\/pages\/9363\/revisions\/9377"}],"wp:featuredmedia":[{"embeddable":true,"href":"https:\/\/opter.com\/fi\/wp-json\/wp\/v2\/media\/9253"}],"wp:attachment":[{"href":"https:\/\/opter.com\/fi\/wp-json\/wp\/v2\/media?parent=9363"}],"curies":[{"name":"wp","href":"https:\/\/api.w.org\/{rel}","templated":true}]}}