{"id":9653,"date":"2023-03-28T15:06:24","date_gmt":"2023-03-28T13:06:24","guid":{"rendered":"https:\/\/opter.com\/?page_id=9653"},"modified":"2023-03-28T15:11:18","modified_gmt":"2023-03-28T13:11:18","slug":"freetrade-logistics-aps","status":"publish","type":"page","link":"https:\/\/opter.com\/fi\/freetrade-logistics-aps\/","title":{"rendered":"Freetrade Logistics ApS"},"content":{"rendered":"<div class=\"ImageHeadline\">\n      <div class=\"ImageHeadline-image\" style=\"background-image: url('https:\/\/opter.com\/wp-content\/uploads\/2023\/03\/freetrade-1024x576.png')\">\n      <img loading=\"lazy\" decoding=\"async\" width=\"1024\" height=\"576\" src=\"https:\/\/opter.com\/wp-content\/uploads\/2023\/03\/freetrade-1024x576.png\" class=\"ImageHeadline-img\" alt=\"\" srcset=\"https:\/\/opter.com\/wp-content\/uploads\/2023\/03\/freetrade-1024x576.png 1024w, https:\/\/opter.com\/wp-content\/uploads\/2023\/03\/freetrade-300x169.png 300w, https:\/\/opter.com\/wp-content\/uploads\/2023\/03\/freetrade-768x432.png 768w, https:\/\/opter.com\/wp-content\/uploads\/2023\/03\/freetrade-1536x864.png 1536w, https:\/\/opter.com\/wp-content\/uploads\/2023\/03\/freetrade-1440x810.png 1440w, https:\/\/opter.com\/wp-content\/uploads\/2023\/03\/freetrade.png 1600w\" sizes=\"auto, (max-width: 1024px) 100vw, 1024px\" \/>\n    <\/div>\n    <h2 class=\"ImageHeadline-headline\">\u201dOpterin ansiosta voimme keskitty\u00e4 asiakkaaseen.\u201d<\/h2>\n<\/div>\n\n\n\n\n<p><a rel=\"noreferrer noopener\" href=\"https:\/\/www.freetradelog.com\/\" target=\"_blank\">FreeTrade Logistics<\/a> on tanskalainen yritys, joka on erikoistunut logistiikkaan ja kuljetusratkaisuihin vuodesta 2008 l\u00e4htien. Yrityksess\u00e4 on kymmenen ty\u00f6ntekij\u00e4\u00e4 ja kuusi ajoneuvoa, joilla tehd\u00e4\u00e4n kuljetuksia paikallisesti K\u00f6\u00f6penhaminassa. Lis\u00e4ksi yritys tarjoaa paikallisia palveluita.<\/p>\n\n\n\n<p>FreeTrade k\u00e4ynnisti vuonna 2022 digitalisointiprojektin parantaakseen toimintaansa ja lis\u00e4t\u00e4kseen skaalautuvuutta. Uudeksi ajosuunnitteluj\u00e4rjestelm\u00e4ksi valittiin Opter. Projektip\u00e4\u00e4llikk\u00f6 Mathias Clausenin mukaan ratkaisua ei ole tarvinnut katua.<\/p>\n\n\n\n<p>\u201dKun asiakkaat asioivat kanssamme, he tekev\u00e4t strategisen valinnan vahvistaa omaa toimitusketjuaan ja kilpailukyky\u00e4\u00e4n. Nyt kun FreeTraden toiminnan ytimess\u00e4 on Opter, olemme pystyneet parantamaan asiakkaille tarjoamiemme erilaisten palveluiden laatua.\u201d <\/p>\n\n\n\n<p>Opterin k\u00e4ytt\u00f6\u00f6notto on auttanut FreeTrade Logisticsia virtaviivaistamaan prosessejaan ja parantamaan palvelunsa laatua, mik\u00e4 on lis\u00e4nnyt asiakastyytyv\u00e4isyytt\u00e4 ja tuonut merkitt\u00e4vi\u00e4 s\u00e4\u00e4st\u00f6j\u00e4 hallinnossa. Opterin avulla yrityksess\u00e4 voidaan asettaa asiakkaat etusijalle ja etsi\u00e4 uusia tapoja s\u00e4\u00e4st\u00e4\u00e4 aikaa ja parantaa tehokkuutta.<\/p>\n\n\n\n<h3 class=\"wp-block-heading\">Varaa esittely!<\/h3>\n\n\n\n<p>Haluatko kuulla lis\u00e4\u00e4? Kerromme mielell\u00e4mme, miten Opter toimii ja kuinka helposti p\u00e4\u00e4set alkuun.<\/p>\n\n\n<div class=\"BookADemo\">\n    <a class=\"BookADemo-link\" href=\"\/fi\/ota-yhteytta\/\">\n      Varaa demo\n    <\/a>\n  <\/div>\n\n","protected":false},"excerpt":{"rendered":"<p>FreeTrade Logistics on tanskalainen yritys, joka on erikoistunut logistiikkaan&hellip;<\/p>\n","protected":false},"author":18,"featured_media":9554,"parent":0,"menu_order":0,"comment_status":"closed","ping_status":"closed","template":"","meta":{"_acf_changed":false,"footnotes":""},"class_list":["post-9653","page","type-page","status-publish","has-post-thumbnail","hentry"],"acf":[],"_links":{"self":[{"href":"https:\/\/opter.com\/fi\/wp-json\/wp\/v2\/pages\/9653","targetHints":{"allow":["GET"]}}],"collection":[{"href":"https:\/\/opter.com\/fi\/wp-json\/wp\/v2\/pages"}],"about":[{"href":"https:\/\/opter.com\/fi\/wp-json\/wp\/v2\/types\/page"}],"author":[{"embeddable":true,"href":"https:\/\/opter.com\/fi\/wp-json\/wp\/v2\/users\/18"}],"replies":[{"embeddable":true,"href":"https:\/\/opter.com\/fi\/wp-json\/wp\/v2\/comments?post=9653"}],"version-history":[{"count":2,"href":"https:\/\/opter.com\/fi\/wp-json\/wp\/v2\/pages\/9653\/revisions"}],"predecessor-version":[{"id":9687,"href":"https:\/\/opter.com\/fi\/wp-json\/wp\/v2\/pages\/9653\/revisions\/9687"}],"wp:featuredmedia":[{"embeddable":true,"href":"https:\/\/opter.com\/fi\/wp-json\/wp\/v2\/media\/9554"}],"wp:attachment":[{"href":"https:\/\/opter.com\/fi\/wp-json\/wp\/v2\/media?parent=9653"}],"curies":[{"name":"wp","href":"https:\/\/api.w.org\/{rel}","templated":true}]}}