{"id":10786,"date":"2024-02-29T15:40:19","date_gmt":"2024-02-29T14:40:19","guid":{"rendered":"https:\/\/opter.com\/?page_id=10786"},"modified":"2024-04-15T15:06:32","modified_gmt":"2024-04-15T13:06:32","slug":"intersped","status":"publish","type":"page","link":"https:\/\/opter.com\/no\/intersped\/","title":{"rendered":"Intersped ApS"},"content":{"rendered":"<div class=\"ImageHeadline\">\n      <div class=\"ImageHeadline-image\" style=\"background-image: url('https:\/\/opter.com\/wp-content\/uploads\/2024\/02\/intersped-1600x900-2-1024x576.png')\">\n      <img loading=\"lazy\" decoding=\"async\" width=\"1024\" height=\"576\" src=\"https:\/\/opter.com\/wp-content\/uploads\/2024\/02\/intersped-1600x900-2-1024x576.png\" class=\"ImageHeadline-img\" alt=\"\" srcset=\"https:\/\/opter.com\/wp-content\/uploads\/2024\/02\/intersped-1600x900-2-1024x576.png 1024w, https:\/\/opter.com\/wp-content\/uploads\/2024\/02\/intersped-1600x900-2-300x169.png 300w, https:\/\/opter.com\/wp-content\/uploads\/2024\/02\/intersped-1600x900-2-768x432.png 768w, https:\/\/opter.com\/wp-content\/uploads\/2024\/02\/intersped-1600x900-2-1536x864.png 1536w, https:\/\/opter.com\/wp-content\/uploads\/2024\/02\/intersped-1600x900-2-1440x810.png 1440w, https:\/\/opter.com\/wp-content\/uploads\/2024\/02\/intersped-1600x900-2.png 1600w\" sizes=\"auto, (max-width: 1024px) 100vw, 1024px\" \/>\n    <\/div>\n    <h2 class=\"ImageHeadline-headline\">\u00abN\u00e5 har vi bedre oversikt over oppdrag, kvalitet og \u00f8konomi.\u00bb<\/h2>\n<\/div>\n\n\n\n\n<p>Siden starten i 1990 har <a href=\"https:\/\/www.intersped.dk\/\" target=\"_blank\" rel=\"noreferrer noopener\">Intersped ApS<\/a> etablert seg som en p\u00e5litelig logistikkpartner som raskt og sikkert leverer alt fra sm\u00e5 reservedeler til store maskinkomponenter i hele Danmark og Europa. Bransjen er i stadig utvikling, og selskapets administrerende direkt\u00f8r, Andr\u00e9 Lund Kretschmann, forteller at de analyserte markedet n\u00f8ye da de lette etter en moderne og fremtidssikker programvarel\u00f8sning.<\/p>\n\n\n\n<p>\u00abMange av l\u00f8sningene som fantes, var enten for store og for dyre, eller ikke egnet for v\u00e5r type virksomhet. Opter var en l\u00f8sning som var en god match til en fornuftig pris og med en fleksibel ordning.\u00bb<\/p>\n\n\n\n<p>Til syvende og sist var det et bes\u00f8k hos en bransjekollega og Opter-bruker som utgjorde forskjellen. Siden implementeringen har Intersped kunnet erstatte flere tjenester med Opters omfattende plattform. De har bedre EDI-forbindelser til partnerne sine, og kundene har f\u00e5tt rask tilgang til sanntidsdata, rapportering, meldinger og dokumentasjon. Opter Link, som kobler sammen Opter-brukere, bidrar kontinuerlig til gjensidige synergier og bedre transportplanlegging.<\/p>\n\n\n\n<p>Andr\u00e9 Lund Kretschmann ser optimistisk p\u00e5 Interspeds fremtid, med fortsatt fokus p\u00e5 god service, teknologiske fremskritt og aktivt b\u00e6rekraftsarbeid som viktige deler av selskapets tilbud. Han er overbevist om at Opter vil fortsette \u00e5 bidra til \u00f8kt effektivitet i selskapet.<\/p>\n\n\n\n<p>\u00abJeg kan anbefale Opter p\u00e5 det sterkeste. B\u00e5de p\u00e5 grunn av selve programvarel\u00f8sningen og de \u00f8konomiske fordelene, men ogs\u00e5 \u2013 og fremfor alt \u2013 p\u00e5 grunn av den sv\u00e6rt serviceorienterte organisasjonen. Vi ser frem til et fortsatt godt samarbeid.\u00bb<\/p>\n\n\n\n<h3 class=\"wp-block-heading\">Bestill en demonstrasjon!<\/h3>\n\n\n\n<p>Vil du vite mer? Vi viser deg gjerne hvordan Opter kan effektivisere virksomheten din.<\/p>\n\n\n<div class=\"BookADemo\">\n    <a class=\"BookADemo-link\" href=\"\/no\/kontakt-oss\/bestill-demonstrasjon\/\">\n      Kontakt oss\n    <\/a>\n  <\/div>\n\n","protected":false},"excerpt":{"rendered":"<p>Siden starten i 1990 har Intersped ApS etablert seg&hellip;<\/p>\n","protected":false},"author":18,"featured_media":10673,"parent":0,"menu_order":0,"comment_status":"closed","ping_status":"closed","template":"","meta":{"_acf_changed":false,"footnotes":""},"class_list":["post-10786","page","type-page","status-publish","has-post-thumbnail","hentry"],"acf":[],"_links":{"self":[{"href":"https:\/\/opter.com\/no\/wp-json\/wp\/v2\/pages\/10786","targetHints":{"allow":["GET"]}}],"collection":[{"href":"https:\/\/opter.com\/no\/wp-json\/wp\/v2\/pages"}],"about":[{"href":"https:\/\/opter.com\/no\/wp-json\/wp\/v2\/types\/page"}],"author":[{"embeddable":true,"href":"https:\/\/opter.com\/no\/wp-json\/wp\/v2\/users\/18"}],"replies":[{"embeddable":true,"href":"https:\/\/opter.com\/no\/wp-json\/wp\/v2\/comments?post=10786"}],"version-history":[{"count":6,"href":"https:\/\/opter.com\/no\/wp-json\/wp\/v2\/pages\/10786\/revisions"}],"predecessor-version":[{"id":11051,"href":"https:\/\/opter.com\/no\/wp-json\/wp\/v2\/pages\/10786\/revisions\/11051"}],"wp:featuredmedia":[{"embeddable":true,"href":"https:\/\/opter.com\/no\/wp-json\/wp\/v2\/media\/10673"}],"wp:attachment":[{"href":"https:\/\/opter.com\/no\/wp-json\/wp\/v2\/media?parent=10786"}],"curies":[{"name":"wp","href":"https:\/\/api.w.org\/{rel}","templated":true}]}}