{"id":11044,"date":"2024-04-11T14:25:57","date_gmt":"2024-04-11T12:25:57","guid":{"rendered":"https:\/\/opter.com\/alihankkija-oy\/"},"modified":"2025-10-28T14:50:09","modified_gmt":"2025-10-28T13:50:09","slug":"alihankkija","status":"publish","type":"page","link":"https:\/\/opter.com\/no\/alihankkija\/","title":{"rendered":"Alihankkija Oy"},"content":{"rendered":"<div class=\"ImageHeadline\">\n      <div class=\"ImageHeadline-image\" style=\"background-image: url('https:\/\/opter.com\/wp-content\/uploads\/2024\/03\/alihankkija-1600x900-1-1024x576.png')\">\n      <img loading=\"lazy\" decoding=\"async\" width=\"1024\" height=\"576\" src=\"https:\/\/opter.com\/wp-content\/uploads\/2024\/03\/alihankkija-1600x900-1-1024x576.png\" class=\"ImageHeadline-img\" alt=\"\" srcset=\"https:\/\/opter.com\/wp-content\/uploads\/2024\/03\/alihankkija-1600x900-1-1024x576.png 1024w, https:\/\/opter.com\/wp-content\/uploads\/2024\/03\/alihankkija-1600x900-1-300x169.png 300w, https:\/\/opter.com\/wp-content\/uploads\/2024\/03\/alihankkija-1600x900-1-768x432.png 768w, https:\/\/opter.com\/wp-content\/uploads\/2024\/03\/alihankkija-1600x900-1-1536x864.png 1536w, https:\/\/opter.com\/wp-content\/uploads\/2024\/03\/alihankkija-1600x900-1-1440x810.png 1440w, https:\/\/opter.com\/wp-content\/uploads\/2024\/03\/alihankkija-1600x900-1.png 1600w\" sizes=\"auto, (max-width: 1024px) 100vw, 1024px\" \/>\n    <\/div>\n    <h2 class=\"ImageHeadline-headline\"> \u00abOpter er grunnlaget for v\u00e5r transportvirksomhet.\u00bb<\/h2>\n<\/div>\n\n\n\n\n<p><a rel=\"noreferrer noopener\" href=\"https:\/\/alihankkija.fi\" target=\"_blank\">Alihankkija<\/a> ble grunnlagt i 1969 og er en helhetlig logistikkbedrift med mer enn 150 ansatte. Transportvirksomheten er hovedsakelig fokusert p\u00e5 stykkgodsdistribusjon i S\u00f8r-Finland, og fl\u00e5ten best\u00e5r av rundt 60 kj\u00f8ret\u00f8y, fra varebiler til semitrailere. I tillegg til transport tilbyr Alihankkija lagertjenester og tredjeparts logistikkl\u00f8sninger for bedrifter og nettbutikker.<\/p>\n\n\n\n<p> \u00abVi var p\u00e5 utkikk etter et omfattende system som ville gj\u00f8re det mulig for oss \u00e5 administrere v\u00e5re transportoppdrag fra kundeordrer til fakturering, samt \u00e5 minimere manuelle trinn og papirarbeid\u00bb, sier Maria Barck, administrativ leder hos Alihankkija. \u00abVi valgte Opter p\u00e5 grunn av allsidigheten og funksjonaliteten. Systemet kunne tilpasses fullstendig til v\u00e5re behov og er skalerbart etter hvert som virksomheten endres og vokser.\u00bb<\/p>\n\n\n\n<p>Fordelene med Opter inkluderer ogs\u00e5 betydelige tidsbesparelser for Alihankkija, siden arbeidsoppgaver og informasjon samles i ett system. Det eliminerer behovet for \u00e5 s\u00f8ke gjennom l\u00f8se papirer og spredte filer. Sporingsinformasjon i sanntid bidrar ogs\u00e5 til \u00e5 effektivisere og automatisere bedriftens planlegging og fakturering.<\/p>\n\n\n\n<p>\u00abMed Opter har vi forutsetninger for \u00e5 forme og utvikle v\u00e5r virksomhet ogs\u00e5 i fremtiden. Implementeringen har \u00e5pnet for ny virksomhet, samtidig som vi kan h\u00e5ndtere st\u00f8rre ordrevolumer mer effektivt\u00bb, avslutter Maria Barck.<\/p>\n\n\n\n<h3 class=\"wp-block-heading\" id=\"block-720e0d76-aa94-4182-bff7-d127c7a2bc4a\">Bestill en demonstrasjon!<\/h3>\n\n\n\n<p id=\"block-67e5485d-1fb8-4396-9c03-186489bbc6e9\">Vil du vite mer? Vi viser deg gjerne hvordan Opter kan effektivisere virksomheten din.<\/p>\n\n\n<div class=\"BookADemo\">\n    <a class=\"BookADemo-link\" href=\"\/no\/kontakt-oss\/bestill-demonstrasjon\/\">\n      Bestill demonstrasjon\n    <\/a>\n  <\/div>\n\n","protected":false},"excerpt":{"rendered":"<p>Alihankkija ble grunnlagt i 1969 og er en helhetlig&hellip;<\/p>\n","protected":false},"author":18,"featured_media":11013,"parent":0,"menu_order":0,"comment_status":"closed","ping_status":"closed","template":"","meta":{"_acf_changed":false,"footnotes":""},"class_list":["post-11044","page","type-page","status-publish","has-post-thumbnail","hentry"],"acf":[],"_links":{"self":[{"href":"https:\/\/opter.com\/no\/wp-json\/wp\/v2\/pages\/11044","targetHints":{"allow":["GET"]}}],"collection":[{"href":"https:\/\/opter.com\/no\/wp-json\/wp\/v2\/pages"}],"about":[{"href":"https:\/\/opter.com\/no\/wp-json\/wp\/v2\/types\/page"}],"author":[{"embeddable":true,"href":"https:\/\/opter.com\/no\/wp-json\/wp\/v2\/users\/18"}],"replies":[{"embeddable":true,"href":"https:\/\/opter.com\/no\/wp-json\/wp\/v2\/comments?post=11044"}],"version-history":[{"count":7,"href":"https:\/\/opter.com\/no\/wp-json\/wp\/v2\/pages\/11044\/revisions"}],"predecessor-version":[{"id":11055,"href":"https:\/\/opter.com\/no\/wp-json\/wp\/v2\/pages\/11044\/revisions\/11055"}],"wp:featuredmedia":[{"embeddable":true,"href":"https:\/\/opter.com\/no\/wp-json\/wp\/v2\/media\/11013"}],"wp:attachment":[{"href":"https:\/\/opter.com\/no\/wp-json\/wp\/v2\/media?parent=11044"}],"curies":[{"name":"wp","href":"https:\/\/api.w.org\/{rel}","templated":true}]}}