{"id":12022,"date":"2024-10-23T16:40:42","date_gmt":"2024-10-23T14:40:42","guid":{"rendered":"https:\/\/opter.com\/falkopings-kyltransporter-ab\/"},"modified":"2024-10-25T11:27:45","modified_gmt":"2024-10-25T09:27:45","slug":"falkopings-kyltransporter","status":"publish","type":"page","link":"https:\/\/opter.com\/no\/falkopings-kyltransporter\/","title":{"rendered":"Falk\u00f6pings Kyltransporter AB"},"content":{"rendered":"<div class=\"ImageHeadline\">\n      <div class=\"ImageHeadline-image\" style=\"background-image: url('https:\/\/opter.com\/wp-content\/uploads\/2024\/10\/falkopings-kyltransporter-1600x900-1-1024x576.png')\">\n      <img loading=\"lazy\" decoding=\"async\" width=\"1024\" height=\"576\" src=\"https:\/\/opter.com\/wp-content\/uploads\/2024\/10\/falkopings-kyltransporter-1600x900-1-1024x576.png\" class=\"ImageHeadline-img\" alt=\"\" srcset=\"https:\/\/opter.com\/wp-content\/uploads\/2024\/10\/falkopings-kyltransporter-1600x900-1-1024x576.png 1024w, https:\/\/opter.com\/wp-content\/uploads\/2024\/10\/falkopings-kyltransporter-1600x900-1-300x169.png 300w, https:\/\/opter.com\/wp-content\/uploads\/2024\/10\/falkopings-kyltransporter-1600x900-1-768x432.png 768w, https:\/\/opter.com\/wp-content\/uploads\/2024\/10\/falkopings-kyltransporter-1600x900-1-1536x864.png 1536w, https:\/\/opter.com\/wp-content\/uploads\/2024\/10\/falkopings-kyltransporter-1600x900-1-1440x810.png 1440w, https:\/\/opter.com\/wp-content\/uploads\/2024\/10\/falkopings-kyltransporter-1600x900-1.png 1600w\" sizes=\"auto, (max-width: 1024px) 100vw, 1024px\" \/>\n    <\/div>\n    <h2 class=\"ImageHeadline-headline\">\u00abMed Opter som sikkerhet vinner vi st\u00f8rre avtaler.\u00bb<\/h2>\n<\/div>\n\n\n\n\n<p>Siden 2007 har <a rel=\"noreferrer noopener\" href=\"https:\/\/kyltransport.eu\/\" target=\"_blank\">Falk\u00f6pings Kyltransporter<\/a> daglig levert temperaturf\u00f8lsomme matvarer til produsenter, butikker og lagre i hele Vest-Sverige. Med en virksomhet i vekst var valget av transportplanleggingssystem (TMS) avgj\u00f8rende for selskapets utvikling. <\/p>\n\n\n\n<p>Claes Claesson, grunnlegger og administrerende direkt\u00f8r, forteller at da de var p\u00e5 utkikk etter et nytt TMS i 2022, pekte Opter seg ut som det beste alternativet. I tillegg til at systemet hadde alle de n\u00f8dvendige funksjonene, spilte Opters support, som var sterkt anbefalt av kolleger i bransjen, en avgj\u00f8rende rolle i beslutningen.  <\/p>\n\n\n\n<p>\u00abFor oss som mattransport\u00f8r er det utrolig viktig med raske og kunnskapsrike tilbakemeldinger. Det fungerer ikke \u00e5 la en kunde vente p\u00e5 varene sine til neste dag, og ofte m\u00e5 man overholde n\u00f8yaktige tider for lasting og lossing.\u00bb <\/p>\n\n\n\n<p>Opter gir dem god oversikt og gj\u00f8r det enkelt \u00e5 planlegge transporten for selskapets 27 kj\u00f8ret\u00f8yer. Systemet kan skreddersys etter kundenes spesifikke behov, og det har ogs\u00e5 gitt effektivitetsgevinster ved at antallet transportplanleggere er redusert fra tre til to stillinger. Samtidig har virksomheten fortsatt \u00e5 vokse.  <\/p>\n\n\n\n<p>\u00abOpter har v\u00e6rt uvurderlig for oss. Det har gitt oss selvtillit i arbeidet v\u00e5rt og hjulpet oss med \u00e5 vinne st\u00f8rre avtaler som vi ellers kanskje ikke ville ha klart \u00e5 h\u00e5ndtere. Vi er veldig forn\u00f8yde og ser frem til et fortsatt samarbeid\u00bb, avslutter Claes, som er optimistisk med tanke p\u00e5 fremtiden og Falk\u00f6pings Kyltransporters muligheter til \u00e5 vokse videre med Opter.  <\/p>\n\n\n\n<h3 class=\"wp-block-heading\">Bestill en demonstrasjon!<\/h3>\n\n\n\n<p>Vil du vite mer? Vi viser deg gjerne hvordan Opter kan effektivisere virksomheten din.<\/p>\n\n\n<div class=\"BookADemo\">\n    <a class=\"BookADemo-link\" href=\"\/no\/kontakt-oss\/bestill-demonstrasjon\/\">\n      Bestill demonstrasjon\n    <\/a>\n  <\/div>\n\n","protected":false},"excerpt":{"rendered":"<p>Siden 2007 har Falk\u00f6pings Kyltransporter daglig levert temperaturf\u00f8lsomme matvarer&hellip;<\/p>\n","protected":false},"author":18,"featured_media":12009,"parent":0,"menu_order":0,"comment_status":"closed","ping_status":"closed","template":"","meta":{"_acf_changed":false,"footnotes":""},"class_list":["post-12022","page","type-page","status-publish","has-post-thumbnail","hentry"],"acf":[],"_links":{"self":[{"href":"https:\/\/opter.com\/no\/wp-json\/wp\/v2\/pages\/12022","targetHints":{"allow":["GET"]}}],"collection":[{"href":"https:\/\/opter.com\/no\/wp-json\/wp\/v2\/pages"}],"about":[{"href":"https:\/\/opter.com\/no\/wp-json\/wp\/v2\/types\/page"}],"author":[{"embeddable":true,"href":"https:\/\/opter.com\/no\/wp-json\/wp\/v2\/users\/18"}],"replies":[{"embeddable":true,"href":"https:\/\/opter.com\/no\/wp-json\/wp\/v2\/comments?post=12022"}],"version-history":[{"count":11,"href":"https:\/\/opter.com\/no\/wp-json\/wp\/v2\/pages\/12022\/revisions"}],"predecessor-version":[{"id":12132,"href":"https:\/\/opter.com\/no\/wp-json\/wp\/v2\/pages\/12022\/revisions\/12132"}],"wp:featuredmedia":[{"embeddable":true,"href":"https:\/\/opter.com\/no\/wp-json\/wp\/v2\/media\/12009"}],"wp:attachment":[{"href":"https:\/\/opter.com\/no\/wp-json\/wp\/v2\/media?parent=12022"}],"curies":[{"name":"wp","href":"https:\/\/api.w.org\/{rel}","templated":true}]}}