{"id":12598,"date":"2025-01-17T16:40:45","date_gmt":"2025-01-17T15:40:45","guid":{"rendered":"https:\/\/opter.com\/orebro-flyttningsbyra-ab\/"},"modified":"2025-12-01T15:47:53","modified_gmt":"2025-12-01T14:47:53","slug":"orebro-flyttningsbyra-case","status":"publish","type":"page","link":"https:\/\/opter.com\/no\/orebro-flyttningsbyra-case\/","title":{"rendered":"\u00d6rebro Flyttningsbyr\u00e5 AB"},"content":{"rendered":"<div class=\"ImageHeadline\">\n      <div class=\"ImageHeadline-image\" style=\"background-image: url('https:\/\/opter.com\/wp-content\/uploads\/2025\/06\/orebro-flyttningsbyra-1600x900-2-1024x576.png')\">\n      <img loading=\"lazy\" decoding=\"async\" width=\"1024\" height=\"576\" src=\"https:\/\/opter.com\/wp-content\/uploads\/2025\/06\/orebro-flyttningsbyra-1600x900-2-1024x576.png\" class=\"ImageHeadline-img\" alt=\"\u00d6rebro Flyttningsbyr\u00e5 AB\" srcset=\"https:\/\/opter.com\/wp-content\/uploads\/2025\/06\/orebro-flyttningsbyra-1600x900-2-1024x576.png 1024w, https:\/\/opter.com\/wp-content\/uploads\/2025\/06\/orebro-flyttningsbyra-1600x900-2-300x169.png 300w, https:\/\/opter.com\/wp-content\/uploads\/2025\/06\/orebro-flyttningsbyra-1600x900-2-768x432.png 768w, https:\/\/opter.com\/wp-content\/uploads\/2025\/06\/orebro-flyttningsbyra-1600x900-2-1536x864.png 1536w, https:\/\/opter.com\/wp-content\/uploads\/2025\/06\/orebro-flyttningsbyra-1600x900-2-1440x810.png 1440w, https:\/\/opter.com\/wp-content\/uploads\/2025\/06\/orebro-flyttningsbyra-1600x900-2.png 1600w\" sizes=\"auto, (max-width: 1024px) 100vw, 1024px\" \/>\n    <\/div>\n    <h2 class=\"ImageHeadline-headline\">\u00abOpter tenker fremover og lytter til oss brukere.\u00bb<\/h2>\n<\/div>\n\n\n\n\n<p><a rel=\"noreferrer noopener\" href=\"https:\/\/orebroflyttningsbyra.se\/\" target=\"_blank\">\u00d6rebro Flyttningsbyr\u00e5<\/a> har lenge v\u00e6rt en p\u00e5litelig samarbeidspartner n\u00e5r det gjelder flytting av hus og kontor. Virksomheten ble grunnlagt i 1980, og har vokst og tilpasset seg markedets behov over tid. For mer enn ti \u00e5r siden utvidet selskapet virksomheten til \u00e5 omfatte transport i grossistleddet, som n\u00e5 er et av de viktigste forretningsomr\u00e5dene.  <\/p>\n\n\n\n<p>Selskapets transportsjef Robin Classon har v\u00e6rt med p\u00e5 utviklingsreisen. Han begynte som flyttearbeider i 2010, og etter noen avstikkere er han tilbake for \u00e5 lede b\u00e5de trafikkstyring og salg. Med en moderne, milj\u00f8sertifisert fl\u00e5te p\u00e5 n\u00e6rmere 50 kj\u00f8ret\u00f8y og rundt seksti ansatte er Flyttbyr\u00e5n godt rustet til \u00e5 h\u00e5ndtere alle typer transport.  <\/p>\n\n\n\n<p>&laquo;Kundenes krav \u00f8ker for hvert \u00e5r, og Opter hjelper oss med \u00e5 ligge i forkant. Det er uvurderlig \u00e5 kunne vise milj\u00f8p\u00e5virkningen v\u00e5r og samtidig levere sporbarhet i sanntid&raquo;, sier Robin Classon. <\/p>\n\n\n\n<p>For Robin og kollegene hans har Opter raskt blitt en viktig partner i hverdagen. Systemet har ikke bare forenklet den interne administrasjonen med fakturering og kvitteringer, men blir ogs\u00e5 satt pris p\u00e5 av kundene som enkelt kan f\u00f8lge bestillingen sin \u2013 fra start til slutt. Funksjoner som Track &amp; Trace og kundeportal gir b\u00e5de \u00e5penhet og effektivitet.  <\/p>\n\n\n\n<p>&laquo;Hvis du vil ha et fleksibelt system som ikke er firkantet, er Opter veien \u00e5 g\u00e5. Det fremst\u00e5r som b\u00e5de enkelt og holdbart. Jeg har jobbet i forskjellige TMS-systemer f\u00f8r, og uansett hvilket system du har, er overgangen til Opter b\u00e5de smidig og enkel, avslutter Robin.  <\/p>\n\n\n\n<h3 class=\"wp-block-heading\">Bestill en demonstrasjon!<\/h3>\n\n\n\n<p>Vil du vite mer? Vi viser deg gjerne hvordan Opter kan effektivisere virksomheten din.<\/p>\n\n\n<div class=\"BookADemo\">\n    <a class=\"BookADemo-link\" href=\"\/no\/kontakt-oss\/bestill-demonstrasjon\/\">\n      Bestill demonstrasjon\n    <\/a>\n  <\/div>\n\n","protected":false},"excerpt":{"rendered":"<p>\u00d6rebro Flyttningsbyr\u00e5 har lenge v\u00e6rt en p\u00e5litelig samarbeidspartner n\u00e5r&hellip;<\/p>\n","protected":false},"author":18,"featured_media":13549,"parent":0,"menu_order":0,"comment_status":"closed","ping_status":"closed","template":"","meta":{"_acf_changed":false,"footnotes":""},"class_list":["post-12598","page","type-page","status-publish","has-post-thumbnail","hentry"],"acf":[],"_links":{"self":[{"href":"https:\/\/opter.com\/no\/wp-json\/wp\/v2\/pages\/12598","targetHints":{"allow":["GET"]}}],"collection":[{"href":"https:\/\/opter.com\/no\/wp-json\/wp\/v2\/pages"}],"about":[{"href":"https:\/\/opter.com\/no\/wp-json\/wp\/v2\/types\/page"}],"author":[{"embeddable":true,"href":"https:\/\/opter.com\/no\/wp-json\/wp\/v2\/users\/18"}],"replies":[{"embeddable":true,"href":"https:\/\/opter.com\/no\/wp-json\/wp\/v2\/comments?post=12598"}],"version-history":[{"count":11,"href":"https:\/\/opter.com\/no\/wp-json\/wp\/v2\/pages\/12598\/revisions"}],"predecessor-version":[{"id":13634,"href":"https:\/\/opter.com\/no\/wp-json\/wp\/v2\/pages\/12598\/revisions\/13634"}],"wp:featuredmedia":[{"embeddable":true,"href":"https:\/\/opter.com\/no\/wp-json\/wp\/v2\/media\/13549"}],"wp:attachment":[{"href":"https:\/\/opter.com\/no\/wp-json\/wp\/v2\/media?parent=12598"}],"curies":[{"name":"wp","href":"https:\/\/api.w.org\/{rel}","templated":true}]}}