{"id":12846,"date":"2025-04-02T16:34:03","date_gmt":"2025-04-02T14:34:03","guid":{"rendered":"https:\/\/opter.com\/?page_id=12846"},"modified":"2025-04-04T16:08:13","modified_gmt":"2025-04-04T14:08:13","slug":"rst-logistics","status":"publish","type":"page","link":"https:\/\/opter.com\/no\/rst-logistics\/","title":{"rendered":"RST Logistics AS"},"content":{"rendered":"<div class=\"ImageHeadline\">\n      <div class=\"ImageHeadline-image\" style=\"background-image: url('https:\/\/opter.com\/wp-content\/uploads\/2025\/04\/rst-logistics-1600x900-2-1024x576.png')\">\n      <img loading=\"lazy\" decoding=\"async\" width=\"1024\" height=\"576\" src=\"https:\/\/opter.com\/wp-content\/uploads\/2025\/04\/rst-logistics-1600x900-2-1024x576.png\" class=\"ImageHeadline-img\" alt=\"RST Logistics\" srcset=\"https:\/\/opter.com\/wp-content\/uploads\/2025\/04\/rst-logistics-1600x900-2-1024x576.png 1024w, https:\/\/opter.com\/wp-content\/uploads\/2025\/04\/rst-logistics-1600x900-2-300x169.png 300w, https:\/\/opter.com\/wp-content\/uploads\/2025\/04\/rst-logistics-1600x900-2-768x432.png 768w, https:\/\/opter.com\/wp-content\/uploads\/2025\/04\/rst-logistics-1600x900-2-1536x864.png 1536w, https:\/\/opter.com\/wp-content\/uploads\/2025\/04\/rst-logistics-1600x900-2-1440x810.png 1440w, https:\/\/opter.com\/wp-content\/uploads\/2025\/04\/rst-logistics-1600x900-2.png 1600w\" sizes=\"auto, (max-width: 1024px) 100vw, 1024px\" \/>\n    <\/div>\n    <h2 class=\"ImageHeadline-headline\">\u00abOpter kan tilpasses enhver transportbedrift.\u00bb<\/h2>\n<\/div>\n\n\n\n\n<p>Da <a rel=\"noreferrer noopener\" href=\"https:\/\/rst.no\/\" target=\"_blank\">RST Logistics AS<\/a> var p\u00e5 utkikk etter et transportstyringssystem, var kravene klare: full kontroll p\u00e5 bilene, s\u00f8ml\u00f8s kommunikasjon, avanserte prismatriser og en effektiv faktureringsl\u00f8sning. Valget falt p\u00e5 Opter, og \u00e5tte \u00e5r senere har selskapet doblet omsetningen og tredoblet antall oppdrag \u2013 uten \u00e5 \u00f8ke administrasjonen.<br><br>\u00abI denne bransjen er marginene sm\u00e5, og kostnadskontroll avgj\u00f8rende. Med Opter som TMS har vi full oversikt over kostnader og kan h\u00e5ndtere mange kunder og oppdrag med f\u00e5 ansatte,\u00bb sier Richard S\u00e6ther, CEO og eier. Han fremhever ogs\u00e5 prismatrisene som en stor konkurransefordel i anbudsprosesser. \u00abVi kan raskt beregne priser basert p\u00e5 sendingsstatistikk og anbudsgrunnlag og justere dem for \u00e5 lande den optimale prislisten.\u00bb<\/p>\n\n\n\n<p>RST Logistics har idag 30 ansatte og like mange kj\u00f8ret\u00f8y, hvorav 11 i egen eie. De driver distribusjon i Norge, partigods, stykkgods og ekspressleveranser. Med et 6000 m\u00b2 stort 3PL-lager og tilh\u00f8rende terminal har de en sterk posisjon, framfor alt innen \u00f8mfintlig gods og direkteleveringer.<\/p>\n\n\n\n<p>Opter har med tiden blitt en naturlig del av virksomheten og et solid grunnlag for videre utvikling. Richard S\u00e6ther ser systemets fleksibilitet og skalerbarhet som en stor fordel for fremtiden. \u00abOpter kan tilpasses enhver transportbedrift, men n\u00e5r man oppdager mulighetene for prising, kostnadskontroll og oversikt, blir det naturlig \u00e5 strukturere driften rundt det,\u00bb avslutter han.<\/p>\n\n\n\n<h3 class=\"wp-block-heading\">Bestill en demonstrasjon!<\/h3>\n\n\n\n<p>Vil du vite mer? Vi viser deg gjerne hvordan Opter kan effektivisere virksomheten din.<\/p>\n\n\n<div class=\"BookADemo\">\n    <a class=\"BookADemo-link\" href=\"\/no\/kontakt-oss\/bestill-demonstrasjon\/\">\n      Kontakt oss\n    <\/a>\n  <\/div>\n\n","protected":false},"excerpt":{"rendered":"<p>Da RST Logistics AS var p\u00e5 utkikk etter et&hellip;<\/p>\n","protected":false},"author":18,"featured_media":13230,"parent":0,"menu_order":0,"comment_status":"closed","ping_status":"closed","template":"","meta":{"_acf_changed":false,"footnotes":""},"class_list":["post-12846","page","type-page","status-publish","has-post-thumbnail","hentry"],"acf":[],"_links":{"self":[{"href":"https:\/\/opter.com\/no\/wp-json\/wp\/v2\/pages\/12846","targetHints":{"allow":["GET"]}}],"collection":[{"href":"https:\/\/opter.com\/no\/wp-json\/wp\/v2\/pages"}],"about":[{"href":"https:\/\/opter.com\/no\/wp-json\/wp\/v2\/types\/page"}],"author":[{"embeddable":true,"href":"https:\/\/opter.com\/no\/wp-json\/wp\/v2\/users\/18"}],"replies":[{"embeddable":true,"href":"https:\/\/opter.com\/no\/wp-json\/wp\/v2\/comments?post=12846"}],"version-history":[{"count":15,"href":"https:\/\/opter.com\/no\/wp-json\/wp\/v2\/pages\/12846\/revisions"}],"predecessor-version":[{"id":13290,"href":"https:\/\/opter.com\/no\/wp-json\/wp\/v2\/pages\/12846\/revisions\/13290"}],"wp:featuredmedia":[{"embeddable":true,"href":"https:\/\/opter.com\/no\/wp-json\/wp\/v2\/media\/13230"}],"wp:attachment":[{"href":"https:\/\/opter.com\/no\/wp-json\/wp\/v2\/media?parent=12846"}],"curies":[{"name":"wp","href":"https:\/\/api.w.org\/{rel}","templated":true}]}}