{"id":13436,"date":"2025-05-12T11:25:54","date_gmt":"2025-05-12T09:25:54","guid":{"rendered":"https:\/\/opter.com\/kaubaekspress-ou\/"},"modified":"2025-05-12T11:55:08","modified_gmt":"2025-05-12T09:55:08","slug":"kaubaekspress","status":"publish","type":"page","link":"https:\/\/opter.com\/no\/kaubaekspress\/","title":{"rendered":"Kaubaekspress O\u00dc"},"content":{"rendered":"<div class=\"ImageHeadline\">\n      <div class=\"ImageHeadline-image\" style=\"background-image: url('https:\/\/opter.com\/wp-content\/uploads\/2025\/04\/kaubaekspress-1600x900-1-1024x576.png')\">\n      <img loading=\"lazy\" decoding=\"async\" width=\"1024\" height=\"576\" src=\"https:\/\/opter.com\/wp-content\/uploads\/2025\/04\/kaubaekspress-1600x900-1-1024x576.png\" class=\"ImageHeadline-img\" alt=\"Kaubaexpress O\u00dc\" srcset=\"https:\/\/opter.com\/wp-content\/uploads\/2025\/04\/kaubaekspress-1600x900-1-1024x576.png 1024w, https:\/\/opter.com\/wp-content\/uploads\/2025\/04\/kaubaekspress-1600x900-1-300x169.png 300w, https:\/\/opter.com\/wp-content\/uploads\/2025\/04\/kaubaekspress-1600x900-1-768x432.png 768w, https:\/\/opter.com\/wp-content\/uploads\/2025\/04\/kaubaekspress-1600x900-1-1536x864.png 1536w, https:\/\/opter.com\/wp-content\/uploads\/2025\/04\/kaubaekspress-1600x900-1-1440x810.png 1440w, https:\/\/opter.com\/wp-content\/uploads\/2025\/04\/kaubaekspress-1600x900-1.png 1600w\" sizes=\"auto, (max-width: 1024px) 100vw, 1024px\" \/>\n    <\/div>\n    <h2 class=\"ImageHeadline-headline\">\u00abOpter hjelper oss med \u00e5 ligge foran konkurrentene\u00bb<\/h2>\n<\/div>\n\n\n\n\n<p><a rel=\"noreferrer noopener\" href=\"https:\/\/kaubaekspress.ee\/en\/\" target=\"_blank\">Kaubaekspress O\u00dc<\/a> er en av Estlands eldste spedit\u00f8rer og har levert p\u00e5litelige logistikktjenester siden 1993. Med fire terminaler rundt om i landet, 37 ansatte og en fl\u00e5te p\u00e5 over 70 biler er selskapet en sentral akt\u00f8r innen innenlandstransport.<\/p>\n\n\n\n<p>\u00abFor \u00e5 m\u00f8te de varierte og stadig skiftende behovene til kundene v\u00e5re s\u00e5 vi lenge etter et TMS som kombinerte innovasjon, b\u00e6rekraft og fleksibilitet. Da vi fikk se Opter, visste vi med en gang at det var det rette valget\u00bb, forteller utviklingssjef Teele Saar.<\/p>\n\n\n\n<p>Hun beskriver hvordan Kaubaekspress har g\u00e5tt fra \u00e5 sjonglere med flere ulike systemer og Excel-ark til \u00e5 samle alt \u2013 fra kundedata og priser til bestillinger og fakturaer \u2013 i ett og samme system. Og fordi Opter er skybasert, har teamet full tilgang, uavhengig av hvor de befinner seg eller arbeidssituasjonen. <\/p>\n\n\n\n<p>\u00abOpter gir oss en klar oversikt over hele driften og hjelper oss med \u00e5 redusere arbeidskostnadene. Samtidig setter kundene v\u00e5re pris p\u00e5 at de raskt og enkelt kan spore og administrere leveransene sine i kundeportalen.\u00bb<\/p>\n\n\n\n<p>Fremover vil Kaubaekspress fokusere p\u00e5 ytterligere digitalisering for \u00e5 effektivisere driften og tjenestetilbudet.<\/p>\n\n\n\n<p>Integrasjoner med kunder, partnere, WMS- og regnskapssystemer er allerede p\u00e5 plass. Neste skritt er \u00e5 koble seg til eFTI-plattformen for \u00e5 muliggj\u00f8re eCMR-l\u00f8sninger. \u00abInnovasjon er veien fremover, og vi er sikre p\u00e5 at Opter vil fortsette \u00e5 st\u00f8tte oss p\u00e5 denne reisen\u00bb, sier Teele Saar om veien videre.  <\/p>\n\n\n\n<h3 class=\"wp-block-heading\">Bestill en demonstrasjon!<\/h3>\n\n\n\n<p>Vil du vite mer? Vi viser deg gjerne hvordan Opter kan effektivisere virksomheten din.<\/p>\n\n\n<div class=\"BookADemo\">\n    <a class=\"BookADemo-link\" href=\"\/no\/kontakt-oss\/bestill-demonstrasjon\/\">\n      Kontakt oss\n    <\/a>\n  <\/div>\n\n","protected":false},"excerpt":{"rendered":"<p>Kaubaekspress O\u00dc er en av Estlands eldste spedit\u00f8rer og&hellip;<\/p>\n","protected":false},"author":18,"featured_media":13269,"parent":0,"menu_order":0,"comment_status":"closed","ping_status":"closed","template":"","meta":{"_acf_changed":false,"footnotes":""},"class_list":["post-13436","page","type-page","status-publish","has-post-thumbnail","hentry"],"acf":[],"_links":{"self":[{"href":"https:\/\/opter.com\/no\/wp-json\/wp\/v2\/pages\/13436","targetHints":{"allow":["GET"]}}],"collection":[{"href":"https:\/\/opter.com\/no\/wp-json\/wp\/v2\/pages"}],"about":[{"href":"https:\/\/opter.com\/no\/wp-json\/wp\/v2\/types\/page"}],"author":[{"embeddable":true,"href":"https:\/\/opter.com\/no\/wp-json\/wp\/v2\/users\/18"}],"replies":[{"embeddable":true,"href":"https:\/\/opter.com\/no\/wp-json\/wp\/v2\/comments?post=13436"}],"version-history":[{"count":4,"href":"https:\/\/opter.com\/no\/wp-json\/wp\/v2\/pages\/13436\/revisions"}],"predecessor-version":[{"id":13454,"href":"https:\/\/opter.com\/no\/wp-json\/wp\/v2\/pages\/13436\/revisions\/13454"}],"wp:featuredmedia":[{"embeddable":true,"href":"https:\/\/opter.com\/no\/wp-json\/wp\/v2\/media\/13269"}],"wp:attachment":[{"href":"https:\/\/opter.com\/no\/wp-json\/wp\/v2\/media?parent=13436"}],"curies":[{"name":"wp","href":"https:\/\/api.w.org\/{rel}","templated":true}]}}