{"id":14349,"date":"2025-09-09T14:40:09","date_gmt":"2025-09-09T12:40:09","guid":{"rendered":"https:\/\/opter.com\/?page_id=14349"},"modified":"2025-10-28T15:24:58","modified_gmt":"2025-10-28T14:24:58","slug":"kuljetuspalvelu-fagel-oy","status":"publish","type":"page","link":"https:\/\/opter.com\/no\/kuljetuspalvelu-fagel-oy\/","title":{"rendered":"Kuljetuspalvelu F\u00e5gel Oy"},"content":{"rendered":"<div class=\"ImageHeadline\">\n      <div class=\"ImageHeadline-image\" style=\"background-image: url('https:\/\/opter.com\/wp-content\/uploads\/2025\/09\/fagel-1600x900-1-1024x576.png')\">\n      <img loading=\"lazy\" decoding=\"async\" width=\"1024\" height=\"576\" src=\"https:\/\/opter.com\/wp-content\/uploads\/2025\/09\/fagel-1600x900-1-1024x576.png\" class=\"ImageHeadline-img\" alt=\"Kuljetuspalvelu F\u00e5gel Oy\" srcset=\"https:\/\/opter.com\/wp-content\/uploads\/2025\/09\/fagel-1600x900-1-1024x576.png 1024w, https:\/\/opter.com\/wp-content\/uploads\/2025\/09\/fagel-1600x900-1-300x169.png 300w, https:\/\/opter.com\/wp-content\/uploads\/2025\/09\/fagel-1600x900-1-768x432.png 768w, https:\/\/opter.com\/wp-content\/uploads\/2025\/09\/fagel-1600x900-1-1536x864.png 1536w, https:\/\/opter.com\/wp-content\/uploads\/2025\/09\/fagel-1600x900-1-1440x810.png 1440w, https:\/\/opter.com\/wp-content\/uploads\/2025\/09\/fagel-1600x900-1.png 1600w\" sizes=\"auto, (max-width: 1024px) 100vw, 1024px\" \/>\n    <\/div>\n    <h2 class=\"ImageHeadline-headline\">\u00abOpter forenkler og muliggj\u00f8r.\u00bb<\/h2>\n<\/div>\n\n\n\n\n<p>Gr\u00fcnderen Timo F\u00e5gel har ledet <a rel=\"noreferrer noopener\" href=\"https:\/\/kuljetuspalvelufagel.fi\/\" target=\"_blank\">Kuljetuspalvelu F\u00e5gel<\/a> i 20 \u00e5r. Han har styrt det familieeide selskapet, som ble grunnlagt i 1966, med et langsiktig fokus p\u00e5 stabile og velfungerende transporttjenester. <\/p>\n\n\n\n<p>Selskapet har hovedkontor i P\u00e4ij\u00e4nne-Tavastland og tilbyr transporttjenester i hele S\u00f8r-Finland. Virksomheten har i dag 95 ansatte og dekker nesten 60 kj\u00f8ret\u00f8y, fra varebiler til tilhengere og lastebiler. <\/p>\n\n\n\n<p>\u00abVi valgte Opter fordi det var kostnadseffektivt og enkelt \u00e5 komme i gang med. I tillegg visste vi at flere av partnerne v\u00e5re allerede brukte det, og vi hadde h\u00f8rt om de positive erfaringene de hadde gjort seg.\u00bb<\/p>\n\n\n\n<p>Timo F\u00e5gel forteller at TMS-systemet har bidratt til \u00e5 effektivisere faktureringen, redusere det manuelle arbeidet og minimere behovet for fysiske fraktbrev. Oppdragene sendes direkte til sj\u00e5f\u00f8renes mobile enheter, og selskapet f\u00e5r bedre oversikt gjennom systemets rapporteringsfunksjoner. Samarbeidet med kunder og underleverand\u00f8rer forenkles ogs\u00e5 med funksjoner for kommunikasjon og automatisk prising.  <\/p>\n\n\n\n<p>\u00abMed Opter kan vi fortsette \u00e5 vokse uten \u00e5 m\u00e5tte \u00f8ke de interne ressursene v\u00e5re\u00bb, sier Timo F\u00e5gel, og legger til at systemet har blitt et konkret verkt\u00f8y, b\u00e5de i det daglige arbeidet og i selskapets langsiktige utvikling.<\/p>\n\n\n\n<h3 class=\"wp-block-heading\">Bestill en demonstrasjon!<\/h3>\n\n\n\n<p>Vil du vite mer? Vi viser deg gjerne hvordan Opter fungerer og hvor enkelt det er \u00e5 komme i gang.<\/p>\n\n\n<div class=\"BookADemo\">\n    <a class=\"BookADemo-link\" href=\"\/no\/kontakt-oss\/bestill-demonstrasjon\/\">\n      Bestill demonstrasjon\n    <\/a>\n  <\/div>\n\n","protected":false},"excerpt":{"rendered":"<p>Gr\u00fcnderen Timo F\u00e5gel har ledet Kuljetuspalvelu F\u00e5gel i 20&hellip;<\/p>\n","protected":false},"author":18,"featured_media":14434,"parent":0,"menu_order":0,"comment_status":"closed","ping_status":"closed","template":"","meta":{"_acf_changed":false,"footnotes":""},"class_list":["post-14349","page","type-page","status-publish","has-post-thumbnail","hentry"],"acf":[],"_links":{"self":[{"href":"https:\/\/opter.com\/no\/wp-json\/wp\/v2\/pages\/14349","targetHints":{"allow":["GET"]}}],"collection":[{"href":"https:\/\/opter.com\/no\/wp-json\/wp\/v2\/pages"}],"about":[{"href":"https:\/\/opter.com\/no\/wp-json\/wp\/v2\/types\/page"}],"author":[{"embeddable":true,"href":"https:\/\/opter.com\/no\/wp-json\/wp\/v2\/users\/18"}],"replies":[{"embeddable":true,"href":"https:\/\/opter.com\/no\/wp-json\/wp\/v2\/comments?post=14349"}],"version-history":[{"count":5,"href":"https:\/\/opter.com\/no\/wp-json\/wp\/v2\/pages\/14349\/revisions"}],"predecessor-version":[{"id":14438,"href":"https:\/\/opter.com\/no\/wp-json\/wp\/v2\/pages\/14349\/revisions\/14438"}],"wp:featuredmedia":[{"embeddable":true,"href":"https:\/\/opter.com\/no\/wp-json\/wp\/v2\/media\/14434"}],"wp:attachment":[{"href":"https:\/\/opter.com\/no\/wp-json\/wp\/v2\/media?parent=14349"}],"curies":[{"name":"wp","href":"https:\/\/api.w.org\/{rel}","templated":true}]}}