{"id":15020,"date":"2025-10-28T14:45:07","date_gmt":"2025-10-28T13:45:07","guid":{"rendered":"https:\/\/opter.com\/alfta-frakt\/"},"modified":"2025-10-28T15:25:02","modified_gmt":"2025-10-28T14:25:02","slug":"alfta-frakt","status":"publish","type":"page","link":"https:\/\/opter.com\/no\/alfta-frakt\/","title":{"rendered":"Alfta Frakt"},"content":{"rendered":"<div class=\"ImageHeadline\">\n      <div class=\"ImageHeadline-image\" style=\"background-image: url('https:\/\/opter.com\/wp-content\/uploads\/2025\/09\/alfta-frakt-hero-960.webp')\">\n      <img loading=\"lazy\" decoding=\"async\" width=\"960\" height=\"540\" src=\"https:\/\/opter.com\/wp-content\/uploads\/2025\/09\/alfta-frakt-hero-960.webp\" class=\"ImageHeadline-img\" alt=\"Alfta Frakt\" srcset=\"https:\/\/opter.com\/wp-content\/uploads\/2025\/09\/alfta-frakt-hero-960.webp 960w, https:\/\/opter.com\/wp-content\/uploads\/2025\/09\/alfta-frakt-hero-960-300x169.webp 300w, https:\/\/opter.com\/wp-content\/uploads\/2025\/09\/alfta-frakt-hero-960-768x432.webp 768w\" sizes=\"auto, (max-width: 960px) 100vw, 960px\" \/>\n    <\/div>\n    <h2 class=\"ImageHeadline-headline\">\u00abSkaff dere Opter, s\u00e5 kan vi samarbeide smidigere!\u00bb<\/h2>\n<\/div>\n\n\n\n\n<p>Et tydelig milj\u00f8fokus, rundt 100 ansatte og 60 biler gj\u00f8r <a rel=\"noreferrer noopener\" href=\"https:\/\/www.alftafrakt.se\/\" target=\"_blank\">Alfta Frakt<\/a> til en ledende akt\u00f8r innen svensk transportlogistikk. Siden 2021 har selskapet brukt Opter i sin daglige drift. <\/p>\n\n\n\n<p>\u00abVi er transport\u00f8r for DHL, og Opter passet best for virksomheten v\u00e5r fordi den kunne h\u00e5ndtere b\u00e5de kj\u00f8ringene vi gj\u00f8r for DHL og v\u00e5re egne kunder\u00bb, sier Erik Persson, driftssjef.<\/p>\n\n\n\n<p>Selskapet transporterer varer over hele Sverige og har lagre i G\u00e4vle og Stockholm. Oppdragene spenner fra stykkgods til komplekse logistikkl\u00f8sninger. Med Opter kan alle parter f\u00f8lge transporten i sanntid, samtidig som administrasjonen reduseres og informasjonsflyten g\u00e5r raskere. Erik Persson peker for eksempel p\u00e5 at faktureringen n\u00e5 g\u00e5r minst dobbelt s\u00e5 raskt, ettersom alt h\u00e5ndteres digitalt i samme system.   <\/p>\n\n\n\n<p>Alfta Frakt bruker ogs\u00e5 OpterLink til \u00e5 dele oppdrag med andre transportselskaper. \u00abB\u00e5de for henting, levering og noen ganger komplette transportoppdrag. Fremfor alt setter vi pris p\u00e5 toveiskommunikasjonen, vi kan b\u00e5de motta og sende transportoppdrag. Det gj\u00f8r samarbeidet med andre akt\u00f8rer mye mer effektivt og fleksibelt\u00bb, sier Erik Persson.   <\/p>\n\n\n\n<p>Fremover ser Alfta Frakt potensial for mer samarbeid, ogs\u00e5 utenfor Sveriges grenser. Og hvis kolleger i bransjen sp\u00f8r om Opter, er svaret klart: \u00abDet er et system for alle aspekter av transport, fra ordremottak og gjennomf\u00f8ring til fakturering. Skaff dere Opter, dere ogs\u00e5, s\u00e5 f\u00e5r vi et smidigere samarbeid!\u00bb<\/p>\n\n\n\n<h3 class=\"wp-block-heading\">Bestill en demonstrasjon!<\/h3>\n\n\n\n<p>Vil du vite mer? Vi viser deg gjerne hvordan Opter kan effektivisere virksomheten din.<\/p>\n\n\n<div class=\"BookADemo\">\n    <a class=\"BookADemo-link\" href=\"\/no\/kontakt-oss\/bestill-demonstrasjon\/\">\n      Bestill demonstrasjon\n    <\/a>\n  <\/div>\n\n","protected":false},"excerpt":{"rendered":"<p>Et tydelig milj\u00f8fokus, rundt 100 ansatte og 60 biler&hellip;<\/p>\n","protected":false},"author":18,"featured_media":14577,"parent":0,"menu_order":0,"comment_status":"closed","ping_status":"closed","template":"","meta":{"_acf_changed":false,"footnotes":""},"class_list":["post-15020","page","type-page","status-publish","has-post-thumbnail","hentry"],"acf":[],"_links":{"self":[{"href":"https:\/\/opter.com\/no\/wp-json\/wp\/v2\/pages\/15020","targetHints":{"allow":["GET"]}}],"collection":[{"href":"https:\/\/opter.com\/no\/wp-json\/wp\/v2\/pages"}],"about":[{"href":"https:\/\/opter.com\/no\/wp-json\/wp\/v2\/types\/page"}],"author":[{"embeddable":true,"href":"https:\/\/opter.com\/no\/wp-json\/wp\/v2\/users\/18"}],"replies":[{"embeddable":true,"href":"https:\/\/opter.com\/no\/wp-json\/wp\/v2\/comments?post=15020"}],"version-history":[{"count":5,"href":"https:\/\/opter.com\/no\/wp-json\/wp\/v2\/pages\/15020\/revisions"}],"predecessor-version":[{"id":15028,"href":"https:\/\/opter.com\/no\/wp-json\/wp\/v2\/pages\/15020\/revisions\/15028"}],"wp:featuredmedia":[{"embeddable":true,"href":"https:\/\/opter.com\/no\/wp-json\/wp\/v2\/media\/14577"}],"wp:attachment":[{"href":"https:\/\/opter.com\/no\/wp-json\/wp\/v2\/media?parent=15020"}],"curies":[{"name":"wp","href":"https:\/\/api.w.org\/{rel}","templated":true}]}}