{"id":15226,"date":"2026-01-23T11:34:08","date_gmt":"2026-01-23T10:34:08","guid":{"rendered":"https:\/\/opter.com\/?page_id=15226"},"modified":"2026-01-23T11:40:11","modified_gmt":"2026-01-23T10:40:11","slug":"posti","status":"publish","type":"page","link":"https:\/\/opter.com\/no\/posti\/","title":{"rendered":"Posti"},"content":{"rendered":"<div class=\"ImageHeadline\">\n      <div class=\"ImageHeadline-image\" style=\"background-image: url('https:\/\/opter.com\/wp-content\/uploads\/2026\/01\/posti_hero_960x540-1.png')\">\n      <img loading=\"lazy\" decoding=\"async\" width=\"960\" height=\"540\" src=\"https:\/\/opter.com\/wp-content\/uploads\/2026\/01\/posti_hero_960x540-1.png\" class=\"ImageHeadline-img\" alt=\"Posti AB\" srcset=\"https:\/\/opter.com\/wp-content\/uploads\/2026\/01\/posti_hero_960x540-1.png 960w, https:\/\/opter.com\/wp-content\/uploads\/2026\/01\/posti_hero_960x540-1-300x169.png 300w, https:\/\/opter.com\/wp-content\/uploads\/2026\/01\/posti_hero_960x540-1-768x432.png 768w\" sizes=\"auto, (max-width: 960px) 100vw, 960px\" \/>\n    <\/div>\n    <h2 class=\"ImageHeadline-headline\">\u00abOpter er en av de mest tilfredsstillende TMS-ene jeg har brukt.\u00bb<\/h2>\n<\/div>\n\n\n\n\n<p><a href=\"https:\/\/www.posti.se\/\" data-type=\"link\" data-id=\"https:\/\/www.posti.se\/\">Postis<\/a> logistikkl\u00f8sninger og fl\u00e5tetjenester i Sverige h\u00e5ndterer alt fra langtransport og sikkerhetskj\u00f8ringer til levering av sensitivt IT-utstyr. Virksomheten har brukt Opter i over ti \u00e5r.<\/p>\n\n\n\n<p>Det var et tidlig valg som har v\u00e6rt med oss hele veien, og det fungerer som et sentralt TMS for blant annet kommunikasjon med sj\u00e5f\u00f8rer og partnere, bestillinger via kundeweb og API-integrasjoner som reduserer manuell h\u00e5ndtering. <\/p>\n\n\n\n<p>Postis driftssjef Johan Olsson likte umiddelbart enkelheten i K2, som systemet het p\u00e5 den tiden. Det var ogs\u00e5 kostnadseffektivt og heldekkende for et lite selskap med to biler, og det har enkelt kunnet skaleres opp til dagens 13 egne biler og flere underleverand\u00f8rer. <\/p>\n\n\n\n<p>\u00abDet er s\u00e5 brukervennlig at jeg ved behov kan h\u00e5ndtere alt fra trafikkstyring til fakturering selv.\u00bb<\/p>\n\n\n\n<p>For tre \u00e5r siden flyttet selskapet alt fra sin egen server til Opter Cloud. Johan Olsson beskriver overgangen som stort sett s\u00f8ml\u00f8s. Etter \u00e5 ha logget ut en ettermiddag, var alt oppe og gikk neste morgen. Med Opter i skyen slipper de tekniske problemer, VPN og driftsansvar. De kan ogs\u00e5 logge p\u00e5 fra hvor som helst.    <\/p>\n\n\n\n<p>\u00abTilgjengeligheten og sikkerheten ved \u00e5 alltid ha tilgang til systemet er gull verdt. Jeg har fakturert fra skj\u00e6rg\u00e5rden og jobbet fra Thailand. Det fungerer bare.\u00bb<\/p>\n\n\n\n<p>Opter gj\u00f8r det ogs\u00e5 enkelt \u00e5 oppfylle kundenes krav til informasjon og \u00e5penhet. Kundene kan velge hvilke varslinger de vil motta, og det er enkelt \u00e5 lage tilpasset og detaljert dokumentasjon til rapportene. <\/p>\n\n\n\n<p>\u00abHvis kunden v\u00e5r trenger et dokument, f\u00e5r de det. Jeg f\u00e5r nesten aldri sp\u00f8rsm\u00e5l om fakturaene lenger,\u00bb sier Johan Olsson og avslutter: \u00abMen Opter har mer \u00e5 by p\u00e5 enn vi utnytter. I fremtiden h\u00e5per jeg vi kan bruke flere funksjoner i systemet, for det forenkler virkelig hverdagen v\u00e5r!\u00bb<\/p>\n\n\n\n<p><strong>Bestill en demonstrasjon!<\/strong><\/p>\n\n\n\n<p>Vil du vite mer? Vi viser deg gjerne hvordan Opter fungerer og hvor enkelt det er \u00e5 komme i gang.<\/p>\n\n\n<div class=\"BookADemo\">\n    <a class=\"BookADemo-link\" href=\"\/no\/kontakt-oss\/bestill-demonstrasjon\/\">\n      Kontakt oss\n    <\/a>\n  <\/div>\n\n","protected":false},"excerpt":{"rendered":"<p>Postis logistikkl\u00f8sninger og fl\u00e5tetjenester i Sverige h\u00e5ndterer alt fra&hellip;<\/p>\n","protected":false},"author":18,"featured_media":15470,"parent":0,"menu_order":0,"comment_status":"closed","ping_status":"closed","template":"","meta":{"_acf_changed":false,"footnotes":""},"class_list":["post-15226","page","type-page","status-publish","has-post-thumbnail","hentry"],"acf":[],"_links":{"self":[{"href":"https:\/\/opter.com\/no\/wp-json\/wp\/v2\/pages\/15226","targetHints":{"allow":["GET"]}}],"collection":[{"href":"https:\/\/opter.com\/no\/wp-json\/wp\/v2\/pages"}],"about":[{"href":"https:\/\/opter.com\/no\/wp-json\/wp\/v2\/types\/page"}],"author":[{"embeddable":true,"href":"https:\/\/opter.com\/no\/wp-json\/wp\/v2\/users\/18"}],"replies":[{"embeddable":true,"href":"https:\/\/opter.com\/no\/wp-json\/wp\/v2\/comments?post=15226"}],"version-history":[{"count":8,"href":"https:\/\/opter.com\/no\/wp-json\/wp\/v2\/pages\/15226\/revisions"}],"predecessor-version":[{"id":15480,"href":"https:\/\/opter.com\/no\/wp-json\/wp\/v2\/pages\/15226\/revisions\/15480"}],"wp:featuredmedia":[{"embeddable":true,"href":"https:\/\/opter.com\/no\/wp-json\/wp\/v2\/media\/15470"}],"wp:attachment":[{"href":"https:\/\/opter.com\/no\/wp-json\/wp\/v2\/media?parent=15226"}],"curies":[{"name":"wp","href":"https:\/\/api.w.org\/{rel}","templated":true}]}}