{"id":15523,"date":"2026-02-26T15:09:57","date_gmt":"2026-02-26T14:09:57","guid":{"rendered":"https:\/\/opter.com\/?page_id=15523"},"modified":"2026-03-06T14:18:39","modified_gmt":"2026-03-06T13:18:39","slug":"tnr-spedisjon-as","status":"publish","type":"page","link":"https:\/\/opter.com\/no\/tnr-spedisjon-as\/","title":{"rendered":"Tnr Spedisjon AS"},"content":{"rendered":"<div class=\"ImageHeadline\">\n      <div class=\"ImageHeadline-image\" style=\"background-image: url('https:\/\/opter.com\/wp-content\/uploads\/2026\/02\/tnr_hero_960x540.png')\">\n      <img loading=\"lazy\" decoding=\"async\" width=\"960\" height=\"540\" src=\"https:\/\/opter.com\/wp-content\/uploads\/2026\/02\/tnr_hero_960x540.png\" class=\"ImageHeadline-img\" alt=\"Tnr Spedisjon AS\" srcset=\"https:\/\/opter.com\/wp-content\/uploads\/2026\/02\/tnr_hero_960x540.png 960w, https:\/\/opter.com\/wp-content\/uploads\/2026\/02\/tnr_hero_960x540-300x169.png 300w, https:\/\/opter.com\/wp-content\/uploads\/2026\/02\/tnr_hero_960x540-768x432.png 768w\" sizes=\"auto, (max-width: 960px) 100vw, 960px\" \/>\n    <\/div>\n    <h2 class=\"ImageHeadline-headline\">\u00abOpter er veldig up-to-date.\u00bb<\/h2>\n<\/div>\n\n\n\n\n<p>Grunnlagt i 1981 er <a href=\"https:\/\/www.tnrspedisjon.no\/\" data-type=\"link\" data-id=\"https:\/\/www.tnrspedisjon.no\/\" target=\"_blank\" rel=\"noreferrer noopener\">Tnr Spedisjon<\/a> en etablert akt\u00f8r i det norske transportmarkedet. I dag har selskapet litt over 100 ansatte og rundt 65 egne kj\u00f8ret\u00f8y. I begynnelsen av 2024 gikk de over til Opter som TMS for \u00e5 m\u00f8te raskt \u00f8kende volumer og h\u00f8yere krav til digitalisert skanning, sporbarhet og effektivitet.<\/p>\n\n\n\n<p>\u00abDet var teknologien som avgjorde. Vi trengte bedre muligheter, b\u00e5de for oss, kundene v\u00e5re og transport\u00f8rene\u00bb, forteller Tor Klungtveit, driftssjef. <\/p>\n\n\n\n<p>Tnr h\u00e5ndterer store mengder stykkgods og er samlastingssentral for flere store transport\u00f8rer. For dem er sanntidskontroll av terminalen avgj\u00f8rende, og skanningen hadde blitt en flaskehals. Med on floor-skanning i Opter f\u00e5r b\u00e5de transportledelse og kunder umiddelbar oversikt over godsstatusen.<\/p>\n\n\n\n<p>Ogs\u00e5 det administrative arbeidet har blitt merkbart effektivisert, n\u00e5r tidkrevende manuelle oppgaver som avregninger og prisberegninger h\u00e5ndteres raskt og automatisert. Tnr bruker dessuten OpterLink til \u00e5 dele oppdrag med samarbeidspartnere. \u00abDet er en helt genial funksjon, og veldig enkelt \u00e5 f\u00e5 folk til \u00e5 samarbeide med OpterLink\u00bb, sier Tor.<\/p>\n\n\n\n<p>Selskapet ser store muligheter for \u00e5 vokse med sitt transportstyringssystem i tiden fremover. De bruker ikke all funksjonaliteten enn\u00e5, men de ser allerede mange klare forbedringer i arbeidsflyten. \u00abOpter gj\u00f8r hverdagen v\u00e5r enklere og gir bedre oversikt. Jeg kan absolutt anbefale det\u00bb, avslutter Klungtveit.<\/p>\n\n\n\n<h3 class=\"wp-block-heading\">Bestill en demonstrasjon!<\/h3>\n\n\n\n<p>Vil du vite mer? Vi viser deg gjerne hvordan Opter fungerer og hvor enkelt det er \u00e5 komme i gang.<\/p>\n\n\n<div class=\"BookADemo\">\n    <a class=\"BookADemo-link\" href=\"\/no\/kontakt-oss\/bestill-demonstrasjon\/\">\n      Bestill demonstrasjon\n    <\/a>\n  <\/div>\n\n","protected":false},"excerpt":{"rendered":"<p>Grunnlagt i 1981 er Tnr Spedisjon en etablert akt\u00f8r&hellip;<\/p>\n","protected":false},"author":18,"featured_media":15541,"parent":0,"menu_order":0,"comment_status":"closed","ping_status":"closed","template":"","meta":{"_acf_changed":false,"footnotes":""},"class_list":["post-15523","page","type-page","status-publish","has-post-thumbnail","hentry"],"acf":[],"_links":{"self":[{"href":"https:\/\/opter.com\/no\/wp-json\/wp\/v2\/pages\/15523","targetHints":{"allow":["GET"]}}],"collection":[{"href":"https:\/\/opter.com\/no\/wp-json\/wp\/v2\/pages"}],"about":[{"href":"https:\/\/opter.com\/no\/wp-json\/wp\/v2\/types\/page"}],"author":[{"embeddable":true,"href":"https:\/\/opter.com\/no\/wp-json\/wp\/v2\/users\/18"}],"replies":[{"embeddable":true,"href":"https:\/\/opter.com\/no\/wp-json\/wp\/v2\/comments?post=15523"}],"version-history":[{"count":5,"href":"https:\/\/opter.com\/no\/wp-json\/wp\/v2\/pages\/15523\/revisions"}],"predecessor-version":[{"id":15725,"href":"https:\/\/opter.com\/no\/wp-json\/wp\/v2\/pages\/15523\/revisions\/15725"}],"wp:featuredmedia":[{"embeddable":true,"href":"https:\/\/opter.com\/no\/wp-json\/wp\/v2\/media\/15541"}],"wp:attachment":[{"href":"https:\/\/opter.com\/no\/wp-json\/wp\/v2\/media?parent=15523"}],"curies":[{"name":"wp","href":"https:\/\/api.w.org\/{rel}","templated":true}]}}