{"id":15637,"date":"2026-03-06T14:05:03","date_gmt":"2026-03-06T13:05:03","guid":{"rendered":"https:\/\/opter.com\/?page_id=15637"},"modified":"2026-03-06T14:08:25","modified_gmt":"2026-03-06T13:08:25","slug":"sandahlsbolagen","status":"publish","type":"page","link":"https:\/\/opter.com\/no\/sandahlsbolagen\/","title":{"rendered":"Sandahlsbolagen"},"content":{"rendered":"<div class=\"ImageHeadline\">\n      <div class=\"ImageHeadline-image\" style=\"background-image: url('https:\/\/opter.com\/wp-content\/uploads\/2026\/03\/sandahls_hero_960x540.png')\">\n      <img loading=\"lazy\" decoding=\"async\" width=\"960\" height=\"540\" src=\"https:\/\/opter.com\/wp-content\/uploads\/2026\/03\/sandahls_hero_960x540.png\" class=\"ImageHeadline-img\" alt=\"Sandahls\" srcset=\"https:\/\/opter.com\/wp-content\/uploads\/2026\/03\/sandahls_hero_960x540.png 960w, https:\/\/opter.com\/wp-content\/uploads\/2026\/03\/sandahls_hero_960x540-300x169.png 300w, https:\/\/opter.com\/wp-content\/uploads\/2026\/03\/sandahls_hero_960x540-768x432.png 768w\" sizes=\"auto, (max-width: 960px) 100vw, 960px\" \/>\n    <\/div>\n    <h2 class=\"ImageHeadline-headline\">\u00abOpter er en drivkraft for utviklingen v\u00e5r.\u00bb<\/h2>\n<\/div>\n\n\n\n\n<p><a href=\"https:\/\/sandahls.com\/\" data-type=\"link\" data-id=\"https:\/\/sandahls.com\/\" target=\"_blank\" rel=\"noreferrer noopener\">Sandahls<\/a> er et av Sveriges st\u00f8rste privateide transportselskaper, med opprinnelse i Sm\u00e5land og med rundt 500 lastebiler i sin fl\u00e5te. Det at selskapet er etablert p\u00e5 13 forskjellige steder i Sverige gir stordriftsfordeler, men krever felles rutiner og systemer. <\/p>\n\n\n\n<p>I V\u00e5rg\u00e5rda driver Sandahls en spesialisert transport- og lagervirksomhet med 125 ansatte og 60 biler. Tilbakevendende oppdrag omfatter for eksempel leveranser av kj\u00f8kken, sensitive varer med kompleks logistikk og h\u00f8ye krav til punktlighet. <\/p>\n\n\n\n<p>Etter \u00e5 ha brukt et annet system tidligere, gikk Sandahls V\u00e5rg\u00e5rda over til Opter som TMS i 2025. \u00abSandahls Logistik hadde allerede brukt Opter i fem \u00e5r\u00bb, sier Anders Litstrand, avdelingsleder i V\u00e5rg\u00e5rda. \u00abMed dette skiftet har vi endelig f\u00e5tt et felles milj\u00f8. Vi ser det samme som v\u00e5re kolleger, og kan utnytte alle ressurser mer effektivt. Det er den umiddelbare forskjellen.\u00bb    <\/p>\n\n\n\n<p>Beslutningen om \u00e5 bytte transportstyringssystem ble ogs\u00e5 drevet frem av \u00f8kte krav fra kundene om \u00e5penhet: Bedre overv\u00e5king, tilgang til utslippsdata og muligheten til \u00e5 spore forsendelser i sanntid. Med Opters kundenettside f\u00e5r kundene st\u00f8rre \u00e5penhet, uten at det \u00f8ker belastningen p\u00e5 virksomheten. <br><em><br><\/em>Implementeringen av Opter ble gjennomf\u00f8rt med minimal kundep\u00e5virkning og uten store forstyrrelser i leveransene, og Sandahls ser store muligheter i tiden som kommer. \u00abOpter er en drivkraft for utviklingen av virksomheten. I stedet for \u00e5 bygge nye funksjoner rundt m\u00e5ten vi jobber p\u00e5 n\u00e5, \u00f8nsker vi \u00e5 utforske det som allerede finnes i systemet og hvordan det kan hjelpe oss til \u00e5 jobbe enda smartere\u00bb, sier Litstrand.  <\/p>\n\n\n\n<h3 class=\"wp-block-heading\">Bestill en demonstrasjon!<\/h3>\n\n\n\n<p>Vil du vite mer? Vi viser deg gjerne hvordan Opter fungerer og hvor enkelt det er \u00e5 komme i gang.<\/p>\n\n\n<div class=\"BookADemo\">\n    <a class=\"BookADemo-link\" href=\"\/no\/kontakt-oss\/bestill-demonstrasjon\/\">\n      Bestill demonstrasjon\n    <\/a>\n  <\/div>\n\n","protected":false},"excerpt":{"rendered":"<p>Sandahls er et av Sveriges st\u00f8rste privateide transportselskaper, med&hellip;<\/p>\n","protected":false},"author":18,"featured_media":15702,"parent":0,"menu_order":0,"comment_status":"closed","ping_status":"closed","template":"","meta":{"_acf_changed":false,"footnotes":""},"class_list":["post-15637","page","type-page","status-publish","has-post-thumbnail","hentry"],"acf":[],"_links":{"self":[{"href":"https:\/\/opter.com\/no\/wp-json\/wp\/v2\/pages\/15637","targetHints":{"allow":["GET"]}}],"collection":[{"href":"https:\/\/opter.com\/no\/wp-json\/wp\/v2\/pages"}],"about":[{"href":"https:\/\/opter.com\/no\/wp-json\/wp\/v2\/types\/page"}],"author":[{"embeddable":true,"href":"https:\/\/opter.com\/no\/wp-json\/wp\/v2\/users\/18"}],"replies":[{"embeddable":true,"href":"https:\/\/opter.com\/no\/wp-json\/wp\/v2\/comments?post=15637"}],"version-history":[{"count":3,"href":"https:\/\/opter.com\/no\/wp-json\/wp\/v2\/pages\/15637\/revisions"}],"predecessor-version":[{"id":15714,"href":"https:\/\/opter.com\/no\/wp-json\/wp\/v2\/pages\/15637\/revisions\/15714"}],"wp:featuredmedia":[{"embeddable":true,"href":"https:\/\/opter.com\/no\/wp-json\/wp\/v2\/media\/15702"}],"wp:attachment":[{"href":"https:\/\/opter.com\/no\/wp-json\/wp\/v2\/media?parent=15637"}],"curies":[{"name":"wp","href":"https:\/\/api.w.org\/{rel}","templated":true}]}}