{"id":15816,"date":"2026-03-19T15:10:13","date_gmt":"2026-03-19T14:10:13","guid":{"rendered":"https:\/\/opter.com\/storemen-logistics-oy\/"},"modified":"2026-03-19T15:32:35","modified_gmt":"2026-03-19T14:32:35","slug":"storemen-logistics-oy","status":"publish","type":"page","link":"https:\/\/opter.com\/no\/storemen-logistics-oy\/","title":{"rendered":"Storemen Logistics Oy"},"content":{"rendered":"<div class=\"ImageHeadline\">\n      <div class=\"ImageHeadline-image\" style=\"background-image: url('https:\/\/opter.com\/wp-content\/uploads\/2026\/03\/storemen_hero_960x540.png')\">\n      <img loading=\"lazy\" decoding=\"async\" width=\"960\" height=\"540\" src=\"https:\/\/opter.com\/wp-content\/uploads\/2026\/03\/storemen_hero_960x540.png\" class=\"ImageHeadline-img\" alt=\"Storemen Logistics Oy\" srcset=\"https:\/\/opter.com\/wp-content\/uploads\/2026\/03\/storemen_hero_960x540.png 960w, https:\/\/opter.com\/wp-content\/uploads\/2026\/03\/storemen_hero_960x540-300x169.png 300w, https:\/\/opter.com\/wp-content\/uploads\/2026\/03\/storemen_hero_960x540-768x432.png 768w\" sizes=\"auto, (max-width: 960px) 100vw, 960px\" \/>\n    <\/div>\n    <h2 class=\"ImageHeadline-headline\">\u00abOpter gir oss den digitale ryggraden\u00bb&lt;br&gt;&lt;br&gt;<\/h2>\n<\/div>\n\n\n\n\n<p><a href=\"https:\/\/www.storemen.fi\/\" target=\"_blank\" rel=\"noreferrer noopener\">Storemen Logistics Oy<\/a> er en pioner innen b\u00e6rekraftig transportlogistikk. Med en tung bilpark og et m\u00e5l om at 100 % av kj\u00f8ret\u00f8yene skal g\u00e5 p\u00e5 elektrisitet eller biogass, er det n\u00f8dvendig med et transportplanleggingssystem som matcher ambisjonsniv\u00e5et. <\/p>\n\n\n\n<p>Da Marko Lyhty tok over som driftsdirekt\u00f8r i 2021, var m\u00e5let klart: Driften skulle digitaliseres for \u00e5 oppn\u00e5 effektivitet, orden og \u00e5penhet.<\/p>\n\n\n\n<p>\u00abTidligere foregikk planleggingen via telefonsamtaler og e-post, og faktureringen ble gjort manuelt basert p\u00e5 fraktbrev i papirformat. Vi trengte en moderne l\u00f8sning som ville gi oss bedre kontroll og effektivitet\u00bb, sier Marko Lyhty. <\/p>\n\n\n\n<p>Etter \u00e5 ha sammenlignet flere systemer, falt valget p\u00e5 Opter. I dag g\u00e5r ordreflyten automatisk, og kundenettsiden er full av sv\u00e6rt positive tilbakemeldinger. For Marko og kollegene hans hos Storemen har systemet f\u00f8rt til en helt ny grad av p\u00e5litelighet i den daglige driften.  <\/p>\n\n\n\n<p>\u00abDen st\u00f8rste fordelen er at vi kan v\u00e6re helt sikre p\u00e5 at alle ordrer blir behandlet, at faktureringsfeil er effektivt eliminert, og at vi enkelt f\u00e5r tilgang til alle dataene med et enkelt tastetrykk.\u00bb <\/p>\n\n\n\n<p>Ved \u00e5 ta i bruk verkt\u00f8y som digitale leveringsbekreftelser (ePOD) og overv\u00e5king av kj\u00f8ret\u00f8yets l\u00f8nnsomhet i sanntid, har selskapet bygget opp en effektiv, velorganisert og n\u00e6rmest papirl\u00f8s drift. \u00abOpter gir oss den digitale ryggraden og et solid fundament ogs\u00e5 for v\u00e5r fremtidige utvikling\u00bb, avslutter Marko Lyhty. <\/p>\n\n\n\n<h3 class=\"wp-block-heading\">Bestill en demonstrasjon!<\/h3>\n\n\n\n<p>Vil du vite mer? Vi viser deg gjerne hvordan Opter fungerer og hvor enkelt det er \u00e5 komme i gang.<\/p>\n\n\n<div class=\"BookADemo\">\n    <a class=\"BookADemo-link\" href=\"\/no\/kontakt-oss\/bestill-demonstrasjon\/\">\n      Bestill demonstrasjon\n    <\/a>\n  <\/div>\n\n","protected":false},"excerpt":{"rendered":"<p>Storemen Logistics Oy er en pioner innen b\u00e6rekraftig transportlogistikk.&hellip;<\/p>\n","protected":false},"author":18,"featured_media":15707,"parent":0,"menu_order":0,"comment_status":"closed","ping_status":"closed","template":"","meta":{"_acf_changed":false,"footnotes":""},"class_list":["post-15816","page","type-page","status-publish","has-post-thumbnail","hentry"],"acf":[],"_links":{"self":[{"href":"https:\/\/opter.com\/no\/wp-json\/wp\/v2\/pages\/15816","targetHints":{"allow":["GET"]}}],"collection":[{"href":"https:\/\/opter.com\/no\/wp-json\/wp\/v2\/pages"}],"about":[{"href":"https:\/\/opter.com\/no\/wp-json\/wp\/v2\/types\/page"}],"author":[{"embeddable":true,"href":"https:\/\/opter.com\/no\/wp-json\/wp\/v2\/users\/18"}],"replies":[{"embeddable":true,"href":"https:\/\/opter.com\/no\/wp-json\/wp\/v2\/comments?post=15816"}],"version-history":[{"count":2,"href":"https:\/\/opter.com\/no\/wp-json\/wp\/v2\/pages\/15816\/revisions"}],"predecessor-version":[{"id":15826,"href":"https:\/\/opter.com\/no\/wp-json\/wp\/v2\/pages\/15816\/revisions\/15826"}],"wp:featuredmedia":[{"embeddable":true,"href":"https:\/\/opter.com\/no\/wp-json\/wp\/v2\/media\/15707"}],"wp:attachment":[{"href":"https:\/\/opter.com\/no\/wp-json\/wp\/v2\/media?parent=15816"}],"curies":[{"name":"wp","href":"https:\/\/api.w.org\/{rel}","templated":true}]}}