{"id":2144,"date":"2020-12-10T12:54:21","date_gmt":"2020-12-10T11:54:21","guid":{"rendered":"https:\/\/opter.com\/?page_id=2144"},"modified":"2025-12-11T10:44:18","modified_gmt":"2025-12-11T09:44:18","slug":"jobb-hos-oss","status":"publish","type":"page","link":"https:\/\/opter.com\/no\/om-opter\/jobb-hos-oss\/","title":{"rendered":"Jobb hos oss"},"content":{"rendered":"\n<h2 class=\"wp-block-heading\">Vi ser etter flere dyktige probleml\u00f8sere<\/h2>\n\n\n\n<p>Opter vokser konstant og ansetter nye medarbeidere kontinuerlig i hele Norden. Her finner du v\u00e5re ledige stillinger. Ikke vent med \u00e5 skrive noen linjer til oss p\u00e5 <a rel=\"noreferrer noopener\" href=\"mailto:work@opter.com\" target=\"_blank\">work@opter.com<\/a> hvis du synes at Opter virker interessant, og selv om du ikke finner en passende stillingsannonse.<\/p>\n\n\n\n<figure class=\"wp-block-image size-large\"><img loading=\"lazy\" decoding=\"async\" width=\"450\" height=\"299\" src=\"https:\/\/opter.com\/wp-content\/uploads\/2020\/12\/andreas-jobba-hos-oss.jpg\" alt=\"\" class=\"wp-image-2043\"\/><figcaption class=\"wp-element-caption\"> \u00abDet artigste med Opter er \u00e5 f\u00e5 gj\u00f8re forbedringer som gj\u00f8r en forskjell hver dag \u2013 for v\u00e5re kunder, v\u00e5rt produkt og v\u00e5r bedrift.\u00bb <br>Andreas Starrsj\u00f6, programutvikler<\/figcaption><\/figure>\n\n\n<p class=\"ArrowLink\">\n    <a class=\"ArrowLink-link\" href=\"\/no\/jobb-hos-oss-vi-soker-etter-net-utvikler\/\">\n      <svg xmlns=\"http:\/\/www.w3.org\/2000\/svg\" width=\"40\" height=\"41\" fill=\"none\" viewBox=\"0 0 40 41\" class=\"arrow\">\n        <path fill=\"#F64F10\" d=\"M20 40.356c11.046 0 20-8.954 20-20 0-11.045-8.954-20-20-20s-20 8.955-20 20c0 11.046 8.954 20 20 20z\"\/>\n        <path class=\"stroke\" fill=\"#DFDAD4\" d=\"M30.211 18.856H33.211V41.856H30.211z\" transform=\"rotate(90 30.211 18.856)\"\/>\n        <path class=\"arrow-part\" fill=\"#DFDAD4\" d=\"M32.53 20.362l-2.123 1.295-9.72-10.978 2.318-1.905 9.524 11.588z\"\/>\n        <path class=\"arrow-part\" fill=\"#DFDAD4\" d=\"M32.53 20.351l-2.123-1.294-9.72 10.978 2.318 1.904 9.524-11.588z\"\/>\n      <\/svg>\n      Vi s\u00f8ker etter .NET-utvikler<\/a>\n  <\/p>\n\n\n\n\n<p>Som ny utvikler hos Opter trenger du ikke spesiell kunnskap om transport eller logistikk. Det f\u00e5r du gjennom kollegaene dine og de arbeidsoppgavene du gj\u00f8r. Vil du derimot arbeide med \u00e5 hjelpe kundene v\u00e5re som r\u00e5dgiver eller selger, forutsetter vi at du har erfaring fra transportbransjen.<\/p>\n\n\n<p class=\"Lead\">\n  Kunnigt, utvecklingsdrivet och framg\u00e5ngsrikt\n<\/p>\n\n\n\n\n<p>\u00c5 jobbe i Opter er \u00e5 hjelpe transportfirmaer med \u00e5 vokse og samtidig verne om b\u00e5de milj\u00f8 og mennesker. Sammen gj\u00f8r vi hele tiden Opter enda bedre og jo flere transportfirmaer som bruker v\u00e5r programvare, jo mer ressurseffektiv blir transportbransjen.<\/p>\n\n\n\n<figure class=\"wp-block-embed is-type-video is-provider-youtube wp-block-embed-youtube wp-embed-aspect-16-9 wp-has-aspect-ratio\"><div class=\"wp-block-embed__wrapper\">\n<iframe loading=\"lazy\" title=\"Det h\u00e4r \u00e4r Opter\" width=\"500\" height=\"281\" src=\"https:\/\/www.youtube.com\/embed\/U-UibxDGPdM?feature=oembed\" frameborder=\"0\" allow=\"accelerometer; autoplay; clipboard-write; encrypted-media; gyroscope; picture-in-picture; web-share\" referrerpolicy=\"strict-origin-when-cross-origin\" allowfullscreen><\/iframe>\n<\/div><\/figure>\n\n\n\n<p>Hver dag l\u00e6rer vi oss mer om kundenes utfordringer, vokser i rollene v\u00e5re, utfordrer oss selv og tar modigere beslutninger. Stadig forbedring er v\u00e5r fremste drivkraft og det preger oss som arbeidsplass.&nbsp;<\/p>\n\n\n\n<p>Vi ser etter deg som \u00f8nsker \u00e5 utvikle og utvikles, akkurat som oss. Deg som vil bli utfordret hver dag, m\u00f8te nye mennesker, bygge relasjoner, l\u00f8se problemer og vokse sammen med andre. Sammen skaper vi det mest brukte virksomhetssystemet i bransjen v\u00e5r, og n\u00e5 beveger vi oss ut p\u00e5 nye markeder. Vil du bli en av oss? S\u00f8k p\u00e5 en av stillingene v\u00e5re, eller send en spontans\u00f8knad til <a href=\"mailto:work@opter.com\">work@opter.com<\/a><\/p>\n\n\n\n\n\n<p><\/p>\n","protected":false},"excerpt":{"rendered":"<p>Vi ser etter flere dyktige probleml\u00f8sere Opter vokser konstant&hellip;<\/p>\n","protected":false},"author":3,"featured_media":0,"parent":2557,"menu_order":0,"comment_status":"closed","ping_status":"closed","template":"","meta":{"_acf_changed":false,"footnotes":""},"class_list":["post-2144","page","type-page","status-publish","hentry"],"acf":[],"_links":{"self":[{"href":"https:\/\/opter.com\/no\/wp-json\/wp\/v2\/pages\/2144","targetHints":{"allow":["GET"]}}],"collection":[{"href":"https:\/\/opter.com\/no\/wp-json\/wp\/v2\/pages"}],"about":[{"href":"https:\/\/opter.com\/no\/wp-json\/wp\/v2\/types\/page"}],"author":[{"embeddable":true,"href":"https:\/\/opter.com\/no\/wp-json\/wp\/v2\/users\/3"}],"replies":[{"embeddable":true,"href":"https:\/\/opter.com\/no\/wp-json\/wp\/v2\/comments?post=2144"}],"version-history":[{"count":36,"href":"https:\/\/opter.com\/no\/wp-json\/wp\/v2\/pages\/2144\/revisions"}],"predecessor-version":[{"id":15330,"href":"https:\/\/opter.com\/no\/wp-json\/wp\/v2\/pages\/2144\/revisions\/15330"}],"up":[{"embeddable":true,"href":"https:\/\/opter.com\/no\/wp-json\/wp\/v2\/pages\/2557"}],"wp:attachment":[{"href":"https:\/\/opter.com\/no\/wp-json\/wp\/v2\/media?parent=2144"}],"curies":[{"name":"wp","href":"https:\/\/api.w.org\/{rel}","templated":true}]}}