{"id":2493,"date":"2020-12-21T10:48:09","date_gmt":"2020-12-21T09:48:09","guid":{"rendered":"https:\/\/opter.com\/startside\/"},"modified":"2021-10-20T10:16:31","modified_gmt":"2021-10-20T08:16:31","slug":"startside","status":"publish","type":"page","link":"https:\/\/opter.com\/no\/","title":{"rendered":"Startside"},"content":{"rendered":"<div class=\"hero-animation-container\">\n      <div class=\"Hero-animation js-animation\" data-path=\"https:\/\/opter.com\/wp-content\/uploads\/2020\/08\/hero_200708.json\"><\/div>\n    <\/div>\n  \n  <div class=\"Hero\">\n    <div class=\"Hero-content\">\n      <h1 class=\"Hero-title\">Smartere transport<span class=\"shy\">&shy;<\/span>planlegging med Opter<\/h1>\n              <h2 class=\"Hero-subTitle\">Nysgjerrig p\u00e5 hvordan transportbedrifter digitaliserer ordreh\u00e5ndtering, transportplanlegging, kommunikasjon og administrasjon?<\/h2>\n            <div class=\"Hero-buttons\">\n                  <a class=\"BookADemo-link\" href=\"https:\/\/opter.com\/no\/kontakt-oss\/\">\n            Bestill demonstrasjon\n          <\/a>\n                <ul class=\"SocialLinks\">\n                      <li class=\"SocialLinks-item\"><a href=\"https:\/\/www.facebook.com\/OpterAB\/\"><img decoding=\"async\" src=\"https:\/\/opter.com\/wp-content\/themes\/opter\/dist\/images\/social-facebook_5d276d0a.svg\" alt=\"Opter on Facebook\"\/><\/a><\/li>\n                                <li class=\"SocialLinks-item\"><a href=\"https:\/\/www.linkedin.com\/company\/opter\"><img decoding=\"async\" src=\"https:\/\/opter.com\/wp-content\/themes\/opter\/dist\/images\/social-linkedin_e303397d.svg\" alt=\"Opter on LinkedIn\"\/><\/a><\/li>\n                                          <li class=\"SocialLinks-item\"><a href=\"https:\/\/www.youtube.com\/channel\/UCQGSE0LEtala7XAlmIwnWUg\"><img decoding=\"async\" src=\"https:\/\/opter.com\/wp-content\/themes\/opter\/dist\/images\/social-youtube_169fd44e.svg\" alt=\"Opter on Youtube\"\/><\/a><\/li>\n                  <\/ul>\n      <\/div>\n    <\/div>\n  <\/div>\n\n\n<div class=\"AnimationTeaser AnimationTeaser--default\">\n    <div class=\"AnimationTeaser-content AnimationTeaser-content--default\">\n      <h2 class=\"AnimationTeaser-title\">Nye ordrer h\u00e5ndteres raskt og sikkert<\/h2>\n      <div class=\"AnimationTeaser-intro\">\n        <p>Med Opter er det enkelt \u00e5 ta imot en ny ordre, uansett om bestillingen skjer via telefon, kundenettside eller EDI-fil. Ordren blir registrert og administrert digitalt fra bestilling til fakturering.<\/p>\n      <\/div>\n      <div class=\"ReadMore js-accordion js-accordion--closed\" data-state=\"closed\">\n        <h3 class=\"ReadMore-title js-accordion-toggle\">Ordreh\u00e5ndtering med Opter<\/h3>\n        <div class=\"ReadMore-content js-accordion-content\"><p>Hver mottatte ordre h\u00e5ndteres effektivt og sikkert med Opter. Ordresiden er fleksibelt og kan tilpasses. Dere styrer selv hvilken informasjon dere \u00f8nsker fra kunden, uansett om ordren registreres i systemet av dere eller om kunden gj\u00f8r det selv.  <\/p>\n<p>N\u00e5r en ny ordre blir registrert, startes samtidig faktureringen for oppdraget. Ut fra adresser, avstand, kundeavtale og andre parametre, beregnes en forventet pris til kunde allerede ved bestilling. Hvis det gj\u00f8res endringer underveis, av kunde, transportledelse eller sj\u00e5f\u00f8r, rapporteres de i systemet og fakturaen justeres automatisk. N\u00e5r oppdraget er utf\u00f8rt, er fakturaen klar til sending.<\/p>\n<p>Selgerne deres kan enkelt f\u00f8lge opp bestillinger, f\u00e5 statistikk over hva kundene trenger og ikke minst identifisere hvilke kunder som m\u00e5 bearbeides. <\/p>\n<\/div>\n      <\/div>\n    <\/div>\n          <div class=\"AnimationTeaser-animation AnimationTeaser-animation--default js-animation\" data-path=\"https:\/\/opter.com\/wp-content\/uploads\/2020\/08\/orderhantering_200825.json\"><\/div>\n      <\/div>\n\n\n\n\n<div class=\"AnimationTeaser AnimationTeaser--alt\">\n    <div class=\"AnimationTeaser-content AnimationTeaser-content--alt\">\n      <h2 class=\"AnimationTeaser-title\"> Enklere transportledelse med informasjon i sanntid<\/h2>\n      <div class=\"AnimationTeaser-intro\">\n        <p>Med Opter er det lett for transportlederen \u00e5 ta riktig beslutning. Foresp\u00f8rsler fra kunder h\u00e5ndteres smidig og kj\u00f8ret\u00f8y benyttes alltid p\u00e5 beste m\u00e5te.<\/p>\n      <\/div>\n      <div class=\"ReadMore js-accordion js-accordion--closed\" data-state=\"closed\">\n        <h3 class=\"ReadMore-title js-accordion-toggle\">Transportledelse med Opter<\/h3>\n        <div class=\"ReadMore-content js-accordion-content\"><p>P\u00e5g\u00e5ende oppdrag og tilgjengelige ressurser vises i sanntid, noe som hjelper transportlederen med \u00e5 planlegge flere kj\u00f8ringer p\u00e5 kortere tid, utnytte tilgjengelige kj\u00f8ret\u00f8y maksimalt og \u00f8ke kundetilfredsheten.<\/p>\n<p>Kontakten mellom transportlederen, sj\u00e5f\u00f8ren, bileierne og underleverand\u00f8rene tas enkelt h\u00e5nd om. Sj\u00e5f\u00f8ren f\u00e5r informasjonen gjennom en app p\u00e5 telefonen eller til sin h\u00e5ndholdte datamaskin, og kan enkelt tilbakerapportere status og registrere endringer og kvitteringer. Ingenting blir glemt, ingen tapte anrop, riktig faktureringsgrunnlag og tid til overs til nye oppdrag.<\/p>\n<\/div>\n      <\/div>\n    <\/div>\n          <div class=\"AnimationTeaser-animation AnimationTeaser-animation--alt js-animation\" data-path=\"https:\/\/opter.com\/wp-content\/uploads\/2020\/08\/transportledning_200825.json\"><\/div>\n      <\/div>\n\n\n\n\n<div class=\"AnimationTeaser AnimationTeaser--default\">\n    <div class=\"AnimationTeaser-content AnimationTeaser-content--default\">\n      <h2 class=\"AnimationTeaser-title\">Full kontroll med sj\u00e5f\u00f8rappen<\/h2>\n      <div class=\"AnimationTeaser-intro\">\n        <p>Med Opters sj\u00e5f\u00f8rapp har sj\u00e5f\u00f8ren alltid riktig informasjon, og kommunikasjonen med b\u00e5de kunde og transportledelse styres enkelt. Det har blitt lettere, tryggere og morsommere \u00e5 v\u00e6re sj\u00e5f\u00f8r.<\/p>\n      <\/div>\n      <div class=\"ReadMore js-accordion js-accordion--closed\" data-state=\"closed\">\n        <h3 class=\"ReadMore-title js-accordion-toggle\">Mobil kommunikasjon med Opter<\/h3>\n        <div class=\"ReadMore-content js-accordion-content\"><p>Sj\u00e5f\u00f8rer som har all n\u00f8dvendig informasjon, har ogs\u00e5 mulighet til \u00e5 ta ansvar hele veien. Startstrekningen for nye oppdrag minimeres, og alle opplysninger som beh\u00f8ves, venter allerede i sj\u00e5f\u00f8rappen.<\/p>\n<p>Kunden og transportledelsen f\u00e5r l\u00f8pende informasjon i sanntid. Endrede forutsetninger registreres enkelt og fakturagrunnlaget justeres automatisk. Enkle digitale signaturer, kamera og navigasjon inng\u00e5r selvf\u00f8lgelig ogs\u00e5.<\/p>\n<\/div>\n      <\/div>\n    <\/div>\n          <div class=\"AnimationTeaser-animation AnimationTeaser-animation--default js-animation\" data-path=\"https:\/\/opter.com\/wp-content\/uploads\/2020\/08\/forarapp_200825.json\"><\/div>\n      <\/div>\n\n\n<div class=\"AnimationTeaser AnimationTeaser--alt\">\n    <div class=\"AnimationTeaser-content AnimationTeaser-content--alt\">\n      <h2 class=\"AnimationTeaser-title\">Utf\u00f8rte oppdrag faktureres riktig og p\u00e5 kort tid<\/h2>\n      <div class=\"AnimationTeaser-intro\">\n        <p>Med Opter blir fakturaene riktige og administrasjonen minimal. Fakturaen startes ved bestilling, justeres under transporten og sendes etter levering.<\/p>\n      <\/div>\n      <div class=\"ReadMore js-accordion js-accordion--closed\" data-state=\"closed\">\n        <h3 class=\"ReadMore-title js-accordion-toggle\">Fakturering og prissetting med Opter<\/h3>\n        <div class=\"ReadMore-content js-accordion-content\"><p>Hver ordre som registreres, er en p\u00e5begynt faktura. Hvis ordren endres, for eksempel om vekten p\u00e5 varene ikke stemmer, noteres de nye oppgavene og prisen p\u00e5 fakturaen oppdateres automatisk. N\u00e5r leveransen er klar, er ogs\u00e5 fakturaen klar til sending.<\/p>\n<p>Med Opter f\u00e5r dere oversikt over hvilke kunder som har betalt sine fakturaer og hvilke som trenger en p\u00e5minnelse. Innleide bileiere og underleverand\u00f8rer administreres p\u00e5 en like smidig m\u00e5te. <\/p>\n<\/div>\n      <\/div>\n    <\/div>\n          <div class=\"AnimationTeaser-animation AnimationTeaser-animation--alt js-animation\" data-path=\"https:\/\/opter.com\/wp-content\/uploads\/2020\/08\/fakturering_200825.json\"><\/div>\n      <\/div>\n\n\n<div class=\"AnimationTeaser AnimationTeaser--default\">\n    <div class=\"AnimationTeaser-content AnimationTeaser-content--default\">\n      <h2 class=\"AnimationTeaser-title\">Trygg og forn\u00f8yd kunde fra bestilling til POD<\/h2>\n      <div class=\"AnimationTeaser-intro\">\n        <p>Opter hjelper dere med \u00e5 tilby bedre service. Kunder har alltid tilgang til sin aktuelle transportinformasjon via EDI-l\u00f8sninger eller kundenettet.<\/p>\n      <\/div>\n      <div class=\"ReadMore js-accordion js-accordion--closed\" data-state=\"closed\">\n        <h3 class=\"ReadMore-title js-accordion-toggle\">Opter kundenett og EDI<\/h3>\n        <div class=\"ReadMore-content js-accordion-content\"><p>For kundene er l\u00f8pende informasjon om oppdrag, kvalitet og statistikk viktig. Med en personlig kundenettside kan kundene enkelt bestille transport, se priser, fraktbrev, ordrehistorikk og fakturaer, f\u00f8lge sine leveranser med Track &#038; Trace samt se leveringsbevis (POD) og signaturer. Kommunikasjonen dere imellom blir enklere, tydeligere og raskere \u2013 ikke minst ved hjelp av automatiserte meldinger via e-post eller SMS.<\/p>\n<p>Gjennom EDI-integrasjoner kommuniseres bestillinger og endringer helt automatisk mellom deres og transportkundens system. Mindre manuelt arbeid frigj\u00f8r tid og samtidig har alle tilgang til rask og riktig informasjon.<\/p>\n<p>Opter styrker helt enkelt relasjonen med etablerte kunder og frigj\u00f8r tid til \u00e5 bearbeide nye.<\/p>\n<\/div>\n      <\/div>\n    <\/div>\n          <div class=\"AnimationTeaser-animation AnimationTeaser-animation--default js-animation\" data-path=\"https:\/\/opter.com\/wp-content\/uploads\/2020\/09\/pod_200910.json\"><\/div>\n      <\/div>\n\n\n<div class=\"BookADemo\">\n    <a class=\"BookADemo-link\" href=\"\/no\/kontakt-oss\/\">\n      Bestill demonstrasjon\n    <\/a>\n  <\/div>\n\n","protected":false},"excerpt":{"rendered":"","protected":false},"author":1,"featured_media":0,"parent":0,"menu_order":0,"comment_status":"closed","ping_status":"closed","template":"","meta":{"_acf_changed":false,"footnotes":""},"class_list":["post-2493","page","type-page","status-publish","hentry"],"acf":[],"_links":{"self":[{"href":"https:\/\/opter.com\/no\/wp-json\/wp\/v2\/pages\/2493","targetHints":{"allow":["GET"]}}],"collection":[{"href":"https:\/\/opter.com\/no\/wp-json\/wp\/v2\/pages"}],"about":[{"href":"https:\/\/opter.com\/no\/wp-json\/wp\/v2\/types\/page"}],"author":[{"embeddable":true,"href":"https:\/\/opter.com\/no\/wp-json\/wp\/v2\/users\/1"}],"replies":[{"embeddable":true,"href":"https:\/\/opter.com\/no\/wp-json\/wp\/v2\/comments?post=2493"}],"version-history":[{"count":66,"href":"https:\/\/opter.com\/no\/wp-json\/wp\/v2\/pages\/2493\/revisions"}],"predecessor-version":[{"id":6086,"href":"https:\/\/opter.com\/no\/wp-json\/wp\/v2\/pages\/2493\/revisions\/6086"}],"wp:attachment":[{"href":"https:\/\/opter.com\/no\/wp-json\/wp\/v2\/media?parent=2493"}],"curies":[{"name":"wp","href":"https:\/\/api.w.org\/{rel}","templated":true}]}}