{"id":2495,"date":"2020-12-21T10:48:10","date_gmt":"2020-12-21T09:48:10","guid":{"rendered":"https:\/\/opter.com\/hvorfor-opter\/"},"modified":"2022-11-10T16:35:41","modified_gmt":"2022-11-10T15:35:41","slug":"hvorfor-opter","status":"publish","type":"page","link":"https:\/\/opter.com\/no\/hvorfor-opter\/","title":{"rendered":"Hvorfor Opter?"},"content":{"rendered":"\n<h2 class=\"wp-block-heading\">Smartere transportplanlegging helt enkelt<\/h2>\n\n\n\n<figure class=\"wp-block-embed-youtube wp-block-embed is-type-video is-provider-youtube wp-embed-aspect-16-9 wp-has-aspect-ratio\"><div class=\"wp-block-embed__wrapper\">\n<iframe loading=\"lazy\" title=\"Smartere transportplanlegging med Opter\" width=\"500\" height=\"281\" src=\"https:\/\/www.youtube.com\/embed\/ZXTgI6NEvUY?feature=oembed\" frameborder=\"0\" allow=\"accelerometer; autoplay; clipboard-write; encrypted-media; gyroscope; picture-in-picture; web-share\" referrerpolicy=\"strict-origin-when-cross-origin\" allowfullscreen><\/iframe>\n<\/div><\/figure>\n\n\n\n<p><\/p>\n\n\n\n<h3 class=\"wp-block-heading\">Trygt og fremtidssikkert<\/h3>\n\n\n\n<p>Tjue \u00e5rs utvikling og en n\u00e6r dialog med et hundretalls kunder har bidratt til at Opter i dag er det markedsledende virksomhetssystemet for sm\u00e5 og mellomstore transportbedrifter i Norden. Opter er standardisert for \u00e5 passe mange, men kan samtidig tilpasses for \u00e5 kunne dekke hver kundes unike behov og rutiner. Opter blir hele tiden utviklet ut fra markedets behov og nye teknologiske muligheter. Det gj\u00f8r at kundene kan fokusere p\u00e5 sin virksomhet og f\u00f8le seg trygge p\u00e5 \u00e5 alltid ha den moderne systemst\u00f8tten de trenger.<\/p>\n\n\n\n<h3 class=\"wp-block-heading\">En enklere hverdag<\/h3>\n\n\n\n<p>Opter forenkler hverdagen for transportbedrifter, en hverdag som kan v\u00e6re ganske s\u00e5 komplisert og uforutsigbar. Med Opter som st\u00f8tte for virksomheten vet dere at ordreh\u00e5ndtering, transportplanlegging, kommunikasjon med sj\u00e5f\u00f8rer og kunder, EDI-koblinger, prissetting og fakturering alltid fungerer. Dere vet ogs\u00e5 at dere alltid har tilgang til moderne st\u00f8tte for transportoppdragene.<\/p>\n\n\n\n<h3 class=\"wp-block-heading\">Digitalisering til fast m\u00e5nedskostnad<\/h3>\n\n\n\n<p>Transportplanlegging med Opter inneb\u00e6rer \u00e5 abonnere p\u00e5 digitalisering. Opter oppdateres l\u00f8pende, uten at dere eller brukerne deres trenger \u00e5 gj\u00f8re noe. Manuelle prosesser blir p\u00e5 smidig m\u00e5te digitale, og i takt med systemets utvikling automatiseres virksomheten ytterligere. Hele systemet, alle nye funksjoner og oppdateringer inng\u00e5r. Support inng\u00e5r selvf\u00f8lgelig ogs\u00e5. Og det til en fast pris hver m\u00e5ned.&nbsp;<\/p>\n\n\n\n<h3 class=\"wp-block-heading\">Vi hjelper dere med \u00e5 komme i gang<\/h3>\n\n\n\n<p>Vi hjelper dere selvsagt med \u00e5 sette opp systemet slik at det st\u00f8tter akkurat deres rutiner p\u00e5 best mulig m\u00e5te. Hvilket ordrebilde og trafikkledelse passer dere best? Hvordan vil dere at mobilappen og kundenettsidene skal se ut? Og hvordan vil dere utforme fakturaer og de \u00f8vrige funksjonene til systemet. Vi veileder dere og lytter til systemeier og brukere til dere har kommet i gang. Sammen legger vi grunnlaget for fortsatte effektivitetsgevinster, mer forn\u00f8yde kunder og moderne digital utvikling.<\/p>\n\n\n\n<h3 class=\"wp-block-heading\">Menneskelig teknisk support<\/h3>\n\n\n\n<p>N\u00e5r dere har kommet i gang, er det v\u00e5rt supportteam som tar over. Hvis det skulle dukke opp problemer eller dere har sp\u00f8rsm\u00e5l, f\u00e5r dere selvf\u00f8lgelig rask hjelp fra v\u00e5re erfarne probleml\u00f8sere, uten kostnad. De forst\u00e5r deres virksomhet og kjenner Opter ut og inn.<\/p>\n\n\n\n<div class=\"wp-block-image\"><figure class=\"alignleft size-large is-resized\"><img decoding=\"async\" src=\"https:\/\/opter.com\/wp-content\/uploads\/2020\/11\/support.jpg\" alt=\"\" class=\"wp-image-1923\" width=\"460\"\/><figcaption>\u00abEtter installasjon og oppl\u00e6ring er det bare \u00e5 sette i gang \u2013 vanskeligere er det ikke!\u00bb<br>Alexander Lindroos, supportansvarlig<\/figcaption><\/figure><\/div>\n\n\n\n<p><\/p>\n\n\n\n<h3 class=\"wp-block-heading\">Systemet som liker andre systemer<\/h3>\n\n\n\n<p>Opter samarbeider gjerne med andre virksomhets- og \u00f8konomisystemer. Integrasjoner er rutine for oss, vi har gjennomf\u00f8rt tusenvis! Uansett om det er kunder eller andre transportbedrifter dere vil samarbeide med digitalt, s\u00e5 hjelper vi dere enkelt med EDI-integreringer.<\/p>\n\n\n\n<h3 class=\"wp-block-heading\">Bygget p\u00e5 den nyeste teknologien<\/h3>\n\n\n\n<p>Opter bygger p\u00e5 den nyeste teknologien til Microsoft. For brukerne inneb\u00e6rer det et Windows-grensesnitt, og for sj\u00e5f\u00f8rene en app som enkelt kan lastes ned fra Google Play. Bileiere og kunder f\u00e5r ogs\u00e5 tilgang til den informasjonen de trenger gjennom nettportaler. Opter kj\u00f8res i v\u00e5r skyl\u00f8sning p\u00e5 Microsoft Azure, og dere kobler dere til via et program p\u00e5 datamaskinen deres. Det er ogs\u00e5 mulig \u00e5 installere Opter p\u00e5 deres egne servere eller en vertspartner.<\/p>\n\n\n\n<h3 class=\"wp-block-heading\">Vil dere teste?<\/h3>\n\n\n\n<p><\/p>\n\n\n\n<p>Bestill en demonstrasjon som viser hvor enkelt det er \u00e5 komme i gang og hvordan Opter kan hjelpe dere med \u00e5 utvikle virksomheten. Dere kan selvf\u00f8lgelig ogs\u00e5 kontakte oss via e-post p\u00e5 <a href=\"mailto:info@opter.com\" data-type=\"mailto\" data-id=\"mailto:info@opter.com\">info@opter.com<\/a>, eller gjennom noen av v\u00e5re <a href=\"mailto:sales@opter.com\" data-type=\"mailto\" data-id=\"mailto:sales@opter.com\">selgere<\/a>.<\/p>\n\n\n<div class=\"BookADemo\">\n    <a class=\"BookADemo-link\" href=\"\/no\/kontakt-oss\/\">\n      Bestill demonstrasjon\n    <\/a>\n  <\/div>\n\n","protected":false},"excerpt":{"rendered":"<p>Smartere transportplanlegging helt enkelt Trygt og fremtidssikkert Tjue \u00e5rs&hellip;<\/p>\n","protected":false},"author":2,"featured_media":0,"parent":0,"menu_order":0,"comment_status":"closed","ping_status":"closed","template":"","meta":{"_acf_changed":false,"footnotes":""},"class_list":["post-2495","page","type-page","status-publish","hentry"],"acf":[],"_links":{"self":[{"href":"https:\/\/opter.com\/no\/wp-json\/wp\/v2\/pages\/2495","targetHints":{"allow":["GET"]}}],"collection":[{"href":"https:\/\/opter.com\/no\/wp-json\/wp\/v2\/pages"}],"about":[{"href":"https:\/\/opter.com\/no\/wp-json\/wp\/v2\/types\/page"}],"author":[{"embeddable":true,"href":"https:\/\/opter.com\/no\/wp-json\/wp\/v2\/users\/2"}],"replies":[{"embeddable":true,"href":"https:\/\/opter.com\/no\/wp-json\/wp\/v2\/comments?post=2495"}],"version-history":[{"count":18,"href":"https:\/\/opter.com\/no\/wp-json\/wp\/v2\/pages\/2495\/revisions"}],"predecessor-version":[{"id":8488,"href":"https:\/\/opter.com\/no\/wp-json\/wp\/v2\/pages\/2495\/revisions\/8488"}],"wp:attachment":[{"href":"https:\/\/opter.com\/no\/wp-json\/wp\/v2\/media?parent=2495"}],"curies":[{"name":"wp","href":"https:\/\/api.w.org\/{rel}","templated":true}]}}