{"id":2499,"date":"2020-12-21T10:48:15","date_gmt":"2020-12-21T09:48:15","guid":{"rendered":"https:\/\/opter.com\/om-informasjonskapsler\/"},"modified":"2024-02-29T13:49:47","modified_gmt":"2024-02-29T12:49:47","slug":"om-informasjonskapsler","status":"publish","type":"page","link":"https:\/\/opter.com\/no\/om-informasjonskapsler\/","title":{"rendered":"Om informasjonskapsler"},"content":{"rendered":"\n<h2 class=\"wp-block-heading\">Informasjonskapsler p\u00e5 opter.com<\/h2>\n\n\n\n<p>Opter og v\u00e5re partnere lagrer informasjon p\u00e5 enheten din for \u00e5 tilby en tilpasset opplevelse, aktivere bes\u00f8ks\u00adstatistikk og personlig markedsf\u00f8ring.<\/p>\n\n\n\n<p>Mer informasjon om hvordan vi behandler dine personopplysninger finnes i&nbsp;<a href=\"https:\/\/opter.com\/no\/retningslinjer-for-personvern\/\" data-type=\"URL\">retningslinjer for personvern<\/a>.<\/p>\n\n\n\n<hr class=\"wp-block-separator has-alpha-channel-opacity\"\/>\n\n\n\n<h3 class=\"wp-block-heading\">Samtykke<\/h3>\n\n\n\n<p>Ved bruk av opter.com samtykker du i bruk av informasjonskapsler i din nettleser. Du kontrollerer hvilke cookies du aksepterer i tillegg til de n\u00f8dvendige som trengs for at nettstedet skal fungere i\u00a0<a href=\"javascript:cookieTractor.openConsentSettings()\">innstillinger for cookies<\/a>.<\/p>\n\n\n\n<hr class=\"wp-block-separator has-alpha-channel-opacity\"\/>\n\n\n\n<h3 class=\"wp-block-heading\">Hva er informasjonskapsler?<\/h3>\n\n\n\n<p>En informasjonskapsel er en liten tekstfil som nettstedet du bes\u00f8ker, lagrer p\u00e5 din datamaskin. Informasjonskapsler brukes p\u00e5 mange nettsteder for \u00e5 gi den bes\u00f8kende tilgang til ulike funksjoner. Informasjonen i informasjonskapselen kan deretter benyttes til \u00e5 f\u00f8lge bruken til en bes\u00f8kende.<\/p>\n\n\n\n<p>De fleste moderne nettlesere (Google Chrome, Firefox, Internet Explorer, Safari, Opera osv.) aksepterer informasjonskapsler automatisk, men du kan selv velge \u00e5 endre innstillingene i din nettleser til ikke \u00e5 akseptere informasjonskapsler. Vi vil da gj\u00f8re deg oppmerksom p\u00e5 at mange nettsider ikke vil fungere optimalt, blant annet v\u00e5re tjenester.<\/p>\n\n\n\n<hr class=\"wp-block-separator has-alpha-channel-opacity\"\/>\n\n\n\n<h3 class=\"wp-block-heading\">Hva sier loven?<\/h3>\n\n\n\n<p>If\u00f8lge loven om elektronisk kommunikasjon skal alle som bes\u00f8ker et nettsted med informasjonskapsler f\u00e5 informasjon om at nettstedet inneholder informasjonskapsler, hva de brukes til og hvordan de kan unng\u00e5s.<\/p>\n\n\n\n<hr class=\"wp-block-separator has-alpha-channel-opacity\"\/>\n\n\n\n<h3 class=\"wp-block-heading\">Informasjonskapsler p\u00e5 nettstedet til Opter<\/h3>\n\n\n\n<p>Som p\u00e5 de fleste andre hjemmesider, samler vi inn informasjon automatisk og lagrer den i loggfiler p\u00e5 v\u00e5r server. Det kan for eksempel v\u00e6re informasjon om:<\/p>\n\n\n\n<ul class=\"wp-block-list\">\n<li>IP-adresser<\/li>\n\n\n\n<li>hvilken type nettleser du bruker<\/li>\n\n\n\n<li>bredb\u00e5ndsleverand\u00f8rer (ISP)<\/li>\n\n\n\n<li>operativsystem<\/li>\n\n\n\n<li>dato og klokkeslett for bes\u00f8k<\/li>\n\n\n\n<li>data om navigasjon\n<ul class=\"wp-block-list\">\n<li><\/li>\n<\/ul>\n<\/li>\n<\/ul>\n\n\n\n<p>Informasjonen vi samler inn, brukes kun internt og overf\u00f8res ikke til tredjepart. Retningslinjene for informasjonskapsler oppdateres fra tid til annen. Vi informerer om st\u00f8rre endringer her p\u00e5 nettstedet eller via e-post.<\/p>\n","protected":false},"excerpt":{"rendered":"<p>Informasjonskapsler p\u00e5 opter.com Opter og v\u00e5re partnere lagrer informasjon&hellip;<\/p>\n","protected":false},"author":3,"featured_media":0,"parent":0,"menu_order":0,"comment_status":"closed","ping_status":"closed","template":"","meta":{"_acf_changed":false,"footnotes":""},"class_list":["post-2499","page","type-page","status-publish","hentry"],"acf":[],"_links":{"self":[{"href":"https:\/\/opter.com\/no\/wp-json\/wp\/v2\/pages\/2499","targetHints":{"allow":["GET"]}}],"collection":[{"href":"https:\/\/opter.com\/no\/wp-json\/wp\/v2\/pages"}],"about":[{"href":"https:\/\/opter.com\/no\/wp-json\/wp\/v2\/types\/page"}],"author":[{"embeddable":true,"href":"https:\/\/opter.com\/no\/wp-json\/wp\/v2\/users\/3"}],"replies":[{"embeddable":true,"href":"https:\/\/opter.com\/no\/wp-json\/wp\/v2\/comments?post=2499"}],"version-history":[{"count":33,"href":"https:\/\/opter.com\/no\/wp-json\/wp\/v2\/pages\/2499\/revisions"}],"predecessor-version":[{"id":10830,"href":"https:\/\/opter.com\/no\/wp-json\/wp\/v2\/pages\/2499\/revisions\/10830"}],"wp:attachment":[{"href":"https:\/\/opter.com\/no\/wp-json\/wp\/v2\/media?parent=2499"}],"curies":[{"name":"wp","href":"https:\/\/api.w.org\/{rel}","templated":true}]}}