{"id":2557,"date":"2020-12-22T13:46:07","date_gmt":"2020-12-22T12:46:07","guid":{"rendered":"https:\/\/opter.com\/om-opter\/"},"modified":"2025-08-29T16:20:01","modified_gmt":"2025-08-29T14:20:01","slug":"om-opter","status":"publish","type":"page","link":"https:\/\/opter.com\/no\/om-opter\/","title":{"rendered":"Om Opter"},"content":{"rendered":"<div class=\"ImageHeadline\">\n      <div class=\"ImageHeadline-image\" style=\"background-image: url('https:\/\/opter.com\/wp-content\/uploads\/2020\/12\/om_oss_preview.jpg')\">\n      <img loading=\"lazy\" decoding=\"async\" width=\"1024\" height=\"768\" src=\"https:\/\/opter.com\/wp-content\/uploads\/2020\/12\/om_oss_preview.jpg\" class=\"ImageHeadline-img\" alt=\"\" \/>\n    <\/div>\n    <h2 class=\"ImageHeadline-headline\">\u00abAlltid litt bedre \u2013 det er det som driver oss\u00bb<\/h2>\n<\/div>\n\n\n\n<p class=\"Lead\">\n  Opter gj\u00f8r det enklere, morsommere og mer l\u00f8nnsomt \u00e5 drive transportvirksomhet. Bak det markedsledende virksomhetssystemet Opter finnes det et stabilt og l\u00f8nnsomt selskap med samme navn.\n<\/p>\n\n\n\n\n<figure class=\"wp-block-image size-large\"><img loading=\"lazy\" decoding=\"async\" width=\"450\" height=\"300\" src=\"https:\/\/opter.com\/wp-content\/uploads\/2020\/11\/viktor_edlund_vd.png\" alt=\"\" class=\"wp-image-1685\"\/><figcaption class=\"wp-element-caption\">\u00abVi \u00f8nsker kundene v\u00e5re, hverandre og oss selv vel \u2013 slik ville jeg oppsummert det Opter st\u00e5r for.\u00bb<br> Viktor Edlund, adm.dir.<\/figcaption><\/figure>\n\n\n\n<p>\u00c5 bidra til positiv forandring, \u00e5 langsiktig hjelpe transportfirmaer med \u00e5 bli mer b\u00e6rekraftige med smarte systeml\u00f8sninger i tillegg til \u00e5 skape en sv\u00e6rt god arbeidsplass. Det var m\u00e5let da Opter ble grunnlagt av Johan Frisk og Viktor Edlund i 2002. Bedriften het da Fleet 101 og produktet K2.<\/p>\n\n\n\n<p>Det er fortsatt velvilje som former og driver oss hos Opter. Med omtanke for hverandre, brukerne og omverdenen hjelper vi de mange bedriftene som bruker v\u00e5r programvare til \u00e5 leve opp til kundenes \u00f8nsker, medarbeidernes behov og omverdenens krav. Det har gjort Opter til Nordens ledende virksomhetssystem for transportbransjen.<\/p>\n\n\n\n<p>Vi utvikler Opter i tett dialog med kundene. Det er deres felles behov som styrer hvordan systemet ser ut og fungerer. Jo flere bedrifter som bruker, og med sine utfordringer bidrar til \u00e5 utvikle Opter, jo st\u00f8rre nytte gj\u00f8r systemet for hver eneste av disse hardt konkurranseutsatte bedriftene.<\/p>\n\n\n\n<p>Kundetilfredshet er avgj\u00f8rende for v\u00e5r fremgang, og det er ogs\u00e5 derfor at kundene v\u00e5re ikke l\u00e5ses fast i et dyrt system eller omfattende konsultasjonsprosjekter. Forretningsmodellen v\u00e5r \u2013 en standardisert, tilpasningsdyktig l\u00f8sning som hele tiden blir utviklet og som kundene betaler for m\u00e5nedsvis ut fra st\u00f8rrelsen til virksomheten \u2013 ble ansett som en gal id\u00e9 da vi startet. Siden da har bedriften vokst med 25 % \u00e5rlig i mange \u00e5r. Med over 600 kunder og tusenvis av brukere har Opter snudd standarden i transportbransjen i dag. Opter er et trygt og moderne valg for transportfirmaer som helst bruker sin tid p\u00e5 kundene og p\u00e5 \u00e5 drive en langsiktig l\u00f8nnsom virksomhet.<\/p>\n\n\n\n<p>Opter har i dag kunder i Sverige, Norge, Finland, Danmark, Estland og Island.<\/p>\n\n\n\n<p><\/p>\n\n\n\n\n<div class=\"NewsList\">\n  <h1 class=\"NewsList-title\">Siste nytt<\/h1>\n  <hr class=\"wp-block-separator\">\n  <div class=\"NewsList-items\">\n                <article class=\"NewsListItem post-15914 post type-post status-publish format-standard has-post-thumbnail hentry category-nyheter category-start_news\">\n  <a class=\"NewsListItem-link\" href=\"https:\/\/opter.com\/no\/mot-opter-pa-transport-2026\/\">\n        <div class=\"NewsListItem-image\">\n      <img loading=\"lazy\" decoding=\"async\" width=\"767\" height=\"431\" src=\"https:\/\/opter.com\/wp-content\/uploads\/2026\/04\/transport-26-767x431-1.png\" class=\"attachment-post-thumbnail size-post-thumbnail wp-post-image\" alt=\"Transport 26\" srcset=\"https:\/\/opter.com\/wp-content\/uploads\/2026\/04\/transport-26-767x431-1.png 767w, https:\/\/opter.com\/wp-content\/uploads\/2026\/04\/transport-26-767x431-1-300x169.png 300w\" sizes=\"auto, (max-width: 767px) 100vw, 767px\" \/>\n    <\/div>\n        <h2 class=\"NewsListItem-title\">\n      M\u00f8t Opter p\u00e5 Transport 2026\n    <\/h2>\n    <time class=\"NewsListItem-date\" datetime=\"2026-04-20T07:24:00+02:00\">20. april 2026<\/time>\n    <p class=\"NewsListItem-lead\">\n      Fra 23. til 25. april samles bransjen p\u00e5 Norges&hellip;\n    <\/p>\n  <\/a>\n<\/article>\n                <article class=\"NewsListItem post-15761 post type-post status-publish format-standard has-post-thumbnail hentry category-nyheter category-start_news\">\n  <a class=\"NewsListItem-link\" href=\"https:\/\/opter.com\/no\/drange-kran-og-transport-as\/\">\n        <div class=\"NewsListItem-image\">\n      <img loading=\"lazy\" decoding=\"async\" width=\"767\" height=\"431\" src=\"https:\/\/opter.com\/wp-content\/uploads\/2026\/03\/drange_kran_767x431.png\" class=\"attachment-post-thumbnail size-post-thumbnail wp-post-image\" alt=\"Drange Kran og Transport AS\" srcset=\"https:\/\/opter.com\/wp-content\/uploads\/2026\/03\/drange_kran_767x431.png 767w, https:\/\/opter.com\/wp-content\/uploads\/2026\/03\/drange_kran_767x431-300x169.png 300w\" sizes=\"auto, (max-width: 767px) 100vw, 767px\" \/>\n    <\/div>\n        <h2 class=\"NewsListItem-title\">\n      Drange Kran og Transport AS har implementert Opter\n    <\/h2>\n    <time class=\"NewsListItem-date\" datetime=\"2026-04-17T07:15:00+02:00\">17. april 2026<\/time>\n    <p class=\"NewsListItem-lead\">\n      Velkommen til Opter, Drange Kran og Transport AS! Selskapet&hellip;\n    <\/p>\n  <\/a>\n<\/article>\n                <article class=\"NewsListItem post-15857 post type-post status-publish format-standard has-post-thumbnail hentry category-nyheter category-start_news\">\n  <a class=\"NewsListItem-link\" href=\"https:\/\/opter.com\/no\/shqipton-tahiri-ny-systemselger-i-norge\/\">\n        <div class=\"NewsListItem-image\">\n      <img loading=\"lazy\" decoding=\"async\" width=\"767\" height=\"431\" src=\"https:\/\/opter.com\/wp-content\/uploads\/2026\/03\/shqipton_767x431.png\" class=\"attachment-post-thumbnail size-post-thumbnail wp-post-image\" alt=\"Shqipton Tahiri, systems\u00e4ljare Opter Norge\" srcset=\"https:\/\/opter.com\/wp-content\/uploads\/2026\/03\/shqipton_767x431.png 767w, https:\/\/opter.com\/wp-content\/uploads\/2026\/03\/shqipton_767x431-300x169.png 300w\" sizes=\"auto, (max-width: 767px) 100vw, 767px\" \/>\n    <\/div>\n        <h2 class=\"NewsListItem-title\">\n      Shqipton Tahiri \u2013 ny systemselger i Norge\n    <\/h2>\n    <time class=\"NewsListItem-date\" datetime=\"2026-04-15T17:18:37+02:00\">15. april 2026<\/time>\n    <p class=\"NewsListItem-lead\">\n      I l\u00f8pet av vinteren har Shqipton Tahiri tiltr\u00e5dt som&hellip;\n    <\/p>\n  <\/a>\n<\/article>\n      <\/div>\n  <div class=\"NewsList-loadMore\">\n    <a class=\"NewsList-loadMoreLink js-loadmore-news\" href=\"#\">Load more news items<\/a>\n  <\/div>\n<\/div>\n","protected":false},"excerpt":{"rendered":"<p>\u00c5 bidra til positiv forandring, \u00e5 langsiktig hjelpe transportfirmaer&hellip;<\/p>\n","protected":false},"author":3,"featured_media":0,"parent":0,"menu_order":0,"comment_status":"closed","ping_status":"closed","template":"","meta":{"_acf_changed":false,"footnotes":""},"class_list":["post-2557","page","type-page","status-publish","hentry"],"acf":[],"_links":{"self":[{"href":"https:\/\/opter.com\/no\/wp-json\/wp\/v2\/pages\/2557","targetHints":{"allow":["GET"]}}],"collection":[{"href":"https:\/\/opter.com\/no\/wp-json\/wp\/v2\/pages"}],"about":[{"href":"https:\/\/opter.com\/no\/wp-json\/wp\/v2\/types\/page"}],"author":[{"embeddable":true,"href":"https:\/\/opter.com\/no\/wp-json\/wp\/v2\/users\/3"}],"replies":[{"embeddable":true,"href":"https:\/\/opter.com\/no\/wp-json\/wp\/v2\/comments?post=2557"}],"version-history":[{"count":13,"href":"https:\/\/opter.com\/no\/wp-json\/wp\/v2\/pages\/2557\/revisions"}],"predecessor-version":[{"id":14116,"href":"https:\/\/opter.com\/no\/wp-json\/wp\/v2\/pages\/2557\/revisions\/14116"}],"wp:attachment":[{"href":"https:\/\/opter.com\/no\/wp-json\/wp\/v2\/media?parent=2557"}],"curies":[{"name":"wp","href":"https:\/\/api.w.org\/{rel}","templated":true}]}}