{"id":2563,"date":"2020-12-22T13:46:11","date_gmt":"2020-12-22T12:46:11","guid":{"rendered":"https:\/\/opter.com\/sporsmal-og-svar\/"},"modified":"2023-02-15T14:53:19","modified_gmt":"2023-02-15T13:53:19","slug":"sporsmal-og-svar","status":"publish","type":"page","link":"https:\/\/opter.com\/no\/sporsmal-og-svar\/","title":{"rendered":"Sp\u00f8rsm\u00e5l og svar"},"content":{"rendered":"\n<h2 class=\"wp-block-heading\">Nysgjerrig p\u00e5 Opter? Her er de vanligste sp\u00f8rsm\u00e5lene<\/h2>\n\n\n<div class=\"AccordionBlock\">\n                <div class=\"Accordion js-accordion js-accordion--closed\" data-state=\"closed\">\n        <h3 class=\"Accordion-title js-accordion-toggle\">Hvordan vet jeg om systemet passer for min virksomhet?<\/h3>\n        <div class=\"Accordion-content js-accordion-content\">\n                                <div class=\"Accordion-text\">\n              <p>Opter er utviklet for transportfirmaer og er standardisert for \u00e5 passe mange. Det kan samtidig tilpasses slik at det dekker enhver kundes unike behov og rutiner.<\/p>\n<p><a href=\"https:\/\/opter.com\/no\/kontakt-oss\/\">Kontakt v\u00e5re selgere<\/a> s\u00e5 kan vi sammen ta en titt p\u00e5 hvordan Opter kan st\u00f8tte og effektivisere akkurat din virksomhet og hvor enkelt det er \u00e5 komme i gang. Vi ses hos dere, hos oss eller via en digital m\u00f8tekanal.<\/p>\n            <\/div>\n                  <\/div>\n      <\/div>\n                <div class=\"Accordion js-accordion js-accordion--closed\" data-state=\"closed\">\n        <h3 class=\"Accordion-title js-accordion-toggle\">Hva koster Opter?<\/h3>\n        <div class=\"Accordion-content js-accordion-content\">\n                                <div class=\"Accordion-text\">\n              <p>Programvaren Opter er en abonnementstjeneste der dere betaler en fast pris pr. m\u00e5ned ut fra hvor mange biler og sendinger dere \u00f8nsker \u00e5 h\u00e5ndtere i systemet. I m\u00e5nedsavgiften inng\u00e5r all funksjonalitet, alle oppgraderinger og selvf\u00f8lgelig support.<\/p>\n            <\/div>\n                  <\/div>\n      <\/div>\n                <div class=\"Accordion js-accordion js-accordion--closed\" data-state=\"closed\">\n        <h3 class=\"Accordion-title js-accordion-toggle\">Hvordan kommer vi i gang med Opter?<\/h3>\n        <div class=\"Accordion-content js-accordion-content\">\n                                <div class=\"Accordion-text\">\n              <p>Det skal v\u00e6re enkelt. Dere utnevner en systemeier som kjenner deres virksomhet og deres behov. <span class=\"ui-provider vi b c d e f g h i j k l m n o p q r s t u v w x y z ab ac ae af ag ah ai aj ak\" dir=\"ltr\">V\u00e5re konsulenter veileder dere gjennom driftssettingen av systemet<\/span>. Sammen kommer vi frem til hvordan Opter kan hjelpe nettopp dere \u2013 hvilken informasjon som skal v\u00e6re tilgjengelig, hvordan oppgaver skal registreres eller hentes inn og hvordan apper og nettsider skal se ut osv. Vi er med fra f\u00f8rste stund og til dere kommer i gang med systemet.<\/p>\n            <\/div>\n                  <\/div>\n      <\/div>\n                <div class=\"Accordion js-accordion js-accordion--closed\" data-state=\"closed\">\n        <h3 class=\"Accordion-title js-accordion-toggle\">Hvor lang tid tar det?<\/h3>\n        <div class=\"Accordion-content js-accordion-content\">\n                                <div class=\"Accordion-text\">\n              <p>Det er litt avhengig av hvor store dere er og hvilke funksjoner dere \u00f8nsker \u00e5 bruke. Det vi har erfart, er at det aller viktigste for \u00e5 komme raskt i gang, er at systemeieren kan sette av den tiden som kreves for \u00e5 sammen med oss sette opp l\u00f8sningen og l\u00e6re opp brukerne.<\/p>\n            <\/div>\n                  <\/div>\n      <\/div>\n                <div class=\"Accordion js-accordion js-accordion--closed\" data-state=\"closed\">\n        <h3 class=\"Accordion-title js-accordion-toggle\">Hvem har ansvaret for teknologien?<\/h3>\n        <div class=\"Accordion-content js-accordion-content\">\n                                <div class=\"Accordion-text\">\n              <p>Opter kj\u00f8res i v\u00e5r skyl\u00f8sning p\u00e5 Microsoft Azure, og dere kobler dere til via et program p\u00e5 datamaskinen deres. Det er ogs\u00e5 mulig \u00e5 installere Opter p\u00e5 deres egne servere eller en vertspartner. Da tar dere selv ansvar for drift av server og annen maskinvare. Uansett hvilket alternativ dere velger, s\u00f8rger vi for at alle v\u00e5re kunder automatisk f\u00e5r tilgang til oppgraderinger.<\/p>\n            <\/div>\n                  <\/div>\n      <\/div>\n                <div class=\"Accordion js-accordion js-accordion--closed\" data-state=\"closed\">\n        <h3 class=\"Accordion-title js-accordion-toggle\">Inng\u00e5r support?<\/h3>\n        <div class=\"Accordion-content js-accordion-content\">\n                                <div class=\"Accordion-text\">\n              <p>Selvf\u00f8lgelig!<\/p>\n            <\/div>\n                  <\/div>\n      <\/div>\n                <div class=\"Accordion js-accordion js-accordion--closed\" data-state=\"closed\">\n        <h3 class=\"Accordion-title js-accordion-toggle\">Elektroniske kundebestillinger, fungerer det? Kan kundene v\u00e5re f\u00f8lge sine oppdrag? Og hvordan h\u00e5ndteres alle dokumentene?<\/h3>\n        <div class=\"Accordion-content js-accordion-content\">\n                                <div class=\"Accordion-text\">\n              <p>P\u00e5 siden <a href=\"https:\/\/opter.com\/no\/slik-fungerer-opter\/\">Slik fungerer Opter<\/a> finner dere svaret p\u00e5 de aller fleste sp\u00f8rsm\u00e5l om hvordan Opter kan st\u00f8tte deres virksomhet.<\/p>\n<p>Vil dere vite mer, m\u00e5 dere gjerne <a href=\"https:\/\/opter.com\/no\/kontakt-oss\/\">kontakte oss<\/a>.<\/p>\n            <\/div>\n                  <\/div>\n      <\/div>\n      <\/div>\n","protected":false},"excerpt":{"rendered":"<p>Nysgjerrig p\u00e5 Opter? Her er de vanligste sp\u00f8rsm\u00e5lene<\/p>\n","protected":false},"author":6,"featured_media":0,"parent":0,"menu_order":0,"comment_status":"closed","ping_status":"closed","template":"","meta":{"_acf_changed":false,"footnotes":""},"class_list":["post-2563","page","type-page","status-publish","hentry"],"acf":[],"_links":{"self":[{"href":"https:\/\/opter.com\/no\/wp-json\/wp\/v2\/pages\/2563","targetHints":{"allow":["GET"]}}],"collection":[{"href":"https:\/\/opter.com\/no\/wp-json\/wp\/v2\/pages"}],"about":[{"href":"https:\/\/opter.com\/no\/wp-json\/wp\/v2\/types\/page"}],"author":[{"embeddable":true,"href":"https:\/\/opter.com\/no\/wp-json\/wp\/v2\/users\/6"}],"replies":[{"embeddable":true,"href":"https:\/\/opter.com\/no\/wp-json\/wp\/v2\/comments?post=2563"}],"version-history":[{"count":17,"href":"https:\/\/opter.com\/no\/wp-json\/wp\/v2\/pages\/2563\/revisions"}],"predecessor-version":[{"id":9332,"href":"https:\/\/opter.com\/no\/wp-json\/wp\/v2\/pages\/2563\/revisions\/9332"}],"wp:attachment":[{"href":"https:\/\/opter.com\/no\/wp-json\/wp\/v2\/media?parent=2563"}],"curies":[{"name":"wp","href":"https:\/\/api.w.org\/{rel}","templated":true}]}}