{"id":3731,"date":"2021-02-25T15:51:53","date_gmt":"2021-02-25T14:51:53","guid":{"rendered":"https:\/\/opter.com\/?page_id=3731"},"modified":"2023-01-26T15:40:15","modified_gmt":"2023-01-26T14:40:15","slug":"ringstad-transport","status":"publish","type":"page","link":"https:\/\/opter.com\/no\/ringstad-transport\/","title":{"rendered":"Ringstad Transport"},"content":{"rendered":"<div class=\"ImageHeadline\">\n      <div class=\"ImageHeadline-image\" style=\"background-image: url('https:\/\/opter.com\/wp-content\/uploads\/2022\/02\/ringstad-transport-1600-1024x576.png')\">\n      <img loading=\"lazy\" decoding=\"async\" width=\"1024\" height=\"576\" src=\"https:\/\/opter.com\/wp-content\/uploads\/2022\/02\/ringstad-transport-1600-1024x576.png\" class=\"ImageHeadline-img\" alt=\"\" srcset=\"https:\/\/opter.com\/wp-content\/uploads\/2022\/02\/ringstad-transport-1600-1024x576.png 1024w, https:\/\/opter.com\/wp-content\/uploads\/2022\/02\/ringstad-transport-1600-300x169.png 300w, https:\/\/opter.com\/wp-content\/uploads\/2022\/02\/ringstad-transport-1600-768x432.png 768w, https:\/\/opter.com\/wp-content\/uploads\/2022\/02\/ringstad-transport-1600-1536x864.png 1536w, https:\/\/opter.com\/wp-content\/uploads\/2022\/02\/ringstad-transport-1600-1440x810.png 1440w, https:\/\/opter.com\/wp-content\/uploads\/2022\/02\/ringstad-transport-1600.png 1600w\" sizes=\"auto, (max-width: 1024px) 100vw, 1024px\" \/>\n    <\/div>\n    <h2 class=\"ImageHeadline-headline\">\u00abEn tjeneste som effektiviserer det daglige arbeidet.\u00bb<\/h2>\n<\/div>\n\n\n\n\n<p><a rel=\"noreferrer noopener\" href=\"https:\/\/www.ringstadtransport.no\/\" target=\"_blank\">Ringstad Transport<\/a>&nbsp;har vokst fort og de hadde behov for en ny, moderne og digital tjeneste for blant annet trafikkledelse. N\u00e5r det viste seg at flere av deres samarbeidspartnere allerede benyttet Opter, og at man da kan koble seg sammen digitalt via OpterLink blev valget av system enkelt.<\/p>\n\n\n\n<p>Befrakter Bj\u00f8rn Tore Simensen: \u00abOpters funksjoner som f.eks trafikkledelse, sj\u00e5f\u00f8rapp, Drag &amp; Drop og OpterLink, har bidratt til at vi kan fortsette og vokse uten at vi har trengt \u00e5 ansette flere i personalet. Det er en bra indikasjon p\u00e5 at systemet hjelper oss til \u00e5 effektivisere og digitalisere v\u00e5r organisasjon og v\u00e5rt daglige arbeid.\u00bb<\/p>\n\n\n\n<h3 class=\"wp-block-heading\">Bestill en demonstrasjon!<\/h3>\n\n\n\n<p>Vil du vite mer? Vi viser deg gjerne hvordan Opter kan effektivisere virksomheten din.<\/p>\n\n\n<div class=\"BookADemo\">\n    <a class=\"BookADemo-link\" href=\"\/no\/kontakt-oss\/bestill-demonstrasjon\/\">\n      Kontakt oss\n    <\/a>\n  <\/div>\n\n","protected":false},"excerpt":{"rendered":"<p>Ringstad Transport&nbsp;har vokst fort og de hadde behov for&hellip;<\/p>\n","protected":false},"author":18,"featured_media":7335,"parent":0,"menu_order":0,"comment_status":"closed","ping_status":"closed","template":"","meta":{"_acf_changed":false,"footnotes":""},"class_list":["post-3731","page","type-page","status-publish","has-post-thumbnail","hentry"],"acf":[],"_links":{"self":[{"href":"https:\/\/opter.com\/no\/wp-json\/wp\/v2\/pages\/3731","targetHints":{"allow":["GET"]}}],"collection":[{"href":"https:\/\/opter.com\/no\/wp-json\/wp\/v2\/pages"}],"about":[{"href":"https:\/\/opter.com\/no\/wp-json\/wp\/v2\/types\/page"}],"author":[{"embeddable":true,"href":"https:\/\/opter.com\/no\/wp-json\/wp\/v2\/users\/18"}],"replies":[{"embeddable":true,"href":"https:\/\/opter.com\/no\/wp-json\/wp\/v2\/comments?post=3731"}],"version-history":[{"count":16,"href":"https:\/\/opter.com\/no\/wp-json\/wp\/v2\/pages\/3731\/revisions"}],"predecessor-version":[{"id":8725,"href":"https:\/\/opter.com\/no\/wp-json\/wp\/v2\/pages\/3731\/revisions\/8725"}],"wp:featuredmedia":[{"embeddable":true,"href":"https:\/\/opter.com\/no\/wp-json\/wp\/v2\/media\/7335"}],"wp:attachment":[{"href":"https:\/\/opter.com\/no\/wp-json\/wp\/v2\/media?parent=3731"}],"curies":[{"name":"wp","href":"https:\/\/api.w.org\/{rel}","templated":true}]}}