{"id":3747,"date":"2021-02-25T16:42:20","date_gmt":"2021-02-25T15:42:20","guid":{"rendered":"https:\/\/opter.com\/?page_id=3747"},"modified":"2023-01-11T11:59:10","modified_gmt":"2023-01-11T10:59:10","slug":"flygfrakt","status":"publish","type":"page","link":"https:\/\/opter.com\/no\/flygfrakt\/","title":{"rendered":"Flygfrakt"},"content":{"rendered":"<div class=\"ImageHeadline\">\n      <div class=\"ImageHeadline-image\" style=\"background-image: url('https:\/\/opter.com\/wp-content\/uploads\/2022\/02\/opter-testimonials_flygfrakt-1024x567.png')\">\n      <img loading=\"lazy\" decoding=\"async\" width=\"1024\" height=\"567\" src=\"https:\/\/opter.com\/wp-content\/uploads\/2022\/02\/opter-testimonials_flygfrakt-1024x567.png\" class=\"ImageHeadline-img\" alt=\"\" srcset=\"https:\/\/opter.com\/wp-content\/uploads\/2022\/02\/opter-testimonials_flygfrakt-1024x567.png 1024w, https:\/\/opter.com\/wp-content\/uploads\/2022\/02\/opter-testimonials_flygfrakt-300x166.png 300w, https:\/\/opter.com\/wp-content\/uploads\/2022\/02\/opter-testimonials_flygfrakt-768x426.png 768w, https:\/\/opter.com\/wp-content\/uploads\/2022\/02\/opter-testimonials_flygfrakt.png 1200w\" sizes=\"auto, (max-width: 1024px) 100vw, 1024px\" \/>\n    <\/div>\n    <h2 class=\"ImageHeadline-headline\">\u00abMed Opter utvikler vi v\u00e5r virksomhet.\u00bb<\/h2>\n<\/div>\n\n\n\n\n<p>Hans J Nilsson, adm.dir. hos&nbsp;<a rel=\"noreferrer noopener\" style=\"user-select: auto;\" href=\"http:\/\/www.flygfrakt.se\/\" target=\"_blank\">Flygfrakt<\/a>,&nbsp;har v\u00e6rt en forn\u00f8yd kunde i ti \u00e5r. Alle Flygfrakts biler, sj\u00e5f\u00f8rer, trafikkledere og kunder bruker Opter, noe som ogs\u00e5 gj\u00f8r kommunikasjonen mellom dem enklere. Opter gj\u00f8r virksomheten mer effektiv i alle ledd.<\/p>\n\n\n\n<p>&laquo;Det er med Opter vi effektivt har formet v\u00e5r struktur og v\u00e5re prosesser. Samtidig har vi blitt inspirert til \u00e5 tenke i nye baner. Systemet er faktisk en forutsetning for at v\u00e5r bedrift skal fungere. Det er v\u00e5r ryggrad, og det hjelper oss med \u00e5 spare tid og penger.&raquo;<\/p>\n\n\n\n<h3 class=\"wp-block-heading\">Bestill en demonstrasjon!<\/h3>\n\n\n\n<p>Vil du vite mer? Vi viser deg gjerne hvordan Opter kan effektivisere virksomheten din.<\/p>\n\n\n<div class=\"BookADemo\">\n    <a class=\"BookADemo-link\" href=\"\/no\/kontakt-oss\/bestill-demonstrasjon\/\">\n      Kontakt oss\n    <\/a>\n  <\/div>\n\n","protected":false},"excerpt":{"rendered":"<p>Hans J Nilsson, adm.dir. hos&nbsp;Flygfrakt,&nbsp;har v\u00e6rt en forn\u00f8yd kunde&hellip;<\/p>\n","protected":false},"author":18,"featured_media":7258,"parent":0,"menu_order":0,"comment_status":"closed","ping_status":"closed","template":"","meta":{"_acf_changed":false,"footnotes":""},"class_list":["post-3747","page","type-page","status-publish","has-post-thumbnail","hentry"],"acf":[],"_links":{"self":[{"href":"https:\/\/opter.com\/no\/wp-json\/wp\/v2\/pages\/3747","targetHints":{"allow":["GET"]}}],"collection":[{"href":"https:\/\/opter.com\/no\/wp-json\/wp\/v2\/pages"}],"about":[{"href":"https:\/\/opter.com\/no\/wp-json\/wp\/v2\/types\/page"}],"author":[{"embeddable":true,"href":"https:\/\/opter.com\/no\/wp-json\/wp\/v2\/users\/18"}],"replies":[{"embeddable":true,"href":"https:\/\/opter.com\/no\/wp-json\/wp\/v2\/comments?post=3747"}],"version-history":[{"count":9,"href":"https:\/\/opter.com\/no\/wp-json\/wp\/v2\/pages\/3747\/revisions"}],"predecessor-version":[{"id":7476,"href":"https:\/\/opter.com\/no\/wp-json\/wp\/v2\/pages\/3747\/revisions\/7476"}],"wp:featuredmedia":[{"embeddable":true,"href":"https:\/\/opter.com\/no\/wp-json\/wp\/v2\/media\/7258"}],"wp:attachment":[{"href":"https:\/\/opter.com\/no\/wp-json\/wp\/v2\/media?parent=3747"}],"curies":[{"name":"wp","href":"https:\/\/api.w.org\/{rel}","templated":true}]}}