{"id":3761,"date":"2021-02-25T16:53:30","date_gmt":"2021-02-25T15:53:30","guid":{"rendered":"https:\/\/opter.com\/?page_id=3761"},"modified":"2023-08-16T14:11:50","modified_gmt":"2023-08-16T12:11:50","slug":"lillebil","status":"publish","type":"page","link":"https:\/\/opter.com\/no\/lillebil\/","title":{"rendered":"Lillebil"},"content":{"rendered":"<div class=\"ImageHeadline\">\n      <div class=\"ImageHeadline-image\" style=\"background-image: url('https:\/\/opter.com\/wp-content\/uploads\/2020\/10\/lillebil_michael_alkevik_960p-1.jpg')\">\n      <img loading=\"lazy\" decoding=\"async\" width=\"960\" height=\"540\" src=\"https:\/\/opter.com\/wp-content\/uploads\/2020\/10\/lillebil_michael_alkevik_960p-1.jpg\" class=\"ImageHeadline-img\" alt=\"\" \/>\n    <\/div>\n    <h2 class=\"ImageHeadline-headline\"> \u00abEt TMS-system som er utviklet for v\u00e5re behov.\u00bb<\/h2>\n<\/div>\n\n\n\n\n<p>Bud- og transportfirmaet&nbsp;<a rel=\"noreferrer noopener\" href=\"https:\/\/www.lillebil.se\/\" target=\"_blank\">Lillebil<\/a>&nbsp;s\u00e5 etter et system som ikke krevde skreddersydde l\u00f8sninger for \u00e5 kunne fungere for deres virksomhet. Det var ti \u00e5r siden. I dag har Lillebil et syttitalls kj\u00f8ret\u00f8yer og alle medarbeiderne bruker Opter.<\/p>\n\n\n\n<p>Michael Alkevik, deleier og prosjektansvarlig i Lillebil: \u201dDet at alle medarbeidere, fra trafikkledelse til sj\u00e5f\u00f8rer, arbeider i samme system, gj\u00f8r virksomheten v\u00e5r mer effektiv. Noen benytter bare de mest selvsagte delene av systemet, andre g\u00e5r dypere og l\u00e6rer seg kontinuerlig nye funksjoner. Vi f\u00e5r raskt ut riktig informasjon og medarbeiderne v\u00e5re p\u00e5 kontoret blir avlastet.\u201d<\/p>\n\n\n\n<h3 class=\"wp-block-heading\">Bestill en demonstrasjon!<\/h3>\n\n\n\n<p>Vil du vite mer? Vi viser deg gjerne hvordan Opter kan effektivisere virksomheten din.<\/p>\n\n\n<div class=\"BookADemo\">\n    <a class=\"BookADemo-link\" href=\"\/no\/kontakt-oss\/bestill-demonstrasjon\/\">\n      Kontakt oss\n    <\/a>\n  <\/div>\n\n","protected":false},"excerpt":{"rendered":"<p>Bud- og transportfirmaet&nbsp;Lillebil&nbsp;s\u00e5 etter et system som ikke krevde&hellip;<\/p>\n","protected":false},"author":18,"featured_media":890,"parent":0,"menu_order":0,"comment_status":"closed","ping_status":"closed","template":"","meta":{"_acf_changed":false,"footnotes":""},"class_list":["post-3761","page","type-page","status-publish","has-post-thumbnail","hentry"],"acf":[],"_links":{"self":[{"href":"https:\/\/opter.com\/no\/wp-json\/wp\/v2\/pages\/3761","targetHints":{"allow":["GET"]}}],"collection":[{"href":"https:\/\/opter.com\/no\/wp-json\/wp\/v2\/pages"}],"about":[{"href":"https:\/\/opter.com\/no\/wp-json\/wp\/v2\/types\/page"}],"author":[{"embeddable":true,"href":"https:\/\/opter.com\/no\/wp-json\/wp\/v2\/users\/18"}],"replies":[{"embeddable":true,"href":"https:\/\/opter.com\/no\/wp-json\/wp\/v2\/comments?post=3761"}],"version-history":[{"count":10,"href":"https:\/\/opter.com\/no\/wp-json\/wp\/v2\/pages\/3761\/revisions"}],"predecessor-version":[{"id":10184,"href":"https:\/\/opter.com\/no\/wp-json\/wp\/v2\/pages\/3761\/revisions\/10184"}],"wp:featuredmedia":[{"embeddable":true,"href":"https:\/\/opter.com\/no\/wp-json\/wp\/v2\/media\/890"}],"wp:attachment":[{"href":"https:\/\/opter.com\/no\/wp-json\/wp\/v2\/media?parent=3761"}],"curies":[{"name":"wp","href":"https:\/\/api.w.org\/{rel}","templated":true}]}}