{"id":3769,"date":"2021-02-25T17:00:32","date_gmt":"2021-02-25T16:00:32","guid":{"rendered":"https:\/\/opter.com\/?page_id=3769"},"modified":"2023-01-11T11:55:46","modified_gmt":"2023-01-11T10:55:46","slug":"ntex-inrikes","status":"publish","type":"page","link":"https:\/\/opter.com\/no\/ntex-inrikes\/","title":{"rendered":"Ntex Inrikes"},"content":{"rendered":"<div class=\"ImageHeadline\">\n      <div class=\"ImageHeadline-image\" style=\"background-image: url('https:\/\/opter.com\/wp-content\/uploads\/2020\/12\/fraktkompaniet-zebastian.jpg')\">\n      <img loading=\"lazy\" decoding=\"async\" width=\"960\" height=\"540\" src=\"https:\/\/opter.com\/wp-content\/uploads\/2020\/12\/fraktkompaniet-zebastian.jpg\" class=\"ImageHeadline-img\" alt=\"\" \/>\n    <\/div>\n    <h2 class=\"ImageHeadline-headline\">\u00abDet f\u00f8les trygt \u00e5 samarbeide med Opter.\u00bb<\/h2>\n<\/div>\n\n\n\n\n<p><a rel=\"noreferrer noopener\" href=\"https:\/\/fraktkompaniet.se\/\" target=\"_blank\">Ntex Inrikes<\/a>&nbsp;valgte Opter da de trengte et robust og p\u00e5litelig system til sin virksomhet. Dessuten brukte flere av deres transportfirmaer allerede Opter, noe som gjorde at de p\u00e5 en enkel og smidig m\u00e5te kunne koble seg sammen med sine leverand\u00f8rer.<\/p>\n\n\n\n<p>Zebastian Hasslinger, trafikksjef G\u00f6teborg: \u00abVi er veldig forn\u00f8yd med Opter siden det er et driftssikkert program som gj\u00f8r det daglige arbeidet v\u00e5rt enklere. Det er fremfor alt tilpasningsdyktig og fleksibelt. Det f\u00f8les trygt \u00e5 samarbeide med Opter og vi f\u00f8ler oss fortrolige med \u00e5 vokse sammen i fremtiden.\u00bb<\/p>\n\n\n\n<h3 class=\"wp-block-heading\">Bestill en demonstrasjon!<\/h3>\n\n\n\n<p>Vil du vite mer? Vi viser deg gjerne hvordan Opter kan effektivisere virksomheten din.<\/p>\n\n\n<div class=\"BookADemo\">\n    <a class=\"BookADemo-link\" href=\"\/no\/kontakt-oss\/bestill-demonstrasjon\/\">\n      Kontakt oss\n    <\/a>\n  <\/div>\n\n","protected":false},"excerpt":{"rendered":"<p>Ntex Inrikes&nbsp;valgte Opter da de trengte et robust og&hellip;<\/p>\n","protected":false},"author":18,"featured_media":2166,"parent":0,"menu_order":0,"comment_status":"closed","ping_status":"closed","template":"","meta":{"_acf_changed":false,"footnotes":""},"class_list":["post-3769","page","type-page","status-publish","has-post-thumbnail","hentry"],"acf":[],"_links":{"self":[{"href":"https:\/\/opter.com\/no\/wp-json\/wp\/v2\/pages\/3769","targetHints":{"allow":["GET"]}}],"collection":[{"href":"https:\/\/opter.com\/no\/wp-json\/wp\/v2\/pages"}],"about":[{"href":"https:\/\/opter.com\/no\/wp-json\/wp\/v2\/types\/page"}],"author":[{"embeddable":true,"href":"https:\/\/opter.com\/no\/wp-json\/wp\/v2\/users\/18"}],"replies":[{"embeddable":true,"href":"https:\/\/opter.com\/no\/wp-json\/wp\/v2\/comments?post=3769"}],"version-history":[{"count":8,"href":"https:\/\/opter.com\/no\/wp-json\/wp\/v2\/pages\/3769\/revisions"}],"predecessor-version":[{"id":7484,"href":"https:\/\/opter.com\/no\/wp-json\/wp\/v2\/pages\/3769\/revisions\/7484"}],"wp:featuredmedia":[{"embeddable":true,"href":"https:\/\/opter.com\/no\/wp-json\/wp\/v2\/media\/2166"}],"wp:attachment":[{"href":"https:\/\/opter.com\/no\/wp-json\/wp\/v2\/media?parent=3769"}],"curies":[{"name":"wp","href":"https:\/\/api.w.org\/{rel}","templated":true}]}}