{"id":4394,"date":"2021-04-07T16:15:51","date_gmt":"2021-04-07T14:15:51","guid":{"rendered":"https:\/\/opter.com\/?page_id=4394"},"modified":"2023-01-11T11:57:42","modified_gmt":"2023-01-11T10:57:42","slug":"bdx","status":"publish","type":"page","link":"https:\/\/opter.com\/no\/bdx\/","title":{"rendered":"BDX"},"content":{"rendered":"<div class=\"ImageHeadline\">\n      <div class=\"ImageHeadline-image\" style=\"background-image: url('https:\/\/opter.com\/wp-content\/uploads\/2022\/02\/bdx-mattias-eriksson-1600-1024x576.png')\">\n      <img loading=\"lazy\" decoding=\"async\" width=\"1024\" height=\"576\" src=\"https:\/\/opter.com\/wp-content\/uploads\/2022\/02\/bdx-mattias-eriksson-1600-1024x576.png\" class=\"ImageHeadline-img\" alt=\"\" srcset=\"https:\/\/opter.com\/wp-content\/uploads\/2022\/02\/bdx-mattias-eriksson-1600-1024x576.png 1024w, https:\/\/opter.com\/wp-content\/uploads\/2022\/02\/bdx-mattias-eriksson-1600-300x169.png 300w, https:\/\/opter.com\/wp-content\/uploads\/2022\/02\/bdx-mattias-eriksson-1600-768x432.png 768w, https:\/\/opter.com\/wp-content\/uploads\/2022\/02\/bdx-mattias-eriksson-1600-1536x864.png 1536w, https:\/\/opter.com\/wp-content\/uploads\/2022\/02\/bdx-mattias-eriksson-1600-1440x810.png 1440w, https:\/\/opter.com\/wp-content\/uploads\/2022\/02\/bdx-mattias-eriksson-1600.png 1600w\" sizes=\"auto, (max-width: 1024px) 100vw, 1024px\" \/>\n    <\/div>\n    <h2 class=\"ImageHeadline-headline\">\u00abEt system som passer v\u00e5re behov.\u00bb<\/h2>\n<\/div>\n\n\n\n\n<p><a href=\"https:\/\/bdx.se\/\">BDX<\/a> har brukt Opter til sin logistikkvirksomhet siden 2013. Valget falt p\u00e5 Opter siden det passer deres behov for \u00e5 ha trafikklederen i sentrum og velutviklede funksjoner for h\u00e5ndtering av kolli, ordrer og oppdrag.<\/p>\n\n\n\n<p>\u00abSystemet har smarte funksjoner som gj\u00f8r hverdagen v\u00e5r lettere\u00bb, sier Mattias Eriksson, prosjektleder innen systemutvikling hos BDX.<\/p>\n\n\n\n<p>BDX skaper innovative helhetsl\u00f8sninger som l\u00f8ser kundenes behov innen logistikk-, entrepren\u00f8r- og industritjenester. De arbeider over hele landet, men har fremfor alt nordlige Sverige som sitt hjemmemarked. BDX har 275 medleverand\u00f8rer, som til sammen har 1600 maskiner og kj\u00f8ret\u00f8y som utf\u00f8rer oppdrag for kundene deres. Hver medleverand\u00f8r har i sin tur som regel egne ansatte, noe som gj\u00f8r BDX til en uvanlig stor sm\u00e5bedrift med hele 1900 profesjonelle f\u00f8rere.<\/p>\n\n\n\n<p>\u00abVi har veldig mange oppdrag og interessenter, noe som gj\u00f8r at vi bruker de fleste av Opters funksjoner. De funksjonene vi bruker er: ordremottak, EDI, nett, opprettelse av ordrer, trafikkstyring, ruteoptimering, OpterLink, kj\u00f8ret\u00f8yskommunikasjon, skanning, ordrekontroll, fakturering, avregning samt statistikk\u00bb sier Mattias Eriksson.<\/p>\n\n\n\n<p>Opter gj\u00f8r det ogs\u00e5 mulig for BDX \u00e5 digitalisere alle ordrene og f\u00f8lge en standardisert ordreprosess, noe som gir merverdi for kundene i form av tydelighet, n\u00f8yaktighet og kontroll for alle interessenter. \u00abLogistikkavdelingen v\u00e5r har vokst og hatt en veldig positiv utvikling de siste 10 \u00e5rene. Opters system er \u00e9n av faktorene som bidrar til dette\u00bb, avslutter Mattias.<\/p>\n\n\n\n<h3 class=\"wp-block-heading\">Bestill en demonstrasjon!<\/h3>\n\n\n\n<p>Vil du vite mer? Vi viser deg gjerne hvordan Opter kan effektivisere virksomheten din.<\/p>\n\n\n<div class=\"BookADemo\">\n    <a class=\"BookADemo-link\" href=\"\/no\/kontakt-oss\/bestill-demonstrasjon\/\">\n      Kontakt oss\n    <\/a>\n  <\/div>\n\n","protected":false},"excerpt":{"rendered":"<p>BDX har brukt Opter til sin logistikkvirksomhet siden 2013.&hellip;<\/p>\n","protected":false},"author":11,"featured_media":7296,"parent":0,"menu_order":0,"comment_status":"closed","ping_status":"closed","template":"","meta":{"_acf_changed":false,"footnotes":""},"class_list":["post-4394","page","type-page","status-publish","has-post-thumbnail","hentry"],"acf":[],"_links":{"self":[{"href":"https:\/\/opter.com\/no\/wp-json\/wp\/v2\/pages\/4394","targetHints":{"allow":["GET"]}}],"collection":[{"href":"https:\/\/opter.com\/no\/wp-json\/wp\/v2\/pages"}],"about":[{"href":"https:\/\/opter.com\/no\/wp-json\/wp\/v2\/types\/page"}],"author":[{"embeddable":true,"href":"https:\/\/opter.com\/no\/wp-json\/wp\/v2\/users\/11"}],"replies":[{"embeddable":true,"href":"https:\/\/opter.com\/no\/wp-json\/wp\/v2\/comments?post=4394"}],"version-history":[{"count":10,"href":"https:\/\/opter.com\/no\/wp-json\/wp\/v2\/pages\/4394\/revisions"}],"predecessor-version":[{"id":7490,"href":"https:\/\/opter.com\/no\/wp-json\/wp\/v2\/pages\/4394\/revisions\/7490"}],"wp:featuredmedia":[{"embeddable":true,"href":"https:\/\/opter.com\/no\/wp-json\/wp\/v2\/media\/7296"}],"wp:attachment":[{"href":"https:\/\/opter.com\/no\/wp-json\/wp\/v2\/media?parent=4394"}],"curies":[{"name":"wp","href":"https:\/\/api.w.org\/{rel}","templated":true}]}}